{"id":9581,"date":"2025-06-29T12:49:55","date_gmt":"2025-06-29T10:49:55","guid":{"rendered":"https:\/\/uj.adatbank.ro\/lexikon\/termek\/haltrich-gheorghe-i\/"},"modified":"2025-06-29T12:49:55","modified_gmt":"2025-06-29T10:49:55","slug":"haltrich-gheorghe-i","status":"publish","type":"product","link":"https:\/\/uj.adatbank.ro\/lexikon\/termek\/haltrich-gheorghe-i\/","title":{"rendered":"HALTRICH Gheorghe I."},"content":{"rendered":"<p>? \u2020\u00a0? : gy\u00e1ros. \u2013 Sz\u00e1szr\u00e9genben foglalkozott b\u0151riparral, b\u0151ripari term\u00e9kek k\u00e9sz\u00edt\u00e9s\u00e9vel (1926). <br \/><strong>Irod.:<\/strong> Pan\u0103<\/br><\/p>\n","protected":false},"excerpt":{"rendered":"<p>? \u2020\u00a0? : gy\u00e1ros. \u2013 Sz\u00e1szr\u00e9genben foglalkozott b\u0151riparral, b\u0151ripari term\u00e9kek k\u00e9sz\u00edt\u00e9s\u00e9vel (1926). Irod.: Pan\u0103<\/p>\n","protected":false},"featured_media":0,"comment_status":"open","ping_status":"closed","template":"","meta":[],"product_brand":[],"product_cat":[137],"product_tag":[],"class_list":{"0":"post-9581","1":"product","2":"type-product","3":"status-publish","5":"product_cat-maros-megyei-eletrajzi-lexikon","7":"first","8":"instock","9":"shipping-taxable","10":"product-type-simple"},"_links":{"self":[{"href":"https:\/\/uj.adatbank.ro\/lexikon\/wp-json\/wp\/v2\/product\/9581","targetHints":{"allow":["GET"]}}],"collection":[{"href":"https:\/\/uj.adatbank.ro\/lexikon\/wp-json\/wp\/v2\/product"}],"about":[{"href":"https:\/\/uj.adatbank.ro\/lexikon\/wp-json\/wp\/v2\/types\/product"}],"replies":[{"embeddable":true,"href":"https:\/\/uj.adatbank.ro\/lexikon\/wp-json\/wp\/v2\/comments?post=9581"}],"wp:attachment":[{"href":"https:\/\/uj.adatbank.ro\/lexikon\/wp-json\/wp\/v2\/media?parent=9581"}],"wp:term":[{"taxonomy":"product_brand","embeddable":true,"href":"https:\/\/uj.adatbank.ro\/lexikon\/wp-json\/wp\/v2\/product_brand?post=9581"},{"taxonomy":"product_cat","embeddable":true,"href":"https:\/\/uj.adatbank.ro\/lexikon\/wp-json\/wp\/v2\/product_cat?post=9581"},{"taxonomy":"product_tag","embeddable":true,"href":"https:\/\/uj.adatbank.ro\/lexikon\/wp-json\/wp\/v2\/product_tag?post=9581"}],"curies":[{"name":"wp","href":"https:\/\/api.w.org\/{rel}","templated":true}]}}