{"id":9582,"date":"2025-06-29T12:49:57","date_gmt":"2025-06-29T10:49:57","guid":{"rendered":"https:\/\/uj.adatbank.ro\/lexikon\/termek\/haltrich-gyula\/"},"modified":"2025-06-29T12:49:57","modified_gmt":"2025-06-29T10:49:57","slug":"haltrich-gyula","status":"publish","type":"product","link":"https:\/\/uj.adatbank.ro\/lexikon\/termek\/haltrich-gyula\/","title":{"rendered":"HALTRICH Gyula"},"content":{"rendered":"<p>? \u2020\u00a0? : m\u00e9rn\u00f6k- igazgat\u00f3. \u2013 A b\u0151rgy\u00e1rt\u00e1s szak\u00e9rt\u0151je, ismereteit Eur\u00f3pa legjelenyt\u00e9kenyebb gy\u00e1raiban \u00e9s Amerik\u00e1ban t\u00f6k\u00e9letes\u00edtette. Igazgat\u00f3ja a Medgyesfalvi B\u0151rgy\u00e1r Rt. -nek, amelyet kezdem\u00e9nyez\u00e9s\u00e9re alap\u00edtott\u00e1k (1922), a Mv.-i Agr\u00e1r Takar\u00e9kp\u00e9nzt\u00e1r Rt. (1927 \u00e9v v\u00e9g\u00e9ig), majd a buk.-i Marmorosch Blank \u00e9rdekk\u00f6r\u00e9be tartozott. <br \/><strong>Irod.:<\/strong> EBKL<\/br><\/p>\n","protected":false},"excerpt":{"rendered":"<p>? \u2020\u00a0? : m\u00e9rn\u00f6k- igazgat\u00f3. \u2013 A b\u0151rgy\u00e1rt\u00e1s szak\u00e9rt\u0151je, ismereteit Eur\u00f3pa legjelenyt\u00e9kenyebb gy\u00e1raiban \u00e9s Amerik\u00e1ban t\u00f6k\u00e9letes\u00edtette. Igazgat\u00f3ja a Medgyesfalvi B\u0151rgy\u00e1r Rt. -nek, amelyet kezdem\u00e9nyez\u00e9s\u00e9re alap\u00edtott\u00e1k (1922), a Mv.-i Agr\u00e1r Takar\u00e9kp\u00e9nzt\u00e1r Rt. (1927 \u00e9v v\u00e9g\u00e9ig), majd a buk.-i Marmorosch Blank \u00e9rdekk\u00f6r\u00e9be tartozott. Irod.: EBKL<\/p>\n","protected":false},"featured_media":0,"comment_status":"open","ping_status":"closed","template":"","meta":[],"product_brand":[],"product_cat":[137],"product_tag":[],"class_list":{"0":"post-9582","1":"product","2":"type-product","3":"status-publish","5":"product_cat-maros-megyei-eletrajzi-lexikon","7":"first","8":"instock","9":"shipping-taxable","10":"product-type-simple"},"_links":{"self":[{"href":"https:\/\/uj.adatbank.ro\/lexikon\/wp-json\/wp\/v2\/product\/9582","targetHints":{"allow":["GET"]}}],"collection":[{"href":"https:\/\/uj.adatbank.ro\/lexikon\/wp-json\/wp\/v2\/product"}],"about":[{"href":"https:\/\/uj.adatbank.ro\/lexikon\/wp-json\/wp\/v2\/types\/product"}],"replies":[{"embeddable":true,"href":"https:\/\/uj.adatbank.ro\/lexikon\/wp-json\/wp\/v2\/comments?post=9582"}],"wp:attachment":[{"href":"https:\/\/uj.adatbank.ro\/lexikon\/wp-json\/wp\/v2\/media?parent=9582"}],"wp:term":[{"taxonomy":"product_brand","embeddable":true,"href":"https:\/\/uj.adatbank.ro\/lexikon\/wp-json\/wp\/v2\/product_brand?post=9582"},{"taxonomy":"product_cat","embeddable":true,"href":"https:\/\/uj.adatbank.ro\/lexikon\/wp-json\/wp\/v2\/product_cat?post=9582"},{"taxonomy":"product_tag","embeddable":true,"href":"https:\/\/uj.adatbank.ro\/lexikon\/wp-json\/wp\/v2\/product_tag?post=9582"}],"curies":[{"name":"wp","href":"https:\/\/api.w.org\/{rel}","templated":true}]}}