{"id":9587,"date":"2025-06-29T12:50:08","date_gmt":"2025-06-29T10:50:08","guid":{"rendered":"https:\/\/uj.adatbank.ro\/lexikon\/termek\/haltrich-konrad-2\/"},"modified":"2025-06-29T12:50:08","modified_gmt":"2025-06-29T10:50:08","slug":"haltrich-konrad-2","status":"publish","type":"product","link":"https:\/\/uj.adatbank.ro\/lexikon\/termek\/haltrich-konrad-2\/","title":{"rendered":"HALTRICH Konr\u00e1d"},"content":{"rendered":"<p>Segesv\u00e1r, ? \u2020\u00a0? : egyetemi hallgat\u00f3. \u2013 I. vh.-ban hadapr\u00f3d, a bp.-i K. M. TE orvoshallgat\u00f3jak\u00e9nt. Hadifogs\u00e1gba jutott Przemysln\u00e9l (1915. m\u00e1rc. 23.). <br \/><strong>Irod.:<\/strong> Pro patria<\/br><\/p>\n","protected":false},"excerpt":{"rendered":"<p>Segesv\u00e1r, ? \u2020\u00a0? : egyetemi hallgat\u00f3. \u2013 I. vh.-ban hadapr\u00f3d, a bp.-i K. M. TE orvoshallgat\u00f3jak\u00e9nt. Hadifogs\u00e1gba jutott Przemysln\u00e9l (1915. m\u00e1rc. 23.). Irod.: Pro patria<\/p>\n","protected":false},"featured_media":0,"comment_status":"open","ping_status":"closed","template":"","meta":[],"product_brand":[],"product_cat":[137],"product_tag":[],"class_list":{"0":"post-9587","1":"product","2":"type-product","3":"status-publish","5":"product_cat-maros-megyei-eletrajzi-lexikon","7":"first","8":"instock","9":"shipping-taxable","10":"product-type-simple"},"_links":{"self":[{"href":"https:\/\/uj.adatbank.ro\/lexikon\/wp-json\/wp\/v2\/product\/9587","targetHints":{"allow":["GET"]}}],"collection":[{"href":"https:\/\/uj.adatbank.ro\/lexikon\/wp-json\/wp\/v2\/product"}],"about":[{"href":"https:\/\/uj.adatbank.ro\/lexikon\/wp-json\/wp\/v2\/types\/product"}],"replies":[{"embeddable":true,"href":"https:\/\/uj.adatbank.ro\/lexikon\/wp-json\/wp\/v2\/comments?post=9587"}],"wp:attachment":[{"href":"https:\/\/uj.adatbank.ro\/lexikon\/wp-json\/wp\/v2\/media?parent=9587"}],"wp:term":[{"taxonomy":"product_brand","embeddable":true,"href":"https:\/\/uj.adatbank.ro\/lexikon\/wp-json\/wp\/v2\/product_brand?post=9587"},{"taxonomy":"product_cat","embeddable":true,"href":"https:\/\/uj.adatbank.ro\/lexikon\/wp-json\/wp\/v2\/product_cat?post=9587"},{"taxonomy":"product_tag","embeddable":true,"href":"https:\/\/uj.adatbank.ro\/lexikon\/wp-json\/wp\/v2\/product_tag?post=9587"}],"curies":[{"name":"wp","href":"https:\/\/api.w.org\/{rel}","templated":true}]}}