{"id":9588,"date":"2025-06-29T12:50:09","date_gmt":"2025-06-29T10:50:09","guid":{"rendered":"https:\/\/uj.adatbank.ro\/lexikon\/termek\/haltrich-michael\/"},"modified":"2025-06-29T12:50:09","modified_gmt":"2025-06-29T10:50:09","slug":"haltrich-michael","status":"publish","type":"product","link":"https:\/\/uj.adatbank.ro\/lexikon\/termek\/haltrich-michael\/","title":{"rendered":"HALTRICH Michael"},"content":{"rendered":"<p>Sz\u00e1szr\u00e9gen, 1790. szept. 1., \u2020 B\u00e1tos, 1858. j\u00fal. 20.: lelk\u00e9sz, tan\u00e1r. \u2013 Tanult T\u00fcbingenben teol\u00f3gi\u00e1t (1815); a sz\u00e1szr\u00e9geni sz\u00e1sz ev. gimn. rektora (1815\u201323), lelk\u00e9sz Petel\u00e9n (1830\u201354); B\u00e1toson (1854\u201358). <br \/><strong>Irod.:<\/strong> Regh. cult. 8.; Szab\u00f3\u2013Sz\u00f6gi<\/br><\/p>\n","protected":false},"excerpt":{"rendered":"<p>Sz\u00e1szr\u00e9gen, 1790. szept. 1., \u2020 B\u00e1tos, 1858. j\u00fal. 20.: lelk\u00e9sz, tan\u00e1r. \u2013 Tanult T\u00fcbingenben teol\u00f3gi\u00e1t (1815); a sz\u00e1szr\u00e9geni sz\u00e1sz ev. gimn. rektora (1815\u201323), lelk\u00e9sz Petel\u00e9n (1830\u201354); B\u00e1toson (1854\u201358). Irod.: Regh. cult. 8.; Szab\u00f3\u2013Sz\u00f6gi<\/p>\n","protected":false},"featured_media":0,"comment_status":"open","ping_status":"closed","template":"","meta":[],"product_brand":[],"product_cat":[137],"product_tag":[],"class_list":{"0":"post-9588","1":"product","2":"type-product","3":"status-publish","5":"product_cat-maros-megyei-eletrajzi-lexikon","7":"first","8":"instock","9":"shipping-taxable","10":"product-type-simple"},"_links":{"self":[{"href":"https:\/\/uj.adatbank.ro\/lexikon\/wp-json\/wp\/v2\/product\/9588","targetHints":{"allow":["GET"]}}],"collection":[{"href":"https:\/\/uj.adatbank.ro\/lexikon\/wp-json\/wp\/v2\/product"}],"about":[{"href":"https:\/\/uj.adatbank.ro\/lexikon\/wp-json\/wp\/v2\/types\/product"}],"replies":[{"embeddable":true,"href":"https:\/\/uj.adatbank.ro\/lexikon\/wp-json\/wp\/v2\/comments?post=9588"}],"wp:attachment":[{"href":"https:\/\/uj.adatbank.ro\/lexikon\/wp-json\/wp\/v2\/media?parent=9588"}],"wp:term":[{"taxonomy":"product_brand","embeddable":true,"href":"https:\/\/uj.adatbank.ro\/lexikon\/wp-json\/wp\/v2\/product_brand?post=9588"},{"taxonomy":"product_cat","embeddable":true,"href":"https:\/\/uj.adatbank.ro\/lexikon\/wp-json\/wp\/v2\/product_cat?post=9588"},{"taxonomy":"product_tag","embeddable":true,"href":"https:\/\/uj.adatbank.ro\/lexikon\/wp-json\/wp\/v2\/product_tag?post=9588"}],"curies":[{"name":"wp","href":"https:\/\/api.w.org\/{rel}","templated":true}]}}