{"id":9589,"date":"2025-06-29T12:50:11","date_gmt":"2025-06-29T10:50:11","guid":{"rendered":"https:\/\/uj.adatbank.ro\/lexikon\/termek\/haltrich-rudolf\/"},"modified":"2025-06-29T12:50:11","modified_gmt":"2025-06-29T10:50:11","slug":"haltrich-rudolf","status":"publish","type":"product","link":"https:\/\/uj.adatbank.ro\/lexikon\/termek\/haltrich-rudolf\/","title":{"rendered":"HALTRICH Rudolf"},"content":{"rendered":"<p>? \u2020\u00a0?: tan\u00e1r. \u2013 A sz\u00e1szr\u00e9geni M. Tannyelv\u0171 Pedag\u00f3giai Iskol\u00e1ban tan\u00edtott (1949\u2013). \u2013 Irod.: Csern\u00e1toni<\/br><\/p>\n","protected":false},"excerpt":{"rendered":"<p>? \u2020\u00a0?: tan\u00e1r. \u2013 A sz\u00e1szr\u00e9geni M. Tannyelv\u0171 Pedag\u00f3giai Iskol\u00e1ban tan\u00edtott (1949\u2013). \u2013 Irod.: Csern\u00e1toni<\/p>\n","protected":false},"featured_media":0,"comment_status":"open","ping_status":"closed","template":"","meta":[],"product_brand":[],"product_cat":[137],"product_tag":[],"class_list":{"0":"post-9589","1":"product","2":"type-product","3":"status-publish","5":"product_cat-maros-megyei-eletrajzi-lexikon","7":"first","8":"instock","9":"shipping-taxable","10":"product-type-simple"},"_links":{"self":[{"href":"https:\/\/uj.adatbank.ro\/lexikon\/wp-json\/wp\/v2\/product\/9589","targetHints":{"allow":["GET"]}}],"collection":[{"href":"https:\/\/uj.adatbank.ro\/lexikon\/wp-json\/wp\/v2\/product"}],"about":[{"href":"https:\/\/uj.adatbank.ro\/lexikon\/wp-json\/wp\/v2\/types\/product"}],"replies":[{"embeddable":true,"href":"https:\/\/uj.adatbank.ro\/lexikon\/wp-json\/wp\/v2\/comments?post=9589"}],"wp:attachment":[{"href":"https:\/\/uj.adatbank.ro\/lexikon\/wp-json\/wp\/v2\/media?parent=9589"}],"wp:term":[{"taxonomy":"product_brand","embeddable":true,"href":"https:\/\/uj.adatbank.ro\/lexikon\/wp-json\/wp\/v2\/product_brand?post=9589"},{"taxonomy":"product_cat","embeddable":true,"href":"https:\/\/uj.adatbank.ro\/lexikon\/wp-json\/wp\/v2\/product_cat?post=9589"},{"taxonomy":"product_tag","embeddable":true,"href":"https:\/\/uj.adatbank.ro\/lexikon\/wp-json\/wp\/v2\/product_tag?post=9589"}],"curies":[{"name":"wp","href":"https:\/\/api.w.org\/{rel}","templated":true}]}}