{"id":9592,"date":"2025-06-29T12:50:17","date_gmt":"2025-06-29T10:50:17","guid":{"rendered":"https:\/\/uj.adatbank.ro\/lexikon\/termek\/hamary-bela\/"},"modified":"2025-06-29T12:50:17","modified_gmt":"2025-06-29T10:50:17","slug":"hamary-bela","status":"publish","type":"product","link":"https:\/\/uj.adatbank.ro\/lexikon\/termek\/hamary-bela\/","title":{"rendered":"HAMARY B\u00e9la"},"content":{"rendered":"<p>K\u00fck\u00fcll\u0151domb\u00f3, 1854. nov. 27., \u2020\u00a0?: dr. jur. alezredes, hadb\u00edr\u00f3, \u00fcgyv\u00e9d. \u2013 A gimn. -ot Nagyszebenben, a jogot Kv.-on v\u00e9gezte, \u00e9s jogi doktori diplom\u00e1t szerzett (1878). A nagyszebeni kincst\u00e1ri uradalmi \u00fcgy\u00e9szs\u00e9gn\u00e9l fogalmaz\u00f3 gyakornok \u00e9s \u00fcgyv\u00e9djel\u00f6lt. (1978\u201383); honv\u00e9db\u00edr\u00f3i p\u00e1ly\u00e1ra l\u00e9pett (1883\u2013): f\u0151hadnagy (1884), sz\u00e1zados hadb\u00edr\u00f3 Kv.-on (1886), \u0151rnagy hadb\u00edr\u00f3 (1896); nyugd\u00edjba ment \u00e9s \u00fcgyv\u00e9di irod\u00e1t nyitott Bp.-en (1901\u201332.); a Ludovika Akad. tan\u00e1ra (1888\u201393). Katonai b\u00fcntet\u0151jogi fejteget\u00e9seket \u00e9s k\u00f6nyvismertet\u00e9seket k\u00f6z\u00f6lt a Ludovica Akad\u00e9mia K\u00f6zl\u00f6ny\u00e9ben. \u2013 <strong>F. m.:<\/strong> A magyar mag\u00e1n \u00e9s k\u00f6zjog, \u00e1ltal\u00e1nos nemzetk\u00f6zi jog, valaminta katonai b\u00fcntet\u0151jog \u00e9s a becs\u00fclet\u00fcgyi elj\u00e1r\u00e1s alapelvei (Bp., 1890); A h\u00e1bor\u00far\u00f3l. Clausewitz ut\u00e1n ford. Hazai Samu honv\u00e9dsz\u00e1zadossal (Bp., 1892). <br \/><strong>Irod.:<\/strong> Guly\u00e1s; Szinnyei<\/br><\/p>\n","protected":false},"excerpt":{"rendered":"<p>K\u00fck\u00fcll\u0151domb\u00f3, 1854. nov. 27., \u2020\u00a0?: dr. jur. alezredes, hadb\u00edr\u00f3, \u00fcgyv\u00e9d. \u2013 A gimn. -ot Nagyszebenben, a jogot Kv.-on v\u00e9gezte, \u00e9s jogi doktori diplom\u00e1t szerzett (1878). A nagyszebeni kincst\u00e1ri uradalmi \u00fcgy\u00e9szs\u00e9gn\u00e9l fogalmaz\u00f3 gyakornok \u00e9s \u00fcgyv\u00e9djel\u00f6lt. (1978\u201383); honv\u00e9db\u00edr\u00f3i p\u00e1ly\u00e1ra l\u00e9pett (1883\u2013): f\u0151hadnagy (1884), sz\u00e1zados hadb\u00edr\u00f3 Kv.-on (1886), \u0151rnagy hadb\u00edr\u00f3 (1896); nyugd\u00edjba ment \u00e9s \u00fcgyv\u00e9di irod\u00e1t nyitott Bp.-en [&hellip;]<\/p>\n","protected":false},"featured_media":0,"comment_status":"open","ping_status":"closed","template":"","meta":[],"product_brand":[],"product_cat":[137],"product_tag":[],"class_list":{"0":"post-9592","1":"product","2":"type-product","3":"status-publish","5":"product_cat-maros-megyei-eletrajzi-lexikon","7":"first","8":"instock","9":"shipping-taxable","10":"product-type-simple"},"_links":{"self":[{"href":"https:\/\/uj.adatbank.ro\/lexikon\/wp-json\/wp\/v2\/product\/9592","targetHints":{"allow":["GET"]}}],"collection":[{"href":"https:\/\/uj.adatbank.ro\/lexikon\/wp-json\/wp\/v2\/product"}],"about":[{"href":"https:\/\/uj.adatbank.ro\/lexikon\/wp-json\/wp\/v2\/types\/product"}],"replies":[{"embeddable":true,"href":"https:\/\/uj.adatbank.ro\/lexikon\/wp-json\/wp\/v2\/comments?post=9592"}],"wp:attachment":[{"href":"https:\/\/uj.adatbank.ro\/lexikon\/wp-json\/wp\/v2\/media?parent=9592"}],"wp:term":[{"taxonomy":"product_brand","embeddable":true,"href":"https:\/\/uj.adatbank.ro\/lexikon\/wp-json\/wp\/v2\/product_brand?post=9592"},{"taxonomy":"product_cat","embeddable":true,"href":"https:\/\/uj.adatbank.ro\/lexikon\/wp-json\/wp\/v2\/product_cat?post=9592"},{"taxonomy":"product_tag","embeddable":true,"href":"https:\/\/uj.adatbank.ro\/lexikon\/wp-json\/wp\/v2\/product_tag?post=9592"}],"curies":[{"name":"wp","href":"https:\/\/api.w.org\/{rel}","templated":true}]}}