{"id":9593,"date":"2025-06-29T12:50:18","date_gmt":"2025-06-29T10:50:18","guid":{"rendered":"https:\/\/uj.adatbank.ro\/lexikon\/termek\/hamerin-erzsebet\/"},"modified":"2025-06-29T12:50:18","modified_gmt":"2025-06-29T10:50:18","slug":"hamerin-erzsebet","status":"publish","type":"product","link":"https:\/\/uj.adatbank.ro\/lexikon\/termek\/hamerin-erzsebet\/","title":{"rendered":"HAMERIN Erzs\u00e9bet"},"content":{"rendered":"<p>?., \u2020\u00a0Mv., 1754.: terci\u00e1rius. \u2013 A mv.-i egykori obszerv\u00e1ns ferences kolostortemplom kript\u00e1j\u00e1ba temett\u00e9k. <br \/><strong>Irod.:<\/strong> Mv.-i \u00f6rm\u00e9nyek<\/br><\/p>\n","protected":false},"excerpt":{"rendered":"<p>?., \u2020\u00a0Mv., 1754.: terci\u00e1rius. \u2013 A mv.-i egykori obszerv\u00e1ns ferences kolostortemplom kript\u00e1j\u00e1ba temett\u00e9k. Irod.: Mv.-i \u00f6rm\u00e9nyek<\/p>\n","protected":false},"featured_media":0,"comment_status":"open","ping_status":"closed","template":"","meta":[],"product_brand":[],"product_cat":[137],"product_tag":[],"class_list":{"0":"post-9593","1":"product","2":"type-product","3":"status-publish","5":"product_cat-maros-megyei-eletrajzi-lexikon","7":"first","8":"instock","9":"shipping-taxable","10":"product-type-simple"},"_links":{"self":[{"href":"https:\/\/uj.adatbank.ro\/lexikon\/wp-json\/wp\/v2\/product\/9593","targetHints":{"allow":["GET"]}}],"collection":[{"href":"https:\/\/uj.adatbank.ro\/lexikon\/wp-json\/wp\/v2\/product"}],"about":[{"href":"https:\/\/uj.adatbank.ro\/lexikon\/wp-json\/wp\/v2\/types\/product"}],"replies":[{"embeddable":true,"href":"https:\/\/uj.adatbank.ro\/lexikon\/wp-json\/wp\/v2\/comments?post=9593"}],"wp:attachment":[{"href":"https:\/\/uj.adatbank.ro\/lexikon\/wp-json\/wp\/v2\/media?parent=9593"}],"wp:term":[{"taxonomy":"product_brand","embeddable":true,"href":"https:\/\/uj.adatbank.ro\/lexikon\/wp-json\/wp\/v2\/product_brand?post=9593"},{"taxonomy":"product_cat","embeddable":true,"href":"https:\/\/uj.adatbank.ro\/lexikon\/wp-json\/wp\/v2\/product_cat?post=9593"},{"taxonomy":"product_tag","embeddable":true,"href":"https:\/\/uj.adatbank.ro\/lexikon\/wp-json\/wp\/v2\/product_tag?post=9593"}],"curies":[{"name":"wp","href":"https:\/\/api.w.org\/{rel}","templated":true}]}}