{"id":9594,"date":"2025-06-29T12:50:19","date_gmt":"2025-06-29T10:50:19","guid":{"rendered":"https:\/\/uj.adatbank.ro\/lexikon\/termek\/hamlet-aron\/"},"modified":"2025-06-29T12:50:19","modified_gmt":"2025-06-29T10:50:19","slug":"hamlet-aron","status":"publish","type":"product","link":"https:\/\/uj.adatbank.ro\/lexikon\/termek\/hamlet-aron\/","title":{"rendered":"HAMLET \u00c1ron"},"content":{"rendered":"<p>Marosbog\u00e1t, 1898., \u2020\u00a0? : t\u00fck\u00f6rgy\u00e1ros, labdar\u00fag\u00f3b\u00edr\u00f3. \u2013 H. Ioan \/ J\u00e1nos \u00e9s Roz\u00e1lia fia. Testv\u00e9rei: Jakab \u00e9s B\u00e9la. \u2013 A k\u00f6z\u00e9piskola elv\u00e9gz\u00e9se ut\u00e1n el\u0151bb a Rom\u00e1n Vas\u00fatn\u00e1l, azut\u00e1n Kv.-on a Bogn\u00e1r \u00e9s Sz\u00e1nt\u00f3 Lik\u00f6rgy\u00e1rban tisztvisel\u0151k\u00e9nt dolgozott, megtanulta a t\u00fck\u00f6rgy\u00e1rt\u00e1st \u00e9s \u00fcvegcs\u00edszol\u00e1st, \u00f6ccs\u00e9vel, B\u00e9l\u00e1val, l\u00e9trehozt\u00e1k a \u201eFra\u0163ii Hamlet\u201d-f\u00e9le t\u00fck\u00f6rgy\u00e1rat Mv.-en (1929\u2013). Szenved\u00e9lyes sportemberk\u00e9nt \u00e9s mint sz\u00f6vets\u00e9gi b\u00edr\u00f3, a v\u00e1ros egyik legkedveltebb labdar\u00fag\u00f3b\u00edr\u00f3ja volt. T\u00f6bb v\u00e1rosi sportegyletnek volt tagja. Sokat tett a v\u00e1ros zsid\u00f3s\u00e1g\u00e1\u00e9rt, tagja volt a Zsid\u00f3 Iparosok Egyes\u00fclet\u00e9nek. Mv. -r\u0151l deport\u00e1lt\u00e1k (1944. m\u00e1j. 29.). <br \/><strong>Irod.:<\/strong> Lexiconul vie\u0163ii publice; Mv. zsid\u00f3s\u00e1ga<\/br><\/p>\n","protected":false},"excerpt":{"rendered":"<p>Marosbog\u00e1t, 1898., \u2020\u00a0? : t\u00fck\u00f6rgy\u00e1ros, labdar\u00fag\u00f3b\u00edr\u00f3. \u2013 H. Ioan \/ J\u00e1nos \u00e9s Roz\u00e1lia fia. Testv\u00e9rei: Jakab \u00e9s B\u00e9la. \u2013 A k\u00f6z\u00e9piskola elv\u00e9gz\u00e9se ut\u00e1n el\u0151bb a Rom\u00e1n Vas\u00fatn\u00e1l, azut\u00e1n Kv.-on a Bogn\u00e1r \u00e9s Sz\u00e1nt\u00f3 Lik\u00f6rgy\u00e1rban tisztvisel\u0151k\u00e9nt dolgozott, megtanulta a t\u00fck\u00f6rgy\u00e1rt\u00e1st \u00e9s \u00fcvegcs\u00edszol\u00e1st, \u00f6ccs\u00e9vel, B\u00e9l\u00e1val, l\u00e9trehozt\u00e1k a \u201eFra\u0163ii Hamlet\u201d-f\u00e9le t\u00fck\u00f6rgy\u00e1rat Mv.-en (1929\u2013). Szenved\u00e9lyes sportemberk\u00e9nt \u00e9s mint sz\u00f6vets\u00e9gi [&hellip;]<\/p>\n","protected":false},"featured_media":0,"comment_status":"open","ping_status":"closed","template":"","meta":[],"product_brand":[],"product_cat":[137],"product_tag":[],"class_list":{"0":"post-9594","1":"product","2":"type-product","3":"status-publish","5":"product_cat-maros-megyei-eletrajzi-lexikon","7":"first","8":"instock","9":"shipping-taxable","10":"product-type-simple"},"_links":{"self":[{"href":"https:\/\/uj.adatbank.ro\/lexikon\/wp-json\/wp\/v2\/product\/9594","targetHints":{"allow":["GET"]}}],"collection":[{"href":"https:\/\/uj.adatbank.ro\/lexikon\/wp-json\/wp\/v2\/product"}],"about":[{"href":"https:\/\/uj.adatbank.ro\/lexikon\/wp-json\/wp\/v2\/types\/product"}],"replies":[{"embeddable":true,"href":"https:\/\/uj.adatbank.ro\/lexikon\/wp-json\/wp\/v2\/comments?post=9594"}],"wp:attachment":[{"href":"https:\/\/uj.adatbank.ro\/lexikon\/wp-json\/wp\/v2\/media?parent=9594"}],"wp:term":[{"taxonomy":"product_brand","embeddable":true,"href":"https:\/\/uj.adatbank.ro\/lexikon\/wp-json\/wp\/v2\/product_brand?post=9594"},{"taxonomy":"product_cat","embeddable":true,"href":"https:\/\/uj.adatbank.ro\/lexikon\/wp-json\/wp\/v2\/product_cat?post=9594"},{"taxonomy":"product_tag","embeddable":true,"href":"https:\/\/uj.adatbank.ro\/lexikon\/wp-json\/wp\/v2\/product_tag?post=9594"}],"curies":[{"name":"wp","href":"https:\/\/api.w.org\/{rel}","templated":true}]}}