{"id":9596,"date":"2025-06-29T12:50:23","date_gmt":"2025-06-29T10:50:23","guid":{"rendered":"https:\/\/uj.adatbank.ro\/lexikon\/termek\/hamlet-jakab\/"},"modified":"2025-06-29T12:50:23","modified_gmt":"2025-06-29T10:50:23","slug":"hamlet-jakab","status":"publish","type":"product","link":"https:\/\/uj.adatbank.ro\/lexikon\/termek\/hamlet-jakab\/","title":{"rendered":"HAMLET Jakab"},"content":{"rendered":"<p>Marosbog\u00e1t, 1904., \u2020\u00a0? : t\u00fck\u00f6rgy\u00e1ros. \u2013 Testv\u00e9rei: \u00c1ron \u00e9s B\u00e9la. \u2013 Tanulm\u00e1nyait Mv.-en, a pisai \u00e9s a kv.-i egyetemen v\u00e9gezte. \u00c1tvette a mv.-i t\u00fck\u00f6rgy\u00e1r, \u00fcvegcsiszolda \u00e9s r\u00e1magy\u00e1r vezet\u00e9s\u00e9t, ahol 60 alkalmazottat foglalkoztatott. Csiszolt t\u00fckr\u00f6ket, v\u00e1s\u00e1ri \u00e9s finom baz\u00e1r\u00e1r\u00fat k\u00e9sz\u00edtett, valamint k\u00e9pr\u00e1m\u00e1kat \u00e1ll\u00edtott el\u0151. \u00c1r\u00facikkeit az orsz\u00e1g ter\u00fclet\u00e9n \u00e9rt\u00e9kes\u00edtette. <br \/><strong>Irod.:<\/strong> Sz\u00e9kelyf\u00f6ld \u00ed. k.<\/br><\/p>\n","protected":false},"excerpt":{"rendered":"<p>Marosbog\u00e1t, 1904., \u2020\u00a0? : t\u00fck\u00f6rgy\u00e1ros. \u2013 Testv\u00e9rei: \u00c1ron \u00e9s B\u00e9la. \u2013 Tanulm\u00e1nyait Mv.-en, a pisai \u00e9s a kv.-i egyetemen v\u00e9gezte. \u00c1tvette a mv.-i t\u00fck\u00f6rgy\u00e1r, \u00fcvegcsiszolda \u00e9s r\u00e1magy\u00e1r vezet\u00e9s\u00e9t, ahol 60 alkalmazottat foglalkoztatott. Csiszolt t\u00fckr\u00f6ket, v\u00e1s\u00e1ri \u00e9s finom baz\u00e1r\u00e1r\u00fat k\u00e9sz\u00edtett, valamint k\u00e9pr\u00e1m\u00e1kat \u00e1ll\u00edtott el\u0151. \u00c1r\u00facikkeit az orsz\u00e1g ter\u00fclet\u00e9n \u00e9rt\u00e9kes\u00edtette. Irod.: Sz\u00e9kelyf\u00f6ld \u00ed. k.<\/p>\n","protected":false},"featured_media":0,"comment_status":"open","ping_status":"closed","template":"","meta":[],"product_brand":[],"product_cat":[137],"product_tag":[],"class_list":{"0":"post-9596","1":"product","2":"type-product","3":"status-publish","5":"product_cat-maros-megyei-eletrajzi-lexikon","7":"first","8":"instock","9":"shipping-taxable","10":"product-type-simple"},"_links":{"self":[{"href":"https:\/\/uj.adatbank.ro\/lexikon\/wp-json\/wp\/v2\/product\/9596","targetHints":{"allow":["GET"]}}],"collection":[{"href":"https:\/\/uj.adatbank.ro\/lexikon\/wp-json\/wp\/v2\/product"}],"about":[{"href":"https:\/\/uj.adatbank.ro\/lexikon\/wp-json\/wp\/v2\/types\/product"}],"replies":[{"embeddable":true,"href":"https:\/\/uj.adatbank.ro\/lexikon\/wp-json\/wp\/v2\/comments?post=9596"}],"wp:attachment":[{"href":"https:\/\/uj.adatbank.ro\/lexikon\/wp-json\/wp\/v2\/media?parent=9596"}],"wp:term":[{"taxonomy":"product_brand","embeddable":true,"href":"https:\/\/uj.adatbank.ro\/lexikon\/wp-json\/wp\/v2\/product_brand?post=9596"},{"taxonomy":"product_cat","embeddable":true,"href":"https:\/\/uj.adatbank.ro\/lexikon\/wp-json\/wp\/v2\/product_cat?post=9596"},{"taxonomy":"product_tag","embeddable":true,"href":"https:\/\/uj.adatbank.ro\/lexikon\/wp-json\/wp\/v2\/product_tag?post=9596"}],"curies":[{"name":"wp","href":"https:\/\/api.w.org\/{rel}","templated":true}]}}