{"id":9598,"date":"2025-06-29T12:50:30","date_gmt":"2025-06-29T10:50:30","guid":{"rendered":"https:\/\/uj.adatbank.ro\/lexikon\/termek\/hamlet-lazar-hamlet-lazariu\/"},"modified":"2025-06-29T12:50:30","modified_gmt":"2025-06-29T10:50:30","slug":"hamlet-lazar-hamlet-lazariu","status":"publish","type":"product","link":"https:\/\/uj.adatbank.ro\/lexikon\/termek\/hamlet-lazar-hamlet-lazariu\/","title":{"rendered":"HAMLET L\u00e1z\u00e1r, Hamlet Lazariu"},"content":{"rendered":"<p>? \u2020\u00a0?\u00a0: olajt\u00f6r\u0151. \u2013 Az I. vh.-ban (1915. jan. \u2013 18. nov.) r\u00e9szt vett a 62. gy. -e. -ben gyalogosk\u00e9nt az orosz \u00e9s olasz harct\u00e9ren teljes\u00edtett arcvonalszolg\u00e1latot, majd P\u00f3l\u00e1ban az \u00e9lelmez\u00e9sn\u00e9l volt. Olajt\u00f6r\u0151 \u00e9s gyapj\u00fav\u00e1nyol\u00f3 tulajdonos Sz\u00e1szr\u00e9genben (1926). <br \/><strong>Irod.:<\/strong> M. hadviselt zsid\u00f3k; Pan\u0103<\/br><\/p>\n","protected":false},"excerpt":{"rendered":"<p>? \u2020\u00a0?\u00a0: olajt\u00f6r\u0151. \u2013 Az I. vh.-ban (1915. jan. \u2013 18. nov.) r\u00e9szt vett a 62. gy. -e. -ben gyalogosk\u00e9nt az orosz \u00e9s olasz harct\u00e9ren teljes\u00edtett arcvonalszolg\u00e1latot, majd P\u00f3l\u00e1ban az \u00e9lelmez\u00e9sn\u00e9l volt. Olajt\u00f6r\u0151 \u00e9s gyapj\u00fav\u00e1nyol\u00f3 tulajdonos Sz\u00e1szr\u00e9genben (1926). Irod.: M. hadviselt zsid\u00f3k; Pan\u0103<\/p>\n","protected":false},"featured_media":0,"comment_status":"open","ping_status":"closed","template":"","meta":[],"product_brand":[],"product_cat":[137],"product_tag":[],"class_list":{"0":"post-9598","1":"product","2":"type-product","3":"status-publish","5":"product_cat-maros-megyei-eletrajzi-lexikon","7":"first","8":"instock","9":"shipping-taxable","10":"product-type-simple"},"_links":{"self":[{"href":"https:\/\/uj.adatbank.ro\/lexikon\/wp-json\/wp\/v2\/product\/9598","targetHints":{"allow":["GET"]}}],"collection":[{"href":"https:\/\/uj.adatbank.ro\/lexikon\/wp-json\/wp\/v2\/product"}],"about":[{"href":"https:\/\/uj.adatbank.ro\/lexikon\/wp-json\/wp\/v2\/types\/product"}],"replies":[{"embeddable":true,"href":"https:\/\/uj.adatbank.ro\/lexikon\/wp-json\/wp\/v2\/comments?post=9598"}],"wp:attachment":[{"href":"https:\/\/uj.adatbank.ro\/lexikon\/wp-json\/wp\/v2\/media?parent=9598"}],"wp:term":[{"taxonomy":"product_brand","embeddable":true,"href":"https:\/\/uj.adatbank.ro\/lexikon\/wp-json\/wp\/v2\/product_brand?post=9598"},{"taxonomy":"product_cat","embeddable":true,"href":"https:\/\/uj.adatbank.ro\/lexikon\/wp-json\/wp\/v2\/product_cat?post=9598"},{"taxonomy":"product_tag","embeddable":true,"href":"https:\/\/uj.adatbank.ro\/lexikon\/wp-json\/wp\/v2\/product_tag?post=9598"}],"curies":[{"name":"wp","href":"https:\/\/api.w.org\/{rel}","templated":true}]}}