{"id":9599,"date":"2025-06-29T12:50:34","date_gmt":"2025-06-29T10:50:34","guid":{"rendered":"https:\/\/uj.adatbank.ro\/lexikon\/termek\/hammer-janos\/"},"modified":"2025-06-29T12:50:34","modified_gmt":"2025-06-29T10:50:34","slug":"hammer-janos","status":"publish","type":"product","link":"https:\/\/uj.adatbank.ro\/lexikon\/termek\/hammer-janos\/","title":{"rendered":"HAMMER J\u00e1nos"},"content":{"rendered":"<p>? \u2020 ? : m\u00e9rn\u0151k. \u2013 Felm\u00e9rte a v\u00e1rost (a piacot \u00e9s az utcah\u00e1l\u00f3zatot) \u00e9s a tan\u00e1cs el\u00e9 terkjesztette v\u00e9lem\u00e9nyez\u00e9sre (1798). <br \/><strong>Irod.:<\/strong> Id\u0151t\u00e1r 1<\/br><\/p>\n","protected":false},"excerpt":{"rendered":"<p>? \u2020 ? : m\u00e9rn\u0151k. \u2013 Felm\u00e9rte a v\u00e1rost (a piacot \u00e9s az utcah\u00e1l\u00f3zatot) \u00e9s a tan\u00e1cs el\u00e9 terkjesztette v\u00e9lem\u00e9nyez\u00e9sre (1798). Irod.: Id\u0151t\u00e1r 1<\/p>\n","protected":false},"featured_media":0,"comment_status":"open","ping_status":"closed","template":"","meta":[],"product_brand":[],"product_cat":[137],"product_tag":[],"class_list":{"0":"post-9599","1":"product","2":"type-product","3":"status-publish","5":"product_cat-maros-megyei-eletrajzi-lexikon","7":"first","8":"instock","9":"shipping-taxable","10":"product-type-simple"},"_links":{"self":[{"href":"https:\/\/uj.adatbank.ro\/lexikon\/wp-json\/wp\/v2\/product\/9599","targetHints":{"allow":["GET"]}}],"collection":[{"href":"https:\/\/uj.adatbank.ro\/lexikon\/wp-json\/wp\/v2\/product"}],"about":[{"href":"https:\/\/uj.adatbank.ro\/lexikon\/wp-json\/wp\/v2\/types\/product"}],"replies":[{"embeddable":true,"href":"https:\/\/uj.adatbank.ro\/lexikon\/wp-json\/wp\/v2\/comments?post=9599"}],"wp:attachment":[{"href":"https:\/\/uj.adatbank.ro\/lexikon\/wp-json\/wp\/v2\/media?parent=9599"}],"wp:term":[{"taxonomy":"product_brand","embeddable":true,"href":"https:\/\/uj.adatbank.ro\/lexikon\/wp-json\/wp\/v2\/product_brand?post=9599"},{"taxonomy":"product_cat","embeddable":true,"href":"https:\/\/uj.adatbank.ro\/lexikon\/wp-json\/wp\/v2\/product_cat?post=9599"},{"taxonomy":"product_tag","embeddable":true,"href":"https:\/\/uj.adatbank.ro\/lexikon\/wp-json\/wp\/v2\/product_tag?post=9599"}],"curies":[{"name":"wp","href":"https:\/\/api.w.org\/{rel}","templated":true}]}}