{"id":9601,"date":"2025-06-29T12:50:39","date_gmt":"2025-06-29T10:50:39","guid":{"rendered":"https:\/\/uj.adatbank.ro\/lexikon\/termek\/hamorszki-istvan\/"},"modified":"2025-06-29T12:50:39","modified_gmt":"2025-06-29T10:50:39","slug":"hamorszki-istvan","status":"publish","type":"product","link":"https:\/\/uj.adatbank.ro\/lexikon\/termek\/hamorszki-istvan\/","title":{"rendered":"HAMORSZKI Istv\u00e1n"},"content":{"rendered":"<p>? \u2020 ? : tan\u00e1csos. \u2013 H. S\u00e1muel \u00e9s Marosi S\u00e1ra (1803.? \u2013 Mv., 1878. m\u00e1j. 5.) fia. Testv\u00e9rei: Karolina Kreszta K\u00e1rolyn\u00e9; Anna, Lajos. \u2013 M. kir. igazs\u00e1g\u00fcgyminiszteri sz\u00e1mtan\u00e1csos. Mv.-en polg\u00e1rmesterjel\u00f6lt (1894. dec. 30.). <br \/><strong>Irod.:<\/strong> Gy\u00e1szjelent\u0151; Id\u0151t\u00e1r 5 \/1.<\/br><\/p>\n","protected":false},"excerpt":{"rendered":"<p>? \u2020 ? : tan\u00e1csos. \u2013 H. S\u00e1muel \u00e9s Marosi S\u00e1ra (1803.? \u2013 Mv., 1878. m\u00e1j. 5.) fia. Testv\u00e9rei: Karolina Kreszta K\u00e1rolyn\u00e9; Anna, Lajos. \u2013 M. kir. igazs\u00e1g\u00fcgyminiszteri sz\u00e1mtan\u00e1csos. Mv.-en polg\u00e1rmesterjel\u00f6lt (1894. dec. 30.). Irod.: Gy\u00e1szjelent\u0151; Id\u0151t\u00e1r 5 \/1.<\/p>\n","protected":false},"featured_media":0,"comment_status":"open","ping_status":"closed","template":"","meta":[],"product_brand":[],"product_cat":[137],"product_tag":[],"class_list":{"0":"post-9601","1":"product","2":"type-product","3":"status-publish","5":"product_cat-maros-megyei-eletrajzi-lexikon","7":"first","8":"instock","9":"shipping-taxable","10":"product-type-simple"},"_links":{"self":[{"href":"https:\/\/uj.adatbank.ro\/lexikon\/wp-json\/wp\/v2\/product\/9601","targetHints":{"allow":["GET"]}}],"collection":[{"href":"https:\/\/uj.adatbank.ro\/lexikon\/wp-json\/wp\/v2\/product"}],"about":[{"href":"https:\/\/uj.adatbank.ro\/lexikon\/wp-json\/wp\/v2\/types\/product"}],"replies":[{"embeddable":true,"href":"https:\/\/uj.adatbank.ro\/lexikon\/wp-json\/wp\/v2\/comments?post=9601"}],"wp:attachment":[{"href":"https:\/\/uj.adatbank.ro\/lexikon\/wp-json\/wp\/v2\/media?parent=9601"}],"wp:term":[{"taxonomy":"product_brand","embeddable":true,"href":"https:\/\/uj.adatbank.ro\/lexikon\/wp-json\/wp\/v2\/product_brand?post=9601"},{"taxonomy":"product_cat","embeddable":true,"href":"https:\/\/uj.adatbank.ro\/lexikon\/wp-json\/wp\/v2\/product_cat?post=9601"},{"taxonomy":"product_tag","embeddable":true,"href":"https:\/\/uj.adatbank.ro\/lexikon\/wp-json\/wp\/v2\/product_tag?post=9601"}],"curies":[{"name":"wp","href":"https:\/\/api.w.org\/{rel}","templated":true}]}}