{"id":9603,"date":"2025-06-29T12:50:42","date_gmt":"2025-06-29T10:50:42","guid":{"rendered":"https:\/\/uj.adatbank.ro\/lexikon\/termek\/hamorszki-samuel\/"},"modified":"2025-06-29T12:50:42","modified_gmt":"2025-06-29T10:50:42","slug":"hamorszki-samuel","status":"publish","type":"product","link":"https:\/\/uj.adatbank.ro\/lexikon\/termek\/hamorszki-samuel\/","title":{"rendered":"HAMORSZKI S\u00e1muel"},"content":{"rendered":"<p>? \u2020 ?: ? \u2013 Feles\u00e9ge: Marosi S\u00e1ra (1803.? \u2013 Mv., 1878. m\u00e1j. 5.). Gyermekeik: Karolina Kreszta K\u00e1rolyn\u00e9; Anna; Lajos. \u2013 M. kir. igazs\u00e1g\u00fcgyminiszteri sz\u00e1mtan\u00e1csos. <br \/><strong>Irod.:<\/strong> Gy\u00e1szjelent\u0151<\/br><\/p>\n","protected":false},"excerpt":{"rendered":"<p>? \u2020 ?: ? \u2013 Feles\u00e9ge: Marosi S\u00e1ra (1803.? \u2013 Mv., 1878. m\u00e1j. 5.). Gyermekeik: Karolina Kreszta K\u00e1rolyn\u00e9; Anna; Lajos. \u2013 M. kir. igazs\u00e1g\u00fcgyminiszteri sz\u00e1mtan\u00e1csos. Irod.: Gy\u00e1szjelent\u0151<\/p>\n","protected":false},"featured_media":0,"comment_status":"open","ping_status":"closed","template":"","meta":[],"product_brand":[],"product_cat":[137],"product_tag":[],"class_list":{"0":"post-9603","1":"product","2":"type-product","3":"status-publish","5":"product_cat-maros-megyei-eletrajzi-lexikon","7":"first","8":"instock","9":"shipping-taxable","10":"product-type-simple"},"_links":{"self":[{"href":"https:\/\/uj.adatbank.ro\/lexikon\/wp-json\/wp\/v2\/product\/9603","targetHints":{"allow":["GET"]}}],"collection":[{"href":"https:\/\/uj.adatbank.ro\/lexikon\/wp-json\/wp\/v2\/product"}],"about":[{"href":"https:\/\/uj.adatbank.ro\/lexikon\/wp-json\/wp\/v2\/types\/product"}],"replies":[{"embeddable":true,"href":"https:\/\/uj.adatbank.ro\/lexikon\/wp-json\/wp\/v2\/comments?post=9603"}],"wp:attachment":[{"href":"https:\/\/uj.adatbank.ro\/lexikon\/wp-json\/wp\/v2\/media?parent=9603"}],"wp:term":[{"taxonomy":"product_brand","embeddable":true,"href":"https:\/\/uj.adatbank.ro\/lexikon\/wp-json\/wp\/v2\/product_brand?post=9603"},{"taxonomy":"product_cat","embeddable":true,"href":"https:\/\/uj.adatbank.ro\/lexikon\/wp-json\/wp\/v2\/product_cat?post=9603"},{"taxonomy":"product_tag","embeddable":true,"href":"https:\/\/uj.adatbank.ro\/lexikon\/wp-json\/wp\/v2\/product_tag?post=9603"}],"curies":[{"name":"wp","href":"https:\/\/api.w.org\/{rel}","templated":true}]}}