{"id":9608,"date":"2025-06-29T12:50:54","date_gmt":"2025-06-29T10:50:54","guid":{"rendered":"https:\/\/uj.adatbank.ro\/lexikon\/termek\/hanak-andras\/"},"modified":"2025-06-29T12:50:54","modified_gmt":"2025-06-29T10:50:54","slug":"hanak-andras","status":"publish","type":"product","link":"https:\/\/uj.adatbank.ro\/lexikon\/termek\/hanak-andras\/","title":{"rendered":"HAN\u00c1K Andr\u00e1s"},"content":{"rendered":"<p>1776., \u2020\u00a01841. okt. 8.: r. k. pap. \u2013 Az egri egyh\u00e1zmegy\u00e9b\u0151l \u00e9rkezett (1799). L\u00edc.-i tan\u00e1r Kv.-on (1821). Pl\u00e9b\u00e1nos \u00e9s alesperes Kapnikb\u00e1ny\u00e1n (1830). Sz\u00e1szr\u00e9genben pl\u00e9b\u00e1nos (1831\u201334), Sz\u00e1szzsomboron pl\u00e9b\u00e1nos nyugd\u00edjba vonul\u00e1s\u00e1ig (1834\u201340). <br \/><strong>Irod.:<\/strong> Ferenczi S\u00e1ndor 2009; Gy\u00f6rgy: A ferencrendiek<\/br><\/p>\n","protected":false},"excerpt":{"rendered":"<p>1776., \u2020\u00a01841. okt. 8.: r. k. pap. \u2013 Az egri egyh\u00e1zmegy\u00e9b\u0151l \u00e9rkezett (1799). L\u00edc.-i tan\u00e1r Kv.-on (1821). Pl\u00e9b\u00e1nos \u00e9s alesperes Kapnikb\u00e1ny\u00e1n (1830). Sz\u00e1szr\u00e9genben pl\u00e9b\u00e1nos (1831\u201334), Sz\u00e1szzsomboron pl\u00e9b\u00e1nos nyugd\u00edjba vonul\u00e1s\u00e1ig (1834\u201340). Irod.: Ferenczi S\u00e1ndor 2009; Gy\u00f6rgy: A ferencrendiek<\/p>\n","protected":false},"featured_media":0,"comment_status":"open","ping_status":"closed","template":"","meta":[],"product_brand":[],"product_cat":[137],"product_tag":[],"class_list":{"0":"post-9608","1":"product","2":"type-product","3":"status-publish","5":"product_cat-maros-megyei-eletrajzi-lexikon","7":"first","8":"instock","9":"shipping-taxable","10":"product-type-simple"},"_links":{"self":[{"href":"https:\/\/uj.adatbank.ro\/lexikon\/wp-json\/wp\/v2\/product\/9608","targetHints":{"allow":["GET"]}}],"collection":[{"href":"https:\/\/uj.adatbank.ro\/lexikon\/wp-json\/wp\/v2\/product"}],"about":[{"href":"https:\/\/uj.adatbank.ro\/lexikon\/wp-json\/wp\/v2\/types\/product"}],"replies":[{"embeddable":true,"href":"https:\/\/uj.adatbank.ro\/lexikon\/wp-json\/wp\/v2\/comments?post=9608"}],"wp:attachment":[{"href":"https:\/\/uj.adatbank.ro\/lexikon\/wp-json\/wp\/v2\/media?parent=9608"}],"wp:term":[{"taxonomy":"product_brand","embeddable":true,"href":"https:\/\/uj.adatbank.ro\/lexikon\/wp-json\/wp\/v2\/product_brand?post=9608"},{"taxonomy":"product_cat","embeddable":true,"href":"https:\/\/uj.adatbank.ro\/lexikon\/wp-json\/wp\/v2\/product_cat?post=9608"},{"taxonomy":"product_tag","embeddable":true,"href":"https:\/\/uj.adatbank.ro\/lexikon\/wp-json\/wp\/v2\/product_tag?post=9608"}],"curies":[{"name":"wp","href":"https:\/\/api.w.org\/{rel}","templated":true}]}}