{"id":9617,"date":"2025-06-29T12:51:09","date_gmt":"2025-06-29T10:51:09","guid":{"rendered":"https:\/\/uj.adatbank.ro\/lexikon\/termek\/haner-georg\/"},"modified":"2025-06-29T12:51:09","modified_gmt":"2025-06-29T10:51:09","slug":"haner-georg","status":"publish","type":"product","link":"https:\/\/uj.adatbank.ro\/lexikon\/termek\/haner-georg\/","title":{"rendered":"HANER Georg"},"content":{"rendered":"<p>Segesv\u00e1r, 1672. \u00e1pr. 28., \u2020 Berethalom, 1740. dec. 14.: b\u00f6lcs\u00e9sz dr., ev. pap, p\u00fcsp\u00f6k. \u2013 Fia: Jeremi\u00e1s Gy\u00f6rgy. \u2013 Hazai tanulm\u00e1nyainak befejezt\u00e9vel a wittenbergi egyetemen folytatta tanulm\u00e1nyait (1691), ahol b\u00f6lcseletdoktori oklevelet nyert (magister) (1692), de m\u00e9g \u00e9vekig ott id\u0151z\u00f6tt. Hazat\u00e9rve a segesv\u00e1ri Gimn. rektora (1695\u2013), uo. pr\u00e9dik\u00e1tor (1698\u2013). Lelk\u00e9sz Apoldon (1701\u2013), Sz\u00e1szk\u00e9zden (1706\u2013), Nagysinken (1708\u2013), Medgyesen (1713\u2013), mint odaval\u00f3 els\u0151papot d\u00e9k\u00e1nn\u00e1 v\u00e1lasztotta a medgyesi k\u00e1ptalan (1719). Berethalmi lelk\u00e9sz \u00e9s az evang. egyh\u00e1z p\u00fcsp\u00f6ke lett (1736\u201340). Respondenskedett a Subjectum philosophiae moralis speciale (1691.) fel\u0151l, a Pentecostalis pneumatologia paradisiaca (1692.) fel\u0151l, a Lustratio hebraeorum (1692.) fel\u0151l \u00e9s a De ministerio ecclesiastico (1693.) t\u00e9m\u00e1kban tartott vit\u00e1kon. \u00d6sszegy\u0171jt\u00f6tte az egyh\u00e1za t\u00f6rt\u00e9net\u00e9re, meg a papok kiv\u00e1lts\u00e1gaira vonatkoz\u00f3 okiratokat. Sok m\u0171ve maradt k\u00e9ziratban. \u2013 <strong>F. m.:<\/strong> Subjectum Philosophiae. (Vittenbergae, 1691); Pentacostalis Pnevmatologia. (Vittenbergae, 1692); Lustratio Hebraerum. (Vittenbergae, 1692); Dissertatio philologica hebraicarum origine. (Vittenberga, 1692); Dissertatio Historico Philologica de Punctorum Hebraeorum cum Literis coavitate. (Vittenbergae, 1693); Historia Ecclesiarum Transylvanicarum. (Lipsiae, 1694); Acroasium Theologicarum. Disputatio I-II (Cibinii, 1696, 1697); Acroasium Theologicarum ex. D. Cunradi Dieterici Institutionibus Catheticis. I-III. (Cibinii, 1697, 1698). <br \/><strong>Irod.:<\/strong> Aranka Gy\u00f6rgy; Hor\u00e1nyi; Kar\u00e1csonyi J\u00e1nos: Magyaro. Egyh\u00e1zt\u00f6rt\u00e9nete (V\u00e1rad, 1906); M\u0171vt\u00f6rt. T. 1979; Saschiz; Szinnyei; Teutsch F.; \u00daIL; Veress; Zov\u00e1nyi<\/br><\/p>\n","protected":false},"excerpt":{"rendered":"<p>Segesv\u00e1r, 1672. \u00e1pr. 28., \u2020 Berethalom, 1740. dec. 14.: b\u00f6lcs\u00e9sz dr., ev. pap, p\u00fcsp\u00f6k. \u2013 Fia: Jeremi\u00e1s Gy\u00f6rgy. \u2013 Hazai tanulm\u00e1nyainak befejezt\u00e9vel a wittenbergi egyetemen folytatta tanulm\u00e1nyait (1691), ahol b\u00f6lcseletdoktori oklevelet nyert (magister) (1692), de m\u00e9g \u00e9vekig ott id\u0151z\u00f6tt. Hazat\u00e9rve a segesv\u00e1ri Gimn. rektora (1695\u2013), uo. pr\u00e9dik\u00e1tor (1698\u2013). Lelk\u00e9sz Apoldon (1701\u2013), Sz\u00e1szk\u00e9zden (1706\u2013), Nagysinken (1708\u2013), [&hellip;]<\/p>\n","protected":false},"featured_media":0,"comment_status":"open","ping_status":"closed","template":"","meta":[],"product_brand":[],"product_cat":[137],"product_tag":[],"class_list":{"0":"post-9617","1":"product","2":"type-product","3":"status-publish","5":"product_cat-maros-megyei-eletrajzi-lexikon","7":"first","8":"instock","9":"shipping-taxable","10":"product-type-simple"},"_links":{"self":[{"href":"https:\/\/uj.adatbank.ro\/lexikon\/wp-json\/wp\/v2\/product\/9617","targetHints":{"allow":["GET"]}}],"collection":[{"href":"https:\/\/uj.adatbank.ro\/lexikon\/wp-json\/wp\/v2\/product"}],"about":[{"href":"https:\/\/uj.adatbank.ro\/lexikon\/wp-json\/wp\/v2\/types\/product"}],"replies":[{"embeddable":true,"href":"https:\/\/uj.adatbank.ro\/lexikon\/wp-json\/wp\/v2\/comments?post=9617"}],"wp:attachment":[{"href":"https:\/\/uj.adatbank.ro\/lexikon\/wp-json\/wp\/v2\/media?parent=9617"}],"wp:term":[{"taxonomy":"product_brand","embeddable":true,"href":"https:\/\/uj.adatbank.ro\/lexikon\/wp-json\/wp\/v2\/product_brand?post=9617"},{"taxonomy":"product_cat","embeddable":true,"href":"https:\/\/uj.adatbank.ro\/lexikon\/wp-json\/wp\/v2\/product_cat?post=9617"},{"taxonomy":"product_tag","embeddable":true,"href":"https:\/\/uj.adatbank.ro\/lexikon\/wp-json\/wp\/v2\/product_tag?post=9617"}],"curies":[{"name":"wp","href":"https:\/\/api.w.org\/{rel}","templated":true}]}}