{"id":9621,"date":"2025-06-29T12:51:17","date_gmt":"2025-06-29T10:51:17","guid":{"rendered":"https:\/\/uj.adatbank.ro\/lexikon\/termek\/hangel-gyula-%c2%a7\/"},"modified":"2025-06-29T12:51:17","modified_gmt":"2025-06-29T10:51:17","slug":"hangel-gyula-%c2%a7","status":"publish","type":"product","link":"https:\/\/uj.adatbank.ro\/lexikon\/termek\/hangel-gyula-%c2%a7\/","title":{"rendered":"HANGEL Gyula, \u00a7"},"content":{"rendered":"<p>Marosludas, 1932. m\u00e1rc. 23., \u2020 Marosludas, 1989.: tan\u00e1r, biol\u00f3gus. \u2013 Elemi iskol\u00e1t Ludason, k\u00f6z\u00e9piskol\u00e1t a mv.-i Bolyai Farkas lic. -ban, Kv.-on BBTE, Biol\u00f3gia-f\u00f6ldrajz szak\u00e1t v\u00e9gezte (1963). Els\u0151 munkahelye Marosbog\u00e1t, azut\u00e1n Ludason a Vegyes K\u00f6z\u00e9piskola biol\u00f3gia tan\u00e1ra hal\u00e1l\u00e1ig. Tan\u00e1ri munk\u00e1ja mellett \u00e9rt\u00e9kes kutat\u00f3munk\u00e1t fejtett ki Ludas k\u00f6rny\u00e9ke term\u00e9szetrajzi saj\u00e1toss\u00e1gainak felfed\u00e9se \u00e9rdek\u00e9ben, f\u0151leg a rovarvil\u00e1g \u00e9rdekelte. T\u00f6bb mint 4000 f\u00e9nyk\u00e9pe, 1100 negat\u00edvja maradt h\u00e1tra 2500-szoros nagy\u00edt\u00e1sban t\u00f6bb mint 3100 Ludas k\u00f6rny\u00e9ki rovarr\u00f3l. Kitar\u00f3an tanulm\u00e1nyozta \u00e9s gy\u0171jt\u00f6tte, prepar\u00e1lta \u0151ket, \u00e9s az oktat\u00f3 munk\u00e1j\u00e1ban felhaszn\u00e1lta, eredm\u00e9nyeit tudom\u00e1nyos dolgozatokban \u00e9s tanulm\u00e1nyokban szakfoly\u00f3iratokban k\u00f6z\u00f6lte. Iskol\u00e1ja biol\u00f3gia laborat\u00f3rium\u00e1ban t\u00f6bb mint 6600 mad\u00e1rtoj\u00e1sb\u00f3l, 300 kit\u00f6m\u00f6tt mad\u00e1rb\u00f3l \u00e1ll\u00f3 gy\u0171jtem\u00e9nyt, valamint k\u0151zet \u00e9s \u00e1sv\u00e1nygy\u0171jtem\u00e9nyt hagyott h\u00e1tra. Foglalkozott a m\u00e9hek \u00e9let\u00e9vel is. R\u00e9szt vett a pr\u00e1gai M\u00e9h\u00e9sz Kongresszuson (1963). Kutat\u00e1sainak eredm\u00e9nyeit \u201eA term\u00e9szet k\u00f6nyve\u201d c. k\u00f6tetben k\u00e9sz\u00fclt kiadni a kv.-i P\u00e9terfi prof. ir\u00e1ny\u00edt\u00e1s\u00e1val. V\u00e1ratlan hal\u00e1la (autobaleset) ezt a terv\u00e9t megh\u00ed\u00fas\u00edtotta. \u2013 <strong>F. m.:<\/strong> illusztr: N\u00e9meth J\u00e1nos: Viselked\u00e9s, magatart\u00e1s az \u00e1llatvil\u00e1gban. (A fed\u0151lapot Hangel Gyula f\u00e9nyk\u00e9pfelv\u00e9tel\u00e9nek felhaszn\u00e1l\u00e1s\u00e1val Feleki K\u00e1roly k\u00e9sz\u00edtette. Kv. -Napoca, 1983). <br \/><strong>Irod.:<\/strong> Ludu\u015f; R\u00e9thy-V\u00e1czi-\u00dajv\u00e1ry<\/br><\/p>\n","protected":false},"excerpt":{"rendered":"<p>Marosludas, 1932. m\u00e1rc. 23., \u2020 Marosludas, 1989.: tan\u00e1r, biol\u00f3gus. \u2013 Elemi iskol\u00e1t Ludason, k\u00f6z\u00e9piskol\u00e1t a mv.-i Bolyai Farkas lic. -ban, Kv.-on BBTE, Biol\u00f3gia-f\u00f6ldrajz szak\u00e1t v\u00e9gezte (1963). Els\u0151 munkahelye Marosbog\u00e1t, azut\u00e1n Ludason a Vegyes K\u00f6z\u00e9piskola biol\u00f3gia tan\u00e1ra hal\u00e1l\u00e1ig. Tan\u00e1ri munk\u00e1ja mellett \u00e9rt\u00e9kes kutat\u00f3munk\u00e1t fejtett ki Ludas k\u00f6rny\u00e9ke term\u00e9szetrajzi saj\u00e1toss\u00e1gainak felfed\u00e9se \u00e9rdek\u00e9ben, f\u0151leg a rovarvil\u00e1g \u00e9rdekelte. T\u00f6bb [&hellip;]<\/p>\n","protected":false},"featured_media":0,"comment_status":"open","ping_status":"closed","template":"","meta":[],"product_brand":[],"product_cat":[137],"product_tag":[],"class_list":{"0":"post-9621","1":"product","2":"type-product","3":"status-publish","5":"product_cat-maros-megyei-eletrajzi-lexikon","7":"first","8":"instock","9":"shipping-taxable","10":"product-type-simple"},"_links":{"self":[{"href":"https:\/\/uj.adatbank.ro\/lexikon\/wp-json\/wp\/v2\/product\/9621","targetHints":{"allow":["GET"]}}],"collection":[{"href":"https:\/\/uj.adatbank.ro\/lexikon\/wp-json\/wp\/v2\/product"}],"about":[{"href":"https:\/\/uj.adatbank.ro\/lexikon\/wp-json\/wp\/v2\/types\/product"}],"replies":[{"embeddable":true,"href":"https:\/\/uj.adatbank.ro\/lexikon\/wp-json\/wp\/v2\/comments?post=9621"}],"wp:attachment":[{"href":"https:\/\/uj.adatbank.ro\/lexikon\/wp-json\/wp\/v2\/media?parent=9621"}],"wp:term":[{"taxonomy":"product_brand","embeddable":true,"href":"https:\/\/uj.adatbank.ro\/lexikon\/wp-json\/wp\/v2\/product_brand?post=9621"},{"taxonomy":"product_cat","embeddable":true,"href":"https:\/\/uj.adatbank.ro\/lexikon\/wp-json\/wp\/v2\/product_cat?post=9621"},{"taxonomy":"product_tag","embeddable":true,"href":"https:\/\/uj.adatbank.ro\/lexikon\/wp-json\/wp\/v2\/product_tag?post=9621"}],"curies":[{"name":"wp","href":"https:\/\/api.w.org\/{rel}","templated":true}]}}