{"id":9622,"date":"2025-06-29T12:51:20","date_gmt":"2025-06-29T10:51:20","guid":{"rendered":"https:\/\/uj.adatbank.ro\/lexikon\/termek\/hangody-istvan\/"},"modified":"2025-06-29T12:51:20","modified_gmt":"2025-06-29T10:51:20","slug":"hangody-istvan","status":"publish","type":"product","link":"https:\/\/uj.adatbank.ro\/lexikon\/termek\/hangody-istvan\/","title":{"rendered":"HANGODY Istv\u00e1n"},"content":{"rendered":"<p>?\u00a0\u2020\u00a0? : tan\u00edt\u00f3. \u2013 Mez\u0151s\u00e1msondon volt \u00e1ll. tan\u00edt\u00f3. M. T\u00e1rstud. Egyes\u00fclet alap\u00edt\u00f3 tagja (1907). <br \/><strong>Irod.:<\/strong> M. T\u00e1rstud. Egyes\u00fclet<\/br><\/p>\n","protected":false},"excerpt":{"rendered":"<p>?\u00a0\u2020\u00a0? : tan\u00edt\u00f3. \u2013 Mez\u0151s\u00e1msondon volt \u00e1ll. tan\u00edt\u00f3. M. T\u00e1rstud. Egyes\u00fclet alap\u00edt\u00f3 tagja (1907). Irod.: M. T\u00e1rstud. Egyes\u00fclet<\/p>\n","protected":false},"featured_media":0,"comment_status":"open","ping_status":"closed","template":"","meta":[],"product_brand":[],"product_cat":[137],"product_tag":[],"class_list":{"0":"post-9622","1":"product","2":"type-product","3":"status-publish","5":"product_cat-maros-megyei-eletrajzi-lexikon","7":"first","8":"instock","9":"shipping-taxable","10":"product-type-simple"},"_links":{"self":[{"href":"https:\/\/uj.adatbank.ro\/lexikon\/wp-json\/wp\/v2\/product\/9622","targetHints":{"allow":["GET"]}}],"collection":[{"href":"https:\/\/uj.adatbank.ro\/lexikon\/wp-json\/wp\/v2\/product"}],"about":[{"href":"https:\/\/uj.adatbank.ro\/lexikon\/wp-json\/wp\/v2\/types\/product"}],"replies":[{"embeddable":true,"href":"https:\/\/uj.adatbank.ro\/lexikon\/wp-json\/wp\/v2\/comments?post=9622"}],"wp:attachment":[{"href":"https:\/\/uj.adatbank.ro\/lexikon\/wp-json\/wp\/v2\/media?parent=9622"}],"wp:term":[{"taxonomy":"product_brand","embeddable":true,"href":"https:\/\/uj.adatbank.ro\/lexikon\/wp-json\/wp\/v2\/product_brand?post=9622"},{"taxonomy":"product_cat","embeddable":true,"href":"https:\/\/uj.adatbank.ro\/lexikon\/wp-json\/wp\/v2\/product_cat?post=9622"},{"taxonomy":"product_tag","embeddable":true,"href":"https:\/\/uj.adatbank.ro\/lexikon\/wp-json\/wp\/v2\/product_tag?post=9622"}],"curies":[{"name":"wp","href":"https:\/\/api.w.org\/{rel}","templated":true}]}}