{"id":9626,"date":"2025-06-29T12:51:27","date_gmt":"2025-06-29T10:51:27","guid":{"rendered":"https:\/\/uj.adatbank.ro\/lexikon\/termek\/hanko-gyorgy-2\/"},"modified":"2025-06-29T12:51:27","modified_gmt":"2025-06-29T10:51:27","slug":"hanko-gyorgy-2","status":"publish","type":"product","link":"https:\/\/uj.adatbank.ro\/lexikon\/termek\/hanko-gyorgy-2\/","title":{"rendered":"HANK\u00d3 Gy\u00f6rgy"},"content":{"rendered":"<p>? \u2020\u00a0? : orvos. \u2013 Mv.-en minden er\u0151fesz\u00edt\u00e9se ellen\u00e9re nem tudta megmenteni Bern\u00e1gy Gy\u00f6rgy \u00e9let\u00e9t, aki sz\u00edvb\u00e9nul\u00e1sban meghalt (1938. okt. 22.). <br \/><strong>Irod.:<\/strong> Bern\u00e1dy<\/br><\/p>\n","protected":false},"excerpt":{"rendered":"<p>? \u2020\u00a0? : orvos. \u2013 Mv.-en minden er\u0151fesz\u00edt\u00e9se ellen\u00e9re nem tudta megmenteni Bern\u00e1gy Gy\u00f6rgy \u00e9let\u00e9t, aki sz\u00edvb\u00e9nul\u00e1sban meghalt (1938. okt. 22.). Irod.: Bern\u00e1dy<\/p>\n","protected":false},"featured_media":0,"comment_status":"open","ping_status":"closed","template":"","meta":[],"product_brand":[],"product_cat":[137],"product_tag":[],"class_list":{"0":"post-9626","1":"product","2":"type-product","3":"status-publish","5":"product_cat-maros-megyei-eletrajzi-lexikon","7":"first","8":"instock","9":"shipping-taxable","10":"product-type-simple"},"_links":{"self":[{"href":"https:\/\/uj.adatbank.ro\/lexikon\/wp-json\/wp\/v2\/product\/9626","targetHints":{"allow":["GET"]}}],"collection":[{"href":"https:\/\/uj.adatbank.ro\/lexikon\/wp-json\/wp\/v2\/product"}],"about":[{"href":"https:\/\/uj.adatbank.ro\/lexikon\/wp-json\/wp\/v2\/types\/product"}],"replies":[{"embeddable":true,"href":"https:\/\/uj.adatbank.ro\/lexikon\/wp-json\/wp\/v2\/comments?post=9626"}],"wp:attachment":[{"href":"https:\/\/uj.adatbank.ro\/lexikon\/wp-json\/wp\/v2\/media?parent=9626"}],"wp:term":[{"taxonomy":"product_brand","embeddable":true,"href":"https:\/\/uj.adatbank.ro\/lexikon\/wp-json\/wp\/v2\/product_brand?post=9626"},{"taxonomy":"product_cat","embeddable":true,"href":"https:\/\/uj.adatbank.ro\/lexikon\/wp-json\/wp\/v2\/product_cat?post=9626"},{"taxonomy":"product_tag","embeddable":true,"href":"https:\/\/uj.adatbank.ro\/lexikon\/wp-json\/wp\/v2\/product_tag?post=9626"}],"curies":[{"name":"wp","href":"https:\/\/api.w.org\/{rel}","templated":true}]}}