{"id":9627,"date":"2025-06-29T12:51:30","date_gmt":"2025-06-29T10:51:30","guid":{"rendered":"https:\/\/uj.adatbank.ro\/lexikon\/termek\/hanko-zoltan\/"},"modified":"2025-06-29T12:51:30","modified_gmt":"2025-06-29T10:51:30","slug":"hanko-zoltan","status":"publish","type":"product","link":"https:\/\/uj.adatbank.ro\/lexikon\/termek\/hanko-zoltan\/","title":{"rendered":"HANK\u00d3 Zolt\u00e1n"},"content":{"rendered":"<p>Kv., 1910. jan. 12., \u2020 Mv., 1978. j\u00fan. 20.: gy\u00f3gyszer\u00e9sz, egyetemi tan\u00e1r. \u2013 A kv.-i Piarista Gimn.-ban \u00e9retts\u00e9gizett, t\u00f6bb v\u00e1rosban volt gy\u00f3gyszer\u00e9sz gyakornok. Gy\u00f3gyszer\u00e9sz tanulm\u00e1nyait Buk. -ben v\u00e9gezte (1939), oklevel\u00e9t Szegeden szerezte (1941). Kv.-on dolgozott a Hygea gy\u00f3gyszergy\u00e1r laborat\u00f3rium\u00e1ban (1941\u201345). A MOGYI Egyetemi gy\u00f3gyszert\u00e1r\u00e1nak l\u00e9trehoz\u00f3ja \u00e9s vezet\u0151je (1945\u201353); adjunktusk\u00e9nt orvostanhallgat\u00f3knak tartott gyakorlatokat \u00e9s el\u0151ad\u00e1sokat (1946\u201347), a MOGYI-n a Gy\u00f3gyszertechnol\u00f3giai kar Galenika tansz\u00e9k megszervez\u0151je, el\u0151ad\u00f3tan\u00e1ra, a tansz\u00e9k vezet\u0151je nyugd\u00edjaz\u00e1s\u00e1ig (1948\u201372). A tansz\u00e9k neve Gy\u00f3gyszer\u00e9sz technol\u00f3gia lett (1960\u2013), rom\u00e1n nyelven is tan\u00edtott (1961\u201362-es tan\u00e9vt\u0151l). A parent\u00e1lis k\u00e9sz\u00edtm\u00e9nyek tanulm\u00e1nyoz\u00e1s\u00e1val foglalkozott, valamint a gy\u00f3gy\u00e1szatban alkalmazott inf\u00fazi\u00f3s oldatok el\u0151\u00e1ll\u00edt\u00e1s\u00e1val. Szakdolgozatait az Orvosi Szemle, Farmacia, \u00c9rtes\u00edt\u0151 k\u00f6z\u00f6lte. \u2013 <strong>F. m.:<\/strong> <strong>t\u00e1rssz.:<\/strong> Galenika 3. k. (Mv., 1957); Tehnica farmeceutic\u0103 (Cioc\u0103neala V., Stoian Ionescu P. -vel; Buc., 1969); <strong>szerk.:<\/strong> Farmacopeea Rom\u00e2n\u0103 vol. 7\u20138 (Buc., 1957, 1958). <br \/><strong>Irod.:<\/strong> Bern\u00e1th Ern\u0151: Interj\u00fa a mv.-i idegseb\u00e9szeti klinik\u00e1n [M\u00e1th\u00e9 \u00c1kos f\u0151orvossal \u00e9s H. Z. egyetemi tan\u00e1rral] (\u00daj \u00c9let, 15. sz., 1961); Facultatea de Farmacie; Genersich; M\u00c9L; Mv.-i Gy\u00f3gyszer\u00e9szeti Kar; Nagy L; P\u00e9ter H. M.; P\u00e9ter H. M. 2013; RMIL; Todea\u2013F\u00fcl\u00f6p\u2013Avram<\/br><\/p>\n","protected":false},"excerpt":{"rendered":"<p>Kv., 1910. jan. 12., \u2020 Mv., 1978. j\u00fan. 20.: gy\u00f3gyszer\u00e9sz, egyetemi tan\u00e1r. \u2013 A kv.-i Piarista Gimn.-ban \u00e9retts\u00e9gizett, t\u00f6bb v\u00e1rosban volt gy\u00f3gyszer\u00e9sz gyakornok. Gy\u00f3gyszer\u00e9sz tanulm\u00e1nyait Buk. -ben v\u00e9gezte (1939), oklevel\u00e9t Szegeden szerezte (1941). Kv.-on dolgozott a Hygea gy\u00f3gyszergy\u00e1r laborat\u00f3rium\u00e1ban (1941\u201345). A MOGYI Egyetemi gy\u00f3gyszert\u00e1r\u00e1nak l\u00e9trehoz\u00f3ja \u00e9s vezet\u0151je (1945\u201353); adjunktusk\u00e9nt orvostanhallgat\u00f3knak tartott gyakorlatokat \u00e9s el\u0151ad\u00e1sokat (1946\u201347), [&hellip;]<\/p>\n","protected":false},"featured_media":0,"comment_status":"open","ping_status":"closed","template":"","meta":[],"product_brand":[],"product_cat":[137],"product_tag":[],"class_list":{"0":"post-9627","1":"product","2":"type-product","3":"status-publish","5":"product_cat-maros-megyei-eletrajzi-lexikon","7":"first","8":"instock","9":"shipping-taxable","10":"product-type-simple"},"_links":{"self":[{"href":"https:\/\/uj.adatbank.ro\/lexikon\/wp-json\/wp\/v2\/product\/9627","targetHints":{"allow":["GET"]}}],"collection":[{"href":"https:\/\/uj.adatbank.ro\/lexikon\/wp-json\/wp\/v2\/product"}],"about":[{"href":"https:\/\/uj.adatbank.ro\/lexikon\/wp-json\/wp\/v2\/types\/product"}],"replies":[{"embeddable":true,"href":"https:\/\/uj.adatbank.ro\/lexikon\/wp-json\/wp\/v2\/comments?post=9627"}],"wp:attachment":[{"href":"https:\/\/uj.adatbank.ro\/lexikon\/wp-json\/wp\/v2\/media?parent=9627"}],"wp:term":[{"taxonomy":"product_brand","embeddable":true,"href":"https:\/\/uj.adatbank.ro\/lexikon\/wp-json\/wp\/v2\/product_brand?post=9627"},{"taxonomy":"product_cat","embeddable":true,"href":"https:\/\/uj.adatbank.ro\/lexikon\/wp-json\/wp\/v2\/product_cat?post=9627"},{"taxonomy":"product_tag","embeddable":true,"href":"https:\/\/uj.adatbank.ro\/lexikon\/wp-json\/wp\/v2\/product_tag?post=9627"}],"curies":[{"name":"wp","href":"https:\/\/api.w.org\/{rel}","templated":true}]}}