{"id":9630,"date":"2025-06-29T12:51:40","date_gmt":"2025-06-29T10:51:40","guid":{"rendered":"https:\/\/uj.adatbank.ro\/lexikon\/termek\/hann-janos\/"},"modified":"2025-06-29T12:51:40","modified_gmt":"2025-06-29T10:51:40","slug":"hann-janos","status":"publish","type":"product","link":"https:\/\/uj.adatbank.ro\/lexikon\/termek\/hann-janos\/","title":{"rendered":"HANN J\u00e1nos"},"content":{"rendered":"<p>Segesv\u00e1r, 1845., \u2020 Segesv\u00e1r, 1903. m\u00e1j. 8.: ev. tan\u00edt\u00f3. \u2013 Tan\u00edtott 36 \u00e9vet; kiad\u00f3tulajdonosa \u00e9s szerk.-je a Beszterc\u00e9n megjelent Bistrizer Ztg. -nak. <br \/><strong>Irod.:<\/strong> Guly\u00e1s<\/br><\/p>\n","protected":false},"excerpt":{"rendered":"<p>Segesv\u00e1r, 1845., \u2020 Segesv\u00e1r, 1903. m\u00e1j. 8.: ev. tan\u00edt\u00f3. \u2013 Tan\u00edtott 36 \u00e9vet; kiad\u00f3tulajdonosa \u00e9s szerk.-je a Beszterc\u00e9n megjelent Bistrizer Ztg. -nak. Irod.: Guly\u00e1s<\/p>\n","protected":false},"featured_media":0,"comment_status":"open","ping_status":"closed","template":"","meta":[],"product_brand":[],"product_cat":[137],"product_tag":[],"class_list":{"0":"post-9630","1":"product","2":"type-product","3":"status-publish","5":"product_cat-maros-megyei-eletrajzi-lexikon","7":"first","8":"instock","9":"shipping-taxable","10":"product-type-simple"},"_links":{"self":[{"href":"https:\/\/uj.adatbank.ro\/lexikon\/wp-json\/wp\/v2\/product\/9630","targetHints":{"allow":["GET"]}}],"collection":[{"href":"https:\/\/uj.adatbank.ro\/lexikon\/wp-json\/wp\/v2\/product"}],"about":[{"href":"https:\/\/uj.adatbank.ro\/lexikon\/wp-json\/wp\/v2\/types\/product"}],"replies":[{"embeddable":true,"href":"https:\/\/uj.adatbank.ro\/lexikon\/wp-json\/wp\/v2\/comments?post=9630"}],"wp:attachment":[{"href":"https:\/\/uj.adatbank.ro\/lexikon\/wp-json\/wp\/v2\/media?parent=9630"}],"wp:term":[{"taxonomy":"product_brand","embeddable":true,"href":"https:\/\/uj.adatbank.ro\/lexikon\/wp-json\/wp\/v2\/product_brand?post=9630"},{"taxonomy":"product_cat","embeddable":true,"href":"https:\/\/uj.adatbank.ro\/lexikon\/wp-json\/wp\/v2\/product_cat?post=9630"},{"taxonomy":"product_tag","embeddable":true,"href":"https:\/\/uj.adatbank.ro\/lexikon\/wp-json\/wp\/v2\/product_tag?post=9630"}],"curies":[{"name":"wp","href":"https:\/\/api.w.org\/{rel}","templated":true}]}}