{"id":9631,"date":"2025-06-29T12:51:44","date_gmt":"2025-06-29T10:51:44","guid":{"rendered":"https:\/\/uj.adatbank.ro\/lexikon\/termek\/hann-jozsef\/"},"modified":"2025-06-29T12:51:44","modified_gmt":"2025-06-29T10:51:44","slug":"hann-jozsef","status":"publish","type":"product","link":"https:\/\/uj.adatbank.ro\/lexikon\/termek\/hann-jozsef\/","title":{"rendered":"HANN J\u00f3zsef"},"content":{"rendered":"<p>? \u2020\u00a0?: \u00e9p\u00edt\u00e9szmester. \u2013 Mv.-en a 20. sz. elej\u00e9n \u00e9p\u00edtette a Bolyai u. 16. sz. alatti \u00e9p\u00fcletet S\u00e1rk\u00e1ny Mikl\u00f3s \u00fcgyv\u00e9d r\u00e9sz\u00e9re (1901\u2013) \u00e9s az akkor megnyitott B\u0151s\u00e9g u.-ban J\u00e1nosi J\u00f3zsef h\u00e1z\u00e1t (1903. m\u00e1rc. \u2013). <br \/><strong>Irod.:<\/strong> Man: Tg. M. 2.<\/br><\/p>\n","protected":false},"excerpt":{"rendered":"<p>? \u2020\u00a0?: \u00e9p\u00edt\u00e9szmester. \u2013 Mv.-en a 20. sz. elej\u00e9n \u00e9p\u00edtette a Bolyai u. 16. sz. alatti \u00e9p\u00fcletet S\u00e1rk\u00e1ny Mikl\u00f3s \u00fcgyv\u00e9d r\u00e9sz\u00e9re (1901\u2013) \u00e9s az akkor megnyitott B\u0151s\u00e9g u.-ban J\u00e1nosi J\u00f3zsef h\u00e1z\u00e1t (1903. m\u00e1rc. \u2013). Irod.: Man: Tg. M. 2.<\/p>\n","protected":false},"featured_media":0,"comment_status":"open","ping_status":"closed","template":"","meta":[],"product_brand":[],"product_cat":[137],"product_tag":[],"class_list":{"0":"post-9631","1":"product","2":"type-product","3":"status-publish","5":"product_cat-maros-megyei-eletrajzi-lexikon","7":"first","8":"instock","9":"shipping-taxable","10":"product-type-simple"},"_links":{"self":[{"href":"https:\/\/uj.adatbank.ro\/lexikon\/wp-json\/wp\/v2\/product\/9631","targetHints":{"allow":["GET"]}}],"collection":[{"href":"https:\/\/uj.adatbank.ro\/lexikon\/wp-json\/wp\/v2\/product"}],"about":[{"href":"https:\/\/uj.adatbank.ro\/lexikon\/wp-json\/wp\/v2\/types\/product"}],"replies":[{"embeddable":true,"href":"https:\/\/uj.adatbank.ro\/lexikon\/wp-json\/wp\/v2\/comments?post=9631"}],"wp:attachment":[{"href":"https:\/\/uj.adatbank.ro\/lexikon\/wp-json\/wp\/v2\/media?parent=9631"}],"wp:term":[{"taxonomy":"product_brand","embeddable":true,"href":"https:\/\/uj.adatbank.ro\/lexikon\/wp-json\/wp\/v2\/product_brand?post=9631"},{"taxonomy":"product_cat","embeddable":true,"href":"https:\/\/uj.adatbank.ro\/lexikon\/wp-json\/wp\/v2\/product_cat?post=9631"},{"taxonomy":"product_tag","embeddable":true,"href":"https:\/\/uj.adatbank.ro\/lexikon\/wp-json\/wp\/v2\/product_tag?post=9631"}],"curies":[{"name":"wp","href":"https:\/\/api.w.org\/{rel}","templated":true}]}}