{"id":9632,"date":"2025-06-29T12:51:47","date_gmt":"2025-06-29T10:51:47","guid":{"rendered":"https:\/\/uj.adatbank.ro\/lexikon\/termek\/hann-jozsef-2\/"},"modified":"2025-06-29T12:51:47","modified_gmt":"2025-06-29T10:51:47","slug":"hann-jozsef-2","status":"publish","type":"product","link":"https:\/\/uj.adatbank.ro\/lexikon\/termek\/hann-jozsef-2\/","title":{"rendered":"HANN J\u00f3zsef"},"content":{"rendered":"<p>Mv., 1914. nov. 12., \u2020\u00a01976. m\u00e1rc. 25.: r. k. pap. \u2013 Mv.-en v\u00e9gete a gimn. -ot, a teol\u00f3gi\u00e1t Gyulafeh\u00e9rv\u00e1ron. Papp\u00e1 szentelt\u00e9k Mv.-en (1938. m\u00e1rc. 20.). K\u00e1pl\u00e1n volt Nagyk\u00e1szonban (1938), Sz\u00e9kelyudvarhelyen (1940), Kv.-on (1943). Pl\u00e9b\u00e1nos Magyarfenesen (1946), Sz\u00e1szfenesen (1952\u2013). <br \/><strong>Irod.:<\/strong> Ferenczi S\u00e1ndor 2009<\/br><\/p>\n","protected":false},"excerpt":{"rendered":"<p>Mv., 1914. nov. 12., \u2020\u00a01976. m\u00e1rc. 25.: r. k. pap. \u2013 Mv.-en v\u00e9gete a gimn. -ot, a teol\u00f3gi\u00e1t Gyulafeh\u00e9rv\u00e1ron. Papp\u00e1 szentelt\u00e9k Mv.-en (1938. m\u00e1rc. 20.). K\u00e1pl\u00e1n volt Nagyk\u00e1szonban (1938), Sz\u00e9kelyudvarhelyen (1940), Kv.-on (1943). Pl\u00e9b\u00e1nos Magyarfenesen (1946), Sz\u00e1szfenesen (1952\u2013). Irod.: Ferenczi S\u00e1ndor 2009<\/p>\n","protected":false},"featured_media":0,"comment_status":"open","ping_status":"closed","template":"","meta":[],"product_brand":[],"product_cat":[137],"product_tag":[],"class_list":{"0":"post-9632","1":"product","2":"type-product","3":"status-publish","5":"product_cat-maros-megyei-eletrajzi-lexikon","7":"first","8":"instock","9":"shipping-taxable","10":"product-type-simple"},"_links":{"self":[{"href":"https:\/\/uj.adatbank.ro\/lexikon\/wp-json\/wp\/v2\/product\/9632","targetHints":{"allow":["GET"]}}],"collection":[{"href":"https:\/\/uj.adatbank.ro\/lexikon\/wp-json\/wp\/v2\/product"}],"about":[{"href":"https:\/\/uj.adatbank.ro\/lexikon\/wp-json\/wp\/v2\/types\/product"}],"replies":[{"embeddable":true,"href":"https:\/\/uj.adatbank.ro\/lexikon\/wp-json\/wp\/v2\/comments?post=9632"}],"wp:attachment":[{"href":"https:\/\/uj.adatbank.ro\/lexikon\/wp-json\/wp\/v2\/media?parent=9632"}],"wp:term":[{"taxonomy":"product_brand","embeddable":true,"href":"https:\/\/uj.adatbank.ro\/lexikon\/wp-json\/wp\/v2\/product_brand?post=9632"},{"taxonomy":"product_cat","embeddable":true,"href":"https:\/\/uj.adatbank.ro\/lexikon\/wp-json\/wp\/v2\/product_cat?post=9632"},{"taxonomy":"product_tag","embeddable":true,"href":"https:\/\/uj.adatbank.ro\/lexikon\/wp-json\/wp\/v2\/product_tag?post=9632"}],"curies":[{"name":"wp","href":"https:\/\/api.w.org\/{rel}","templated":true}]}}