{"id":9633,"date":"2025-06-29T12:51:48","date_gmt":"2025-06-29T10:51:48","guid":{"rendered":"https:\/\/uj.adatbank.ro\/lexikon\/termek\/hannenheim-andreas\/"},"modified":"2025-06-29T12:51:48","modified_gmt":"2025-06-29T10:51:48","slug":"hannenheim-andreas","status":"publish","type":"product","link":"https:\/\/uj.adatbank.ro\/lexikon\/termek\/hannenheim-andreas\/","title":{"rendered":"HANNENHEIM Andreas"},"content":{"rendered":"<p>? \u2020\u00a0?: kir. b\u00edr\u00f3. \u2013 Segesv\u00e1ron kir. b\u00edr\u00f3 (1773 k.). &#8211;<br \/><strong>Irod.:<\/strong> Bozac-Pavel<\/br><\/p>\n","protected":false},"excerpt":{"rendered":"<p>? \u2020\u00a0?: kir. b\u00edr\u00f3. \u2013 Segesv\u00e1ron kir. b\u00edr\u00f3 (1773 k.). &#8211;Irod.: Bozac-Pavel<\/p>\n","protected":false},"featured_media":0,"comment_status":"open","ping_status":"closed","template":"","meta":[],"product_brand":[],"product_cat":[137],"product_tag":[],"class_list":{"0":"post-9633","1":"product","2":"type-product","3":"status-publish","5":"product_cat-maros-megyei-eletrajzi-lexikon","7":"first","8":"instock","9":"shipping-taxable","10":"product-type-simple"},"_links":{"self":[{"href":"https:\/\/uj.adatbank.ro\/lexikon\/wp-json\/wp\/v2\/product\/9633","targetHints":{"allow":["GET"]}}],"collection":[{"href":"https:\/\/uj.adatbank.ro\/lexikon\/wp-json\/wp\/v2\/product"}],"about":[{"href":"https:\/\/uj.adatbank.ro\/lexikon\/wp-json\/wp\/v2\/types\/product"}],"replies":[{"embeddable":true,"href":"https:\/\/uj.adatbank.ro\/lexikon\/wp-json\/wp\/v2\/comments?post=9633"}],"wp:attachment":[{"href":"https:\/\/uj.adatbank.ro\/lexikon\/wp-json\/wp\/v2\/media?parent=9633"}],"wp:term":[{"taxonomy":"product_brand","embeddable":true,"href":"https:\/\/uj.adatbank.ro\/lexikon\/wp-json\/wp\/v2\/product_brand?post=9633"},{"taxonomy":"product_cat","embeddable":true,"href":"https:\/\/uj.adatbank.ro\/lexikon\/wp-json\/wp\/v2\/product_cat?post=9633"},{"taxonomy":"product_tag","embeddable":true,"href":"https:\/\/uj.adatbank.ro\/lexikon\/wp-json\/wp\/v2\/product_tag?post=9633"}],"curies":[{"name":"wp","href":"https:\/\/api.w.org\/{rel}","templated":true}]}}