{"id":9635,"date":"2025-06-29T12:51:51","date_gmt":"2025-06-29T10:51:51","guid":{"rendered":"https:\/\/uj.adatbank.ro\/lexikon\/termek\/hant-geza\/"},"modified":"2025-06-29T12:51:51","modified_gmt":"2025-06-29T10:51:51","slug":"hant-geza","status":"publish","type":"product","link":"https:\/\/uj.adatbank.ro\/lexikon\/termek\/hant-geza\/","title":{"rendered":"HANT G\u00e9za"},"content":{"rendered":"<p>? \u2020\u00a0?\u00a0: tan\u00e1r. \u2013 R\u00e9szt vett az Erd\u00e9lyi R. K. tan\u00e1rok mv.-i kongresszus\u00e1n (1943. j\u00fal. 4\u20135). <br \/><strong>Irod.:<\/strong> H\u00e1bor\u00fas nevel\u00e9s (Kv., 1943)<\/br><\/p>\n","protected":false},"excerpt":{"rendered":"<p>? \u2020\u00a0?\u00a0: tan\u00e1r. \u2013 R\u00e9szt vett az Erd\u00e9lyi R. K. tan\u00e1rok mv.-i kongresszus\u00e1n (1943. j\u00fal. 4\u20135). Irod.: H\u00e1bor\u00fas nevel\u00e9s (Kv., 1943)<\/p>\n","protected":false},"featured_media":0,"comment_status":"open","ping_status":"closed","template":"","meta":[],"product_brand":[],"product_cat":[137],"product_tag":[],"class_list":{"0":"post-9635","1":"product","2":"type-product","3":"status-publish","5":"product_cat-maros-megyei-eletrajzi-lexikon","7":"first","8":"instock","9":"shipping-taxable","10":"product-type-simple"},"_links":{"self":[{"href":"https:\/\/uj.adatbank.ro\/lexikon\/wp-json\/wp\/v2\/product\/9635","targetHints":{"allow":["GET"]}}],"collection":[{"href":"https:\/\/uj.adatbank.ro\/lexikon\/wp-json\/wp\/v2\/product"}],"about":[{"href":"https:\/\/uj.adatbank.ro\/lexikon\/wp-json\/wp\/v2\/types\/product"}],"replies":[{"embeddable":true,"href":"https:\/\/uj.adatbank.ro\/lexikon\/wp-json\/wp\/v2\/comments?post=9635"}],"wp:attachment":[{"href":"https:\/\/uj.adatbank.ro\/lexikon\/wp-json\/wp\/v2\/media?parent=9635"}],"wp:term":[{"taxonomy":"product_brand","embeddable":true,"href":"https:\/\/uj.adatbank.ro\/lexikon\/wp-json\/wp\/v2\/product_brand?post=9635"},{"taxonomy":"product_cat","embeddable":true,"href":"https:\/\/uj.adatbank.ro\/lexikon\/wp-json\/wp\/v2\/product_cat?post=9635"},{"taxonomy":"product_tag","embeddable":true,"href":"https:\/\/uj.adatbank.ro\/lexikon\/wp-json\/wp\/v2\/product_tag?post=9635"}],"curies":[{"name":"wp","href":"https:\/\/api.w.org\/{rel}","templated":true}]}}