{"id":9640,"date":"2025-06-29T12:52:02","date_gmt":"2025-06-29T10:52:02","guid":{"rendered":"https:\/\/uj.adatbank.ro\/lexikon\/termek\/harag-gyorgy-%c2%a7\/"},"modified":"2025-06-29T12:52:02","modified_gmt":"2025-06-29T10:52:02","slug":"harag-gyorgy-%c2%a7","status":"publish","type":"product","link":"https:\/\/uj.adatbank.ro\/lexikon\/termek\/harag-gyorgy-%c2%a7\/","title":{"rendered":"HARAG Gy\u00f6rgy, \u00a7"},"content":{"rendered":"<p>Margitta, 1925. j\u00fan. 4., \u2020 Mv., 1985. j\u00fal. 7.: sz\u00ednh\u00e1zi rendez\u0151, m\u0171ford\u00edt\u00f3. \u2013 H. Jen\u0151, fakeresked\u0151 \u00e9s K\u00e1d\u00e1r Magda fia. Feles\u00e9ge: 1. Borb\u00e1th \u00c9va Ilona, sz\u00edn\u00e9szn\u0151 (1958\u201367), 2. V\u00e1ri Ilona (1974\u2013). \u2013 Elemi iskol\u00e1it Margitt\u00e1n \u00e9s Tasn\u00e1don, a k\u00f6z\u00e9piskol\u00e1t Nagyv\u00e1radon a Gojduban, a Szent L\u00e1szl\u00f3 L\u00edc.-ban \u00e9s a \u00ab Kecskem\u00e9ti\u00a0\u00ab Zsid\u00f3 L\u00edc.-ban v\u00e9gezte (1943). Seg\u00e9dmunk\u00e1sk\u00e9nt ker\u00e1miak\u00e9sz\u00edt\u00e9st tanult Bp.-en (1944) Auschwitzba Mauthausen, Ebenseebe deport\u00e1lt\u00e1k csal\u00e1dj\u00e1val egy\u00fctt, sz\u00fclei \u00e9s k\u00e9t \u00f6ccse elpusztultak (1944), Tasn\u00e1dra ker\u00fclt vissza. A kv.-i Szentgy\u00f6rgyi Istv\u00e1n Sz\u00ednm\u0171v\u00e9szeti F\u0151iskol\u00e1n sz\u00edn\u00e9sz- (1946\u20131950) \u00e9s rendez\u0151i szakon v\u00e9gzett (1948\u20131952). Tan\u00e1rai voltak: Po\u00f3r Lilli, Szab\u00f3 Lajos, Delly Ferenc, Tompa Mikl\u00f3s. Sz\u00edn\u00e9sz a kv.-i \u00c1llami M. Sz\u00ednh\u00e1zban (1947\u2013), majd tan\u00e1rseg\u00e9d \u00e9s rendez\u0151 Kv.-on (1947\u201353); a f\u0151iskola v\u00e9gz\u0151s sz\u00edn\u00e9sz \u00e9vfolyam\u00e1val egy\u00fctt sz\u00ednh\u00e1zat alap\u00edtottak Nagyb\u00e1ny\u00e1n, ahol t\u00e1rsrendez\u0151 (1953\u201360), majd rendez\u0151; a t\u00e1rsulat \u00e1tk\u00f6lt\u00f6z\u00f6tt Szatm\u00e1rra \u00e9s megalap\u00edtotta a szatm\u00e1ri \u00c1llami M. Sz\u00ednh\u00e1zat (1957. \u00e1pr. 1.), amelynek \u0151 alak\u00edtotta ki a m\u0171sorrendj\u00e9t eg\u00e9szen t\u00e1voz\u00e1s\u00e1ig igazgat\u00f3-f\u0151rendez\u0151jek\u00e9nt. A mv.-i (1960\u201362), kv.-i (1962\u201366), ploiesti sz\u00ednh\u00e1z rendez\u0151je (1962\u201363); Mv.-en volt f\u0151rendez\u0151 (1963\u201375), ekkor kezd\u0151d\u00f6tt el p\u00e1ly\u00e1j\u00e1nak nagy korszaka a Nagy Istv\u00e1n: \u00d6z\u00f6nv\u00edz el\u0151tt, Bartha Lajos: Szerelem; Mad\u00e1ch: Ember trag\u00e9di\u00e1ja c. dr\u00e1m\u00e1j\u00e1nak korszer\u0171 sz\u00ednrevitel\u00e9vel. K\u00f6zvetlen munkat\u00e1rsa K\u00f6l\u00f6nte Zsolt, d\u00edszlettervez\u0151 (1968\u201373). Tan\u00edtott a Szentgy\u00f6rgyi Istv\u00e1n Sz\u00ednm\u0171v\u00e9szeti Int\u00e9zetben. A kv.-i \u00c1llami M. Sz\u00ednh\u00e1z f\u0151rendez\u0151je hal\u00e1l\u00e1ig (1975\u201385). Itt rendezett darabok: S\u00fct\u0151 Andr\u00e1s: A l\u00f3cs\u00edsz\u00e1r vir\u00e1gvas\u00e1rnapja; Csillag a m\u00e1gly\u00e1n; Kain \u00e9s \u00c1bel; A Sz\u00fazai mennyegz\u0151 a rom\u00e1niai m. sz\u00ednj\u00e1tsz\u00e1st szellemi forumm\u00e1, sorsprobl\u00e9m\u00e1k megfogalmaz\u00f3j\u00e1v\u00e1 emelte. Legh\u00edresebb el\u0151ad\u00e1sai \u00e9lete utols\u00f3 m\u00e1sf\u00e9l \u00e9vtized\u00e9ben sz\u00fclettek. A h\u00e1bor\u00fa ut\u00e1ni sz\u00ednh\u00e1zi \u00e9let hat\u00e1rokon t\u00fal is nagyrabecs\u00fclt, kimagasl\u00f3 egy\u00e9nis\u00e9ge volt. Rendezett vend\u00e9gk\u00e9nt Bp.-en, Gy\u0151r\u00f6tt, P\u00e9csett, Gyul\u00e1n, Szabadk\u00e1n, \u00dajvid\u00e9ken. Angliai tanulm\u00e1ny\u00faton j\u00e1rt a British Council megh\u00edv\u00e1s\u00e1ra (1972. okt.) A sz\u00ednh\u00e1zak j\u00e1t\u00e9krendj\u00e9t gazdag\u00edtotta ford\u00edt\u00e1saival. A szatm\u00e1ri t\u00e1rsulat felvette a nev\u00e9t (1993). A M. kult\u00far\u00e1\u00e9rt d\u00edjat poszthumusz kapta meg (1988), a H. Gy. alap\u00edtv\u00e1ny, a Kv.-i \u00c1llami M. Sz\u00ednh\u00e1z, H. Gy-eml\u00e9knapokat rendezett (Kv., 2000 \u00e9s 2006). \u2013 <strong>F. m.:<\/strong> Baratisvili Maria: Szitak\u00f6t\u0151. (V\u00edgj\u00e1t\u00e9k 4 felvon\u00e1sban, 5 k\u00e9pben. Rendez\u0151i utas\u00edt\u00e1sok (Nagyv\u00e1rad, 1960); <strong>F. r.:<\/strong>: H\u00e1y Gyula: Az \u00e9let h\u00eddja (1951); Gorbatov: Ap\u00e1k ifj\u00fas\u00e1ga (Tompa Mikl\u00f3ssal, 1954); Abuzov: V\u00e1rossz\u00e9li h\u00e1zik\u00f3 (1955); Karinthy Frigyes-Majoros I.: A nagy \u00e9kszer\u00e9sz (1956); F\u00f6ldes M.: H\u00e9tk\u00f6znapok (1957); Gorkij: Vassza Zseleznova (1957); Goodrich\u2013Hackett: Anna Frank napl\u00f3ja (1958); Shakespeare: Hamlet (1959); Kir\u00e1ly S.: \u00c9gb\u0151l pottyant vend\u00e9g (1960); Hugo V.: Ruy Blas(1960); Garcia Lorca: Bernarda Alba h\u00e1za (1961); Mirodan: \u00dajs\u00e1g\u00edr\u00f3k (1961); Peter Karvas: \u00c9jf\u00e9li mise (1961); Otcenasek: R\u00f3meo J\u00falia \u00e9s a s\u00f6t\u00e9ts\u00e9g (1962); Arbuzov: Irkucki t\u00f6rt\u00e9net (1962); Moliere: Taruffe (1963); F\u00f6ldes M.: Baleset az \u00faj utc\u00e1ban (1964); Miller A.: Pillant\u00e1s a h\u00eddr\u00f3l (1965); D\u00fcrrenmatt: A fizikusok (1966); Arany J\u00e1nos irodalmi est (1967); S\u00fct\u0151 A.: Pomp\u00e1s Gedeon (1967); Shakespeare: Macberth (1967); Csehov: Platonov szerelmei (1968); Aghata Christe: Eg\u00e9rfog\u00f3 (1968); Shakespeare: Machbet (1969); Sherwood: A megk\u00f6vesedett erd\u0151 (1970); Nagy I.: \u00d6z\u00f6nv\u00edz el\u0151tt (1971); Szab\u00f3 Lajos: Ments\u00e9g (1971); Karinthy kabar\u00e9-est (Anatol Constantin, Hunyadi Andr\u00e1ssal, 1971), Petru Vintil\u0103: Az \u00e1lmok h\u00e1za (1972); Camil Petrescu: Jocul Ielelor (1972); Bartha Lajos: Szerelem (1973); P\u00e1sk\u00e1ndi G\u00e9za: Tornyot v\u00e1lasztok (1974); Mad\u00e1ch Imre: Az ember trag\u00e9di\u00e1ja (Kv., 1973; Mv, 1975); S\u00fct\u0151 Andr\u00e1s: A l\u00f3cs\u00edsz\u00e1r vir\u00e1gvas\u00e1rnapja (1975); Asztalos Istv\u00e1n: Fekete macska (1975); Mihail Sorbu: Patima ro\u0219ie (1975); S\u00fct\u0151 Andr\u00e1s: Csillag a m\u00e1gly\u00e1n (1976); S\u00fct\u0151 Andr\u00e1s: Vid\u00e1m sirat\u00f3 egy bolyong\u00f3 porszem\u00e9rt (Hunyadi Andr\u00e1ssal, 1977); S\u00fct\u0151 Andr\u00e1s : Kain \u00e9s \u00c1bel (1978); Csiky L\u00e1szl\u00f3: \u00d6reg h\u00e1z (1978); Gorkij, Maxim: \u00c9jjeli mened\u00e9khely (1979); Bajor Andor: Sz\u00fcrke d\u00e9lut\u00e1n (1980), M\u00f3ricz: Nem \u00e9lhetek muzsikasz\u00f3 n\u00e9lk\u00fcl (1980); A sz\u00fazai mennyegz\u0151 (1981); L\u0151rinczi L.: A szeret\u0151 (1981); Tomcsa S.: M\u0171t\u00e9t (1983); V\u00f6r\u00f6smarty M.: Csongor \u00e9s T\u00fcnde (1984); Csehov: Csereszny\u00e9skert (1985); F\u00f6ldes M\u00e1ria: Accidentul (1967); Agatha Cristie: Cursa de \u015foareci; Victor Eftimiu: Omul care a v\u0103zut moartea; Emmet Sherwood: P\u0103durea \u00eempietrit\u0103; D. R. Popescu: Pisica \u00een noaptea anului nou; Oskar Wilde: Bun\u0103 seara, domnule Wilde; Titus Popovici: Putere \u015fi adev\u0103r; Radu Nichita: Premiera; Mihail Sorbul: Patima ro\u015fie; Suhovo-Kobalin: A murit Tarelkin !; A. P. Cehov: Livada de vi\u015fini; a Szentgy\u00f6rgyi Istv\u00e1n F\u0151iskol\u00e1n: Shaw: Szerelmi h\u00e1zass\u00e1g (1977); Mv. Ariel ifj. \u00e9s gyermeksz\u00ednh\u00e1z: Jerome F. -Caragiale I. L.: N\u00e9gyoldal a nevet\u00e9s t\u00f6rt\u00e9net\u00e9b\u0151l (1966); D\u00f6m\u00e9ny I.: Jancsi, Karcsi \u00e9s a plasztelin (1967); Szabadka: Thomas R.: Szeg\u00e9ny D\u00e1niel (1969); Christie A.: T\u00edz kicsi n\u00e9ger (1971); T\u00f3th M.: Elcser\u00e9lt v\u0151leg\u00e9ny (1971); Sebastian M.: A n\u00e9vtelen csillag (1973, szerb nyelven); Bogd\u00e1nfy S.: B\u0171n\u00f6s\u00f6k (1974); Barta Lajos: Szerelem (1975); Moliere: Tartuffe (1977); Sastre A.: A sz\u00e1jkos\u00e1r (1979, szerb nyelven); Szuhovo-Kobilin: Tarelkin hal\u00e1la (1979); \u00dajvid\u00e9k: Csehov: H\u00e1rom n\u0151v\u00e9r (1978); Csehov: Cserszny\u00e9skert (1979); Csehov: V\u00e1nya b\u00e1csi (1981); Kosztol\u00e1nyi D.: \u00c9des Anna (1983); Bp.: Nagy I.: \u00d6z\u00f6nv\u00edz el\u0151tt (Nemzeti Sz\u00ednh\u00e1z, 1976); M\u00f3ricz Zs.: \u00dari muri (V\u00edgsz\u00ednh\u00e1z, 1981); Gy\u0151r: Osztrovszkij: Vihar (1979); Kisfaludy K.: Kisfaludy-j\u00e1t\u00e9k (1980); S\u00fct\u0151 A : Kain \u00e9s \u00c1bel, A sz\u00fazai mennyegz\u0151 (1981); P\u00e9cs: Sz\u00e9kely J.: Caligula helytart\u00f3ja (Nemzeti Sz\u00ednh\u00e1z, 1978 \u00e9s Gyulai v\u00e1rj\u00e1t\u00e9kok, 1978).<strong>ford.:<\/strong> Arbuzov: T\u00e1nya (t\u00e1rssz. Kov\u00e1cs Ferenc); Csehov: Platonov <br \/><strong>Irod.:<\/strong> Aranykorszak; \u00c1t akarta \u00f6lelni az eg\u00e9sz vil\u00e1got. H. Gy. sz\u00ednh\u00e1za. V\u00e1logatta \u00e9s <strong>szerk.:<\/strong> Kov\u00e1cs \u00d6rs Levente (Bp., 2020); Chereji Peris; Csir\u00e1k Csaba: H. Gy. szatm\u00e1rn\u00e9meti rendez\u00e9sei (Erd\u00e9lyi Napl\u00f3, 29. sz., 2005. j\u00fal. 19.); Darvay Nagy Adrienne: Del\u00edrium (H. Gy. t\u00e1ncai) (Sz\u00e9kelyf\u00f6ld, 7. sz., 2000. j\u00fal.); EMP; Erd\u00e9lyi L 2009, fot\u00f3 1972; Fodor Zeno Fornade; G\u00e1sp\u00e1rik Attila: H. n\u00e9lk\u00fcl (N\u00fa., 2010. j\u00fan. 8.); Gy\u00e1rf\u00e1s 2013; Gy\u00e1rf\u00e1s Mikl\u00f3s: H. Gy. (V. Z., 1978. nov. 19.); H. Gy. [Nekrol\u00f3g] (V. Z., 1985. j\u00fal. 12.); H. Gy. eml\u00e9ke el\u0151tt tisztelegtek (Kr\u00f3nika, 2000. nov. 10.); H. Gy. sz\u00ednh\u00e1za (V\u00e1log., szerk., jegyz. N\u00e1nay Istv\u00e1n; Bp., 1992); A H\u00e9t \u00e9vk. (1982); Horv\u00e1th Bea, Kar\u00e1csonyi Zsolt: Harag \u00e9s k\u00f6rny\u00e9ke: H. Gy. -eml\u00e9knapok Kv.-on (Irodalmi Jelen, 2006. j\u00fal.); Id\u0151t\u00e1r 4.; K\u00e1ntor-K\u00f6t\u0151; Kar\u00e1csonyi Zsolt. Harag-eml\u00e9kk\u00f6nyv, szem\u00e9lyes v\u00e1ltozat (Helikon, 2021. 17. sz., ); Koch M\u00e1ria: A siker k\u00f6telez (V. Z., 1971. j\u00fan. 6.); Kov\u00e1cs Levente; Kov\u00e1cs Levente: Mad\u00e1ch &#038; Harag Mv.-en (Mv., 2003); Marosi Ildik\u00f3: H. Gy. (\u00daj \u00c9let, 7. sz. 1985); Marosi Ildik\u00f3. Eml\u00e9kpr\u00f3ba: Riportok, jegyzetek, interjuk H. Gy. -gyel. (Cs\u00edkszereda, 2005); Marosi Ildik\u00f3: Kis\/Harag\/k\u00f6nyv (Cs\u00edkszereda, 2005.); M\u00c9L; Mv.-i zsid\u00f3 temet\u0151 dok.; Ol\u00e1h Tibor 1996; RMIL; R\u00daL; Todea 2013; Tompa G\u00e1bor: H. Gy. rendez (Sz\u00e9kelyf\u00f6ld, 7. sz., 2000. j\u00fal.); \u00daM\u00c9L; Zsehr\u00e1nszky Istv\u00e1n: \u00dcnnep \u00e9s Ad\u00f3s\u00e1g (N\u00fa., M\u00fazsa, 81. sz., 1992. nov. 12.); Wertzberger<\/br><\/p>\n","protected":false},"excerpt":{"rendered":"<p>Margitta, 1925. j\u00fan. 4., \u2020 Mv., 1985. j\u00fal. 7.: sz\u00ednh\u00e1zi rendez\u0151, m\u0171ford\u00edt\u00f3. \u2013 H. Jen\u0151, fakeresked\u0151 \u00e9s K\u00e1d\u00e1r Magda fia. Feles\u00e9ge: 1. Borb\u00e1th \u00c9va Ilona, sz\u00edn\u00e9szn\u0151 (1958\u201367), 2. V\u00e1ri Ilona (1974\u2013). \u2013 Elemi iskol\u00e1it Margitt\u00e1n \u00e9s Tasn\u00e1don, a k\u00f6z\u00e9piskol\u00e1t Nagyv\u00e1radon a Gojduban, a Szent L\u00e1szl\u00f3 L\u00edc.-ban \u00e9s a \u00ab Kecskem\u00e9ti\u00a0\u00ab Zsid\u00f3 L\u00edc.-ban v\u00e9gezte (1943). Seg\u00e9dmunk\u00e1sk\u00e9nt [&hellip;]<\/p>\n","protected":false},"featured_media":0,"comment_status":"open","ping_status":"closed","template":"","meta":[],"product_brand":[],"product_cat":[137],"product_tag":[],"class_list":{"0":"post-9640","1":"product","2":"type-product","3":"status-publish","5":"product_cat-maros-megyei-eletrajzi-lexikon","7":"first","8":"instock","9":"shipping-taxable","10":"product-type-simple"},"_links":{"self":[{"href":"https:\/\/uj.adatbank.ro\/lexikon\/wp-json\/wp\/v2\/product\/9640","targetHints":{"allow":["GET"]}}],"collection":[{"href":"https:\/\/uj.adatbank.ro\/lexikon\/wp-json\/wp\/v2\/product"}],"about":[{"href":"https:\/\/uj.adatbank.ro\/lexikon\/wp-json\/wp\/v2\/types\/product"}],"replies":[{"embeddable":true,"href":"https:\/\/uj.adatbank.ro\/lexikon\/wp-json\/wp\/v2\/comments?post=9640"}],"wp:attachment":[{"href":"https:\/\/uj.adatbank.ro\/lexikon\/wp-json\/wp\/v2\/media?parent=9640"}],"wp:term":[{"taxonomy":"product_brand","embeddable":true,"href":"https:\/\/uj.adatbank.ro\/lexikon\/wp-json\/wp\/v2\/product_brand?post=9640"},{"taxonomy":"product_cat","embeddable":true,"href":"https:\/\/uj.adatbank.ro\/lexikon\/wp-json\/wp\/v2\/product_cat?post=9640"},{"taxonomy":"product_tag","embeddable":true,"href":"https:\/\/uj.adatbank.ro\/lexikon\/wp-json\/wp\/v2\/product_tag?post=9640"}],"curies":[{"name":"wp","href":"https:\/\/api.w.org\/{rel}","templated":true}]}}