{"id":9643,"date":"2025-06-29T12:52:09","date_gmt":"2025-06-29T10:52:09","guid":{"rendered":"https:\/\/uj.adatbank.ro\/lexikon\/termek\/harap-bela\/"},"modified":"2025-06-29T12:52:09","modified_gmt":"2025-06-29T10:52:09","slug":"harap-bela","status":"publish","type":"product","link":"https:\/\/uj.adatbank.ro\/lexikon\/termek\/harap-bela\/","title":{"rendered":"HARAP B\u00e9la"},"content":{"rendered":"<p>Gal\u00f3c\u00e1s, ? \u2020\u00a0? : eml\u00e9k\u00edr\u00f3, \u00fcgyv\u00e9d. \u2013 <strong>F. m.:<\/strong> Kilencven \u00e9v a Maros \u00e9s a Kongo k\u00f6z\u00f6tt (Bp., 2001). <br \/><strong>Irod.:<\/strong> N\u00fa (2004. okt. 2.)<\/br><\/p>\n","protected":false},"excerpt":{"rendered":"<p>Gal\u00f3c\u00e1s, ? \u2020\u00a0? : eml\u00e9k\u00edr\u00f3, \u00fcgyv\u00e9d. \u2013 F. m.: Kilencven \u00e9v a Maros \u00e9s a Kongo k\u00f6z\u00f6tt (Bp., 2001). Irod.: N\u00fa (2004. okt. 2.)<\/p>\n","protected":false},"featured_media":0,"comment_status":"open","ping_status":"closed","template":"","meta":[],"product_brand":[],"product_cat":[137],"product_tag":[],"class_list":{"0":"post-9643","1":"product","2":"type-product","3":"status-publish","5":"product_cat-maros-megyei-eletrajzi-lexikon","7":"first","8":"instock","9":"shipping-taxable","10":"product-type-simple"},"_links":{"self":[{"href":"https:\/\/uj.adatbank.ro\/lexikon\/wp-json\/wp\/v2\/product\/9643","targetHints":{"allow":["GET"]}}],"collection":[{"href":"https:\/\/uj.adatbank.ro\/lexikon\/wp-json\/wp\/v2\/product"}],"about":[{"href":"https:\/\/uj.adatbank.ro\/lexikon\/wp-json\/wp\/v2\/types\/product"}],"replies":[{"embeddable":true,"href":"https:\/\/uj.adatbank.ro\/lexikon\/wp-json\/wp\/v2\/comments?post=9643"}],"wp:attachment":[{"href":"https:\/\/uj.adatbank.ro\/lexikon\/wp-json\/wp\/v2\/media?parent=9643"}],"wp:term":[{"taxonomy":"product_brand","embeddable":true,"href":"https:\/\/uj.adatbank.ro\/lexikon\/wp-json\/wp\/v2\/product_brand?post=9643"},{"taxonomy":"product_cat","embeddable":true,"href":"https:\/\/uj.adatbank.ro\/lexikon\/wp-json\/wp\/v2\/product_cat?post=9643"},{"taxonomy":"product_tag","embeddable":true,"href":"https:\/\/uj.adatbank.ro\/lexikon\/wp-json\/wp\/v2\/product_tag?post=9643"}],"curies":[{"name":"wp","href":"https:\/\/api.w.org\/{rel}","templated":true}]}}