{"id":9651,"date":"2025-06-29T12:52:23","date_gmt":"2025-06-29T10:52:23","guid":{"rendered":"https:\/\/uj.adatbank.ro\/lexikon\/termek\/harinnai-bikly-janos-bikali\/"},"modified":"2025-06-29T12:52:23","modified_gmt":"2025-06-29T10:52:23","slug":"harinnai-bikly-janos-bikali","status":"publish","type":"product","link":"https:\/\/uj.adatbank.ro\/lexikon\/termek\/harinnai-bikly-janos-bikali\/","title":{"rendered":"HARINNAI BIKLY J\u00e1nos, bikali"},"content":{"rendered":"<p>? \u2020\u00a0?\u00a0: birtokos. \u2013 Feles\u00e9ge: Harinai Farkas Margit. \u2013 H\u00e1zass\u00e1ga r\u00e9v\u00e9n a Bikly csal\u00e1d birtok\u00e1ba ker\u00fclt Sz\u00e1szf\u00fclp\u00f6s (1505) \u00e9s a csal\u00e1d Harinai Bikly nevet vette fel. <br \/><strong>Irod.:<\/strong> Magyarf\u00fclp\u00f6s<\/br><\/p>\n","protected":false},"excerpt":{"rendered":"<p>? \u2020\u00a0?\u00a0: birtokos. \u2013 Feles\u00e9ge: Harinai Farkas Margit. \u2013 H\u00e1zass\u00e1ga r\u00e9v\u00e9n a Bikly csal\u00e1d birtok\u00e1ba ker\u00fclt Sz\u00e1szf\u00fclp\u00f6s (1505) \u00e9s a csal\u00e1d Harinai Bikly nevet vette fel. Irod.: Magyarf\u00fclp\u00f6s<\/p>\n","protected":false},"featured_media":0,"comment_status":"open","ping_status":"closed","template":"","meta":[],"product_brand":[],"product_cat":[137],"product_tag":[],"class_list":{"0":"post-9651","1":"product","2":"type-product","3":"status-publish","5":"product_cat-maros-megyei-eletrajzi-lexikon","7":"first","8":"instock","9":"shipping-taxable","10":"product-type-simple"},"_links":{"self":[{"href":"https:\/\/uj.adatbank.ro\/lexikon\/wp-json\/wp\/v2\/product\/9651","targetHints":{"allow":["GET"]}}],"collection":[{"href":"https:\/\/uj.adatbank.ro\/lexikon\/wp-json\/wp\/v2\/product"}],"about":[{"href":"https:\/\/uj.adatbank.ro\/lexikon\/wp-json\/wp\/v2\/types\/product"}],"replies":[{"embeddable":true,"href":"https:\/\/uj.adatbank.ro\/lexikon\/wp-json\/wp\/v2\/comments?post=9651"}],"wp:attachment":[{"href":"https:\/\/uj.adatbank.ro\/lexikon\/wp-json\/wp\/v2\/media?parent=9651"}],"wp:term":[{"taxonomy":"product_brand","embeddable":true,"href":"https:\/\/uj.adatbank.ro\/lexikon\/wp-json\/wp\/v2\/product_brand?post=9651"},{"taxonomy":"product_cat","embeddable":true,"href":"https:\/\/uj.adatbank.ro\/lexikon\/wp-json\/wp\/v2\/product_cat?post=9651"},{"taxonomy":"product_tag","embeddable":true,"href":"https:\/\/uj.adatbank.ro\/lexikon\/wp-json\/wp\/v2\/product_tag?post=9651"}],"curies":[{"name":"wp","href":"https:\/\/api.w.org\/{rel}","templated":true}]}}