{"id":9652,"date":"2025-06-29T12:52:25","date_gmt":"2025-06-29T10:52:25","guid":{"rendered":"https:\/\/uj.adatbank.ro\/lexikon\/termek\/harinnai-farkas-dorottya-denessy-janosne-illyei-farkas-dorottya\/"},"modified":"2025-06-29T12:52:25","modified_gmt":"2025-06-29T10:52:25","slug":"harinnai-farkas-dorottya-denessy-janosne-illyei-farkas-dorottya","status":"publish","type":"product","link":"https:\/\/uj.adatbank.ro\/lexikon\/termek\/harinnai-farkas-dorottya-denessy-janosne-illyei-farkas-dorottya\/","title":{"rendered":"HARINNAI FARKAS Dorottya, D\u00e9nessy J\u00e1nosn\u00e9, illyei, Farkas Dorottya"},"content":{"rendered":"<p>? \u2020\u00a0? : f\u0151uri asszony, begina szerzetes. \u2013 A mv.-i Klastrom utcai kolostor f\u0151rang\u00fa n\u0151v\u00e9re, a begin\u00e1k h\u00e1za lak\u00f3ja volt m\u00e1r r\u00e9g\u00f3ta (1503). <br \/><strong>Irod.:<\/strong> Gy\u00f6rgy: A ferencrendiek; Id\u0151t\u00e1r 1, Kr\u00f3n F\u00fcz. 1937 (2. \/6); P\u00e1l-Antal 2009<\/br><\/p>\n","protected":false},"excerpt":{"rendered":"<p>? \u2020\u00a0? : f\u0151uri asszony, begina szerzetes. \u2013 A mv.-i Klastrom utcai kolostor f\u0151rang\u00fa n\u0151v\u00e9re, a begin\u00e1k h\u00e1za lak\u00f3ja volt m\u00e1r r\u00e9g\u00f3ta (1503). Irod.: Gy\u00f6rgy: A ferencrendiek; Id\u0151t\u00e1r 1, Kr\u00f3n F\u00fcz. 1937 (2. \/6); P\u00e1l-Antal 2009<\/p>\n","protected":false},"featured_media":0,"comment_status":"open","ping_status":"closed","template":"","meta":[],"product_brand":[],"product_cat":[137],"product_tag":[],"class_list":{"0":"post-9652","1":"product","2":"type-product","3":"status-publish","5":"product_cat-maros-megyei-eletrajzi-lexikon","7":"first","8":"instock","9":"shipping-taxable","10":"product-type-simple"},"_links":{"self":[{"href":"https:\/\/uj.adatbank.ro\/lexikon\/wp-json\/wp\/v2\/product\/9652","targetHints":{"allow":["GET"]}}],"collection":[{"href":"https:\/\/uj.adatbank.ro\/lexikon\/wp-json\/wp\/v2\/product"}],"about":[{"href":"https:\/\/uj.adatbank.ro\/lexikon\/wp-json\/wp\/v2\/types\/product"}],"replies":[{"embeddable":true,"href":"https:\/\/uj.adatbank.ro\/lexikon\/wp-json\/wp\/v2\/comments?post=9652"}],"wp:attachment":[{"href":"https:\/\/uj.adatbank.ro\/lexikon\/wp-json\/wp\/v2\/media?parent=9652"}],"wp:term":[{"taxonomy":"product_brand","embeddable":true,"href":"https:\/\/uj.adatbank.ro\/lexikon\/wp-json\/wp\/v2\/product_brand?post=9652"},{"taxonomy":"product_cat","embeddable":true,"href":"https:\/\/uj.adatbank.ro\/lexikon\/wp-json\/wp\/v2\/product_cat?post=9652"},{"taxonomy":"product_tag","embeddable":true,"href":"https:\/\/uj.adatbank.ro\/lexikon\/wp-json\/wp\/v2\/product_tag?post=9652"}],"curies":[{"name":"wp","href":"https:\/\/api.w.org\/{rel}","templated":true}]}}