{"id":9655,"date":"2025-06-29T12:52:31","date_gmt":"2025-06-29T10:52:31","guid":{"rendered":"https:\/\/uj.adatbank.ro\/lexikon\/termek\/harinnai-farkas-janos-2\/"},"modified":"2025-06-29T12:52:31","modified_gmt":"2025-06-29T10:52:31","slug":"harinnai-farkas-janos-2","status":"publish","type":"product","link":"https:\/\/uj.adatbank.ro\/lexikon\/termek\/harinnai-farkas-janos-2\/","title":{"rendered":"HARINNAI FARKAS J\u00e1nos"},"content":{"rendered":"<p>? \u2020\u00a01589.: birtokos. \u2013 S\u00f3gora: Bekes G\u00e1sp\u00e1r, akinek az oldal\u00e1n testv\u00e9r\u00e9vel, Mikl\u00f3ssal egy\u00fctt, r\u00e9szt vett a B\u00e1thory Istv\u00e1n elleni t\u00e1mad\u00e1sban, a kerel\u0151szentp\u00e1li csata (1575. j\u00fal. 10.) ut\u00e1n fogs\u00e1gba estek. K\u00e9s\u0151bb kegyelmet kaptak, de a birtokaik a kincst\u00e1rra sz\u00e1lltak. <br \/><strong>Irod.:<\/strong> Magyarf\u00fclp\u00f6s<\/br><\/p>\n","protected":false},"excerpt":{"rendered":"<p>? \u2020\u00a01589.: birtokos. \u2013 S\u00f3gora: Bekes G\u00e1sp\u00e1r, akinek az oldal\u00e1n testv\u00e9r\u00e9vel, Mikl\u00f3ssal egy\u00fctt, r\u00e9szt vett a B\u00e1thory Istv\u00e1n elleni t\u00e1mad\u00e1sban, a kerel\u0151szentp\u00e1li csata (1575. j\u00fal. 10.) ut\u00e1n fogs\u00e1gba estek. K\u00e9s\u0151bb kegyelmet kaptak, de a birtokaik a kincst\u00e1rra sz\u00e1lltak. Irod.: Magyarf\u00fclp\u00f6s<\/p>\n","protected":false},"featured_media":0,"comment_status":"open","ping_status":"closed","template":"","meta":[],"product_brand":[],"product_cat":[137],"product_tag":[],"class_list":{"0":"post-9655","1":"product","2":"type-product","3":"status-publish","5":"product_cat-maros-megyei-eletrajzi-lexikon","7":"first","8":"instock","9":"shipping-taxable","10":"product-type-simple"},"_links":{"self":[{"href":"https:\/\/uj.adatbank.ro\/lexikon\/wp-json\/wp\/v2\/product\/9655","targetHints":{"allow":["GET"]}}],"collection":[{"href":"https:\/\/uj.adatbank.ro\/lexikon\/wp-json\/wp\/v2\/product"}],"about":[{"href":"https:\/\/uj.adatbank.ro\/lexikon\/wp-json\/wp\/v2\/types\/product"}],"replies":[{"embeddable":true,"href":"https:\/\/uj.adatbank.ro\/lexikon\/wp-json\/wp\/v2\/comments?post=9655"}],"wp:attachment":[{"href":"https:\/\/uj.adatbank.ro\/lexikon\/wp-json\/wp\/v2\/media?parent=9655"}],"wp:term":[{"taxonomy":"product_brand","embeddable":true,"href":"https:\/\/uj.adatbank.ro\/lexikon\/wp-json\/wp\/v2\/product_brand?post=9655"},{"taxonomy":"product_cat","embeddable":true,"href":"https:\/\/uj.adatbank.ro\/lexikon\/wp-json\/wp\/v2\/product_cat?post=9655"},{"taxonomy":"product_tag","embeddable":true,"href":"https:\/\/uj.adatbank.ro\/lexikon\/wp-json\/wp\/v2\/product_tag?post=9655"}],"curies":[{"name":"wp","href":"https:\/\/api.w.org\/{rel}","templated":true}]}}