{"id":9657,"date":"2025-06-29T12:52:34","date_gmt":"2025-06-29T10:52:34","guid":{"rendered":"https:\/\/uj.adatbank.ro\/lexikon\/termek\/harinnai-farkas-miklos-harinai-miklos\/"},"modified":"2025-06-29T12:52:34","modified_gmt":"2025-06-29T10:52:34","slug":"harinnai-farkas-miklos-harinai-miklos","status":"publish","type":"product","link":"https:\/\/uj.adatbank.ro\/lexikon\/termek\/harinnai-farkas-miklos-harinai-miklos\/","title":{"rendered":"HARINNAI FARKAS Mikl\u00f3s, Harinai Mikl\u00f3s"},"content":{"rendered":"<p>? \u2020\u00a0?\u00a0: \u00e9tekfog\u00f3mester. \u2013 M\u00e1ty\u00e1s kir\u00e1lyt\u00f3l adom\u00e1nyk\u00e9nt megkapta Magyar- \u00e9s Sz\u00e1szf\u00fclp\u00f6st, Tancsot, \u00d6lyv\u00f6st, \u00e9s Szentandr\u00e1st (1474. m\u00e1j.). <br \/><strong>Irod.:<\/strong> Magyarf\u00fclp\u00f6s<\/br><\/p>\n","protected":false},"excerpt":{"rendered":"<p>? \u2020\u00a0?\u00a0: \u00e9tekfog\u00f3mester. \u2013 M\u00e1ty\u00e1s kir\u00e1lyt\u00f3l adom\u00e1nyk\u00e9nt megkapta Magyar- \u00e9s Sz\u00e1szf\u00fclp\u00f6st, Tancsot, \u00d6lyv\u00f6st, \u00e9s Szentandr\u00e1st (1474. m\u00e1j.). Irod.: Magyarf\u00fclp\u00f6s<\/p>\n","protected":false},"featured_media":0,"comment_status":"open","ping_status":"closed","template":"","meta":[],"product_brand":[],"product_cat":[137],"product_tag":[],"class_list":{"0":"post-9657","1":"product","2":"type-product","3":"status-publish","5":"product_cat-maros-megyei-eletrajzi-lexikon","7":"first","8":"instock","9":"shipping-taxable","10":"product-type-simple"},"_links":{"self":[{"href":"https:\/\/uj.adatbank.ro\/lexikon\/wp-json\/wp\/v2\/product\/9657","targetHints":{"allow":["GET"]}}],"collection":[{"href":"https:\/\/uj.adatbank.ro\/lexikon\/wp-json\/wp\/v2\/product"}],"about":[{"href":"https:\/\/uj.adatbank.ro\/lexikon\/wp-json\/wp\/v2\/types\/product"}],"replies":[{"embeddable":true,"href":"https:\/\/uj.adatbank.ro\/lexikon\/wp-json\/wp\/v2\/comments?post=9657"}],"wp:attachment":[{"href":"https:\/\/uj.adatbank.ro\/lexikon\/wp-json\/wp\/v2\/media?parent=9657"}],"wp:term":[{"taxonomy":"product_brand","embeddable":true,"href":"https:\/\/uj.adatbank.ro\/lexikon\/wp-json\/wp\/v2\/product_brand?post=9657"},{"taxonomy":"product_cat","embeddable":true,"href":"https:\/\/uj.adatbank.ro\/lexikon\/wp-json\/wp\/v2\/product_cat?post=9657"},{"taxonomy":"product_tag","embeddable":true,"href":"https:\/\/uj.adatbank.ro\/lexikon\/wp-json\/wp\/v2\/product_tag?post=9657"}],"curies":[{"name":"wp","href":"https:\/\/api.w.org\/{rel}","templated":true}]}}