{"id":9658,"date":"2025-06-29T12:52:36","date_gmt":"2025-06-29T10:52:36","guid":{"rendered":"https:\/\/uj.adatbank.ro\/lexikon\/termek\/harinnai-farkas-tamas\/"},"modified":"2025-06-29T12:52:36","modified_gmt":"2025-06-29T10:52:36","slug":"harinnai-farkas-tamas","status":"publish","type":"product","link":"https:\/\/uj.adatbank.ro\/lexikon\/termek\/harinnai-farkas-tamas\/","title":{"rendered":"HARINNAI FARKAS Tam\u00e1s"},"content":{"rendered":"<p>? \u2020\u00a0? : v\u00e1rnagy, alisp\u00e1n. \u2013 G\u00f6rg\u00e9nyben v\u00e1rnagy, sz\u00e9kely alisp\u00e1n. \u2013 Gyermekei: Margit, Bikali Bikly J\u00e1nosn\u00e9; J\u00e1nos. <br \/><strong>Irod.:<\/strong> Magyarf\u00fclp\u00f6s; SzOkl, 3<\/br><\/p>\n","protected":false},"excerpt":{"rendered":"<p>? \u2020\u00a0? : v\u00e1rnagy, alisp\u00e1n. \u2013 G\u00f6rg\u00e9nyben v\u00e1rnagy, sz\u00e9kely alisp\u00e1n. \u2013 Gyermekei: Margit, Bikali Bikly J\u00e1nosn\u00e9; J\u00e1nos. Irod.: Magyarf\u00fclp\u00f6s; SzOkl, 3<\/p>\n","protected":false},"featured_media":0,"comment_status":"open","ping_status":"closed","template":"","meta":[],"product_brand":[],"product_cat":[137],"product_tag":[],"class_list":{"0":"post-9658","1":"product","2":"type-product","3":"status-publish","5":"product_cat-maros-megyei-eletrajzi-lexikon","7":"first","8":"instock","9":"shipping-taxable","10":"product-type-simple"},"_links":{"self":[{"href":"https:\/\/uj.adatbank.ro\/lexikon\/wp-json\/wp\/v2\/product\/9658","targetHints":{"allow":["GET"]}}],"collection":[{"href":"https:\/\/uj.adatbank.ro\/lexikon\/wp-json\/wp\/v2\/product"}],"about":[{"href":"https:\/\/uj.adatbank.ro\/lexikon\/wp-json\/wp\/v2\/types\/product"}],"replies":[{"embeddable":true,"href":"https:\/\/uj.adatbank.ro\/lexikon\/wp-json\/wp\/v2\/comments?post=9658"}],"wp:attachment":[{"href":"https:\/\/uj.adatbank.ro\/lexikon\/wp-json\/wp\/v2\/media?parent=9658"}],"wp:term":[{"taxonomy":"product_brand","embeddable":true,"href":"https:\/\/uj.adatbank.ro\/lexikon\/wp-json\/wp\/v2\/product_brand?post=9658"},{"taxonomy":"product_cat","embeddable":true,"href":"https:\/\/uj.adatbank.ro\/lexikon\/wp-json\/wp\/v2\/product_cat?post=9658"},{"taxonomy":"product_tag","embeddable":true,"href":"https:\/\/uj.adatbank.ro\/lexikon\/wp-json\/wp\/v2\/product_tag?post=9658"}],"curies":[{"name":"wp","href":"https:\/\/api.w.org\/{rel}","templated":true}]}}