{"id":9665,"date":"2025-06-29T12:52:54","date_gmt":"2025-06-29T10:52:54","guid":{"rendered":"https:\/\/uj.adatbank.ro\/lexikon\/termek\/harlea-ana\/"},"modified":"2025-06-29T12:52:54","modified_gmt":"2025-06-29T10:52:54","slug":"harlea-ana","status":"publish","type":"product","link":"https:\/\/uj.adatbank.ro\/lexikon\/termek\/harlea-ana\/","title":{"rendered":"H\u00c2RLEA Ana"},"content":{"rendered":"<p>? \u2020 ? : tan\u00edt\u00f3n\u0151. \u2013 Marosszentgy\u00f6rgy\u00f6n tev\u00e9kenykedett az \u00e1llami elemi iskola rom\u00e1n tannyelv\u0171 oszt\u00e1lyaiban (1925\u201337). <br \/><strong>Irod.:<\/strong> S\u00e2ngeorgiu de Mure\u015f \u2013 \u015ecoala<\/br><\/p>\n","protected":false},"excerpt":{"rendered":"<p>? \u2020 ? : tan\u00edt\u00f3n\u0151. \u2013 Marosszentgy\u00f6rgy\u00f6n tev\u00e9kenykedett az \u00e1llami elemi iskola rom\u00e1n tannyelv\u0171 oszt\u00e1lyaiban (1925\u201337). Irod.: S\u00e2ngeorgiu de Mure\u015f \u2013 \u015ecoala<\/p>\n","protected":false},"featured_media":0,"comment_status":"open","ping_status":"closed","template":"","meta":[],"product_brand":[],"product_cat":[137],"product_tag":[],"class_list":{"0":"post-9665","1":"product","2":"type-product","3":"status-publish","5":"product_cat-maros-megyei-eletrajzi-lexikon","7":"first","8":"instock","9":"shipping-taxable","10":"product-type-simple"},"_links":{"self":[{"href":"https:\/\/uj.adatbank.ro\/lexikon\/wp-json\/wp\/v2\/product\/9665","targetHints":{"allow":["GET"]}}],"collection":[{"href":"https:\/\/uj.adatbank.ro\/lexikon\/wp-json\/wp\/v2\/product"}],"about":[{"href":"https:\/\/uj.adatbank.ro\/lexikon\/wp-json\/wp\/v2\/types\/product"}],"replies":[{"embeddable":true,"href":"https:\/\/uj.adatbank.ro\/lexikon\/wp-json\/wp\/v2\/comments?post=9665"}],"wp:attachment":[{"href":"https:\/\/uj.adatbank.ro\/lexikon\/wp-json\/wp\/v2\/media?parent=9665"}],"wp:term":[{"taxonomy":"product_brand","embeddable":true,"href":"https:\/\/uj.adatbank.ro\/lexikon\/wp-json\/wp\/v2\/product_brand?post=9665"},{"taxonomy":"product_cat","embeddable":true,"href":"https:\/\/uj.adatbank.ro\/lexikon\/wp-json\/wp\/v2\/product_cat?post=9665"},{"taxonomy":"product_tag","embeddable":true,"href":"https:\/\/uj.adatbank.ro\/lexikon\/wp-json\/wp\/v2\/product_tag?post=9665"}],"curies":[{"name":"wp","href":"https:\/\/api.w.org\/{rel}","templated":true}]}}