{"id":9666,"date":"2025-06-29T12:52:56","date_gmt":"2025-06-29T10:52:56","guid":{"rendered":"https:\/\/uj.adatbank.ro\/lexikon\/termek\/harlea-constantin\/"},"modified":"2025-06-29T12:52:56","modified_gmt":"2025-06-29T10:52:56","slug":"harlea-constantin","status":"publish","type":"product","link":"https:\/\/uj.adatbank.ro\/lexikon\/termek\/harlea-constantin\/","title":{"rendered":"H\u00c2RLEA Constantin"},"content":{"rendered":"<p>? \u2020 ? : tan\u00edt\u00f3. \u2013 Marosszentgy\u00f6rgy\u00f6n az \u00e1llami iskola rom\u00e1n oszt\u00e1lyaiban oktatott, ahol igazgat\u00f3 is volt (1925\u201331). Szolg\u00e1lata ideje alatt \u00faj rom\u00e1n tannyelv\u0171 iskol\u00e1t \u00e9p\u00edtettek (1928\u201329). Karnagya volt a rom\u00e1n k\u00f3rusnak (1914\u2013). <br \/><strong>Irod.:<\/strong> S\u00e2ngeorgiu de Mure\u015f \u2013 \u015ecoala<\/br><\/p>\n","protected":false},"excerpt":{"rendered":"<p>? \u2020 ? : tan\u00edt\u00f3. \u2013 Marosszentgy\u00f6rgy\u00f6n az \u00e1llami iskola rom\u00e1n oszt\u00e1lyaiban oktatott, ahol igazgat\u00f3 is volt (1925\u201331). Szolg\u00e1lata ideje alatt \u00faj rom\u00e1n tannyelv\u0171 iskol\u00e1t \u00e9p\u00edtettek (1928\u201329). Karnagya volt a rom\u00e1n k\u00f3rusnak (1914\u2013). Irod.: S\u00e2ngeorgiu de Mure\u015f \u2013 \u015ecoala<\/p>\n","protected":false},"featured_media":0,"comment_status":"open","ping_status":"closed","template":"","meta":[],"product_brand":[],"product_cat":[137],"product_tag":[],"class_list":{"0":"post-9666","1":"product","2":"type-product","3":"status-publish","5":"product_cat-maros-megyei-eletrajzi-lexikon","7":"first","8":"instock","9":"shipping-taxable","10":"product-type-simple"},"_links":{"self":[{"href":"https:\/\/uj.adatbank.ro\/lexikon\/wp-json\/wp\/v2\/product\/9666","targetHints":{"allow":["GET"]}}],"collection":[{"href":"https:\/\/uj.adatbank.ro\/lexikon\/wp-json\/wp\/v2\/product"}],"about":[{"href":"https:\/\/uj.adatbank.ro\/lexikon\/wp-json\/wp\/v2\/types\/product"}],"replies":[{"embeddable":true,"href":"https:\/\/uj.adatbank.ro\/lexikon\/wp-json\/wp\/v2\/comments?post=9666"}],"wp:attachment":[{"href":"https:\/\/uj.adatbank.ro\/lexikon\/wp-json\/wp\/v2\/media?parent=9666"}],"wp:term":[{"taxonomy":"product_brand","embeddable":true,"href":"https:\/\/uj.adatbank.ro\/lexikon\/wp-json\/wp\/v2\/product_brand?post=9666"},{"taxonomy":"product_cat","embeddable":true,"href":"https:\/\/uj.adatbank.ro\/lexikon\/wp-json\/wp\/v2\/product_cat?post=9666"},{"taxonomy":"product_tag","embeddable":true,"href":"https:\/\/uj.adatbank.ro\/lexikon\/wp-json\/wp\/v2\/product_tag?post=9666"}],"curies":[{"name":"wp","href":"https:\/\/api.w.org\/{rel}","templated":true}]}}