{"id":9667,"date":"2025-06-29T12:52:57","date_gmt":"2025-06-29T10:52:57","guid":{"rendered":"https:\/\/uj.adatbank.ro\/lexikon\/termek\/harmath-adam\/"},"modified":"2025-06-29T12:52:57","modified_gmt":"2025-06-29T10:52:57","slug":"harmath-adam","status":"publish","type":"product","link":"https:\/\/uj.adatbank.ro\/lexikon\/termek\/harmath-adam\/","title":{"rendered":"HARMATH \u00c1d\u00e1m"},"content":{"rendered":"<p>1916., \u2020 1996.: ezredes. \u2013 A mv.-i R. K. Gimn. di\u00e1kja volt. A Honv\u00e9ds\u00e9g ezredese. Hadi akad.-i tan\u00e1r. \u00d6t szakk\u00f6nyvet \u00edrt, melyeket a Zrinyi Katonai Kiad\u00f3 jelentetett meg Bp.-en. <br \/><strong>Irod.:<\/strong> MMK; Mv.-i R. K. okt.<\/br><\/p>\n","protected":false},"excerpt":{"rendered":"<p>1916., \u2020 1996.: ezredes. \u2013 A mv.-i R. K. Gimn. di\u00e1kja volt. A Honv\u00e9ds\u00e9g ezredese. Hadi akad.-i tan\u00e1r. \u00d6t szakk\u00f6nyvet \u00edrt, melyeket a Zrinyi Katonai Kiad\u00f3 jelentetett meg Bp.-en. Irod.: MMK; Mv.-i R. K. okt.<\/p>\n","protected":false},"featured_media":0,"comment_status":"open","ping_status":"closed","template":"","meta":[],"product_brand":[],"product_cat":[137],"product_tag":[],"class_list":{"0":"post-9667","1":"product","2":"type-product","3":"status-publish","5":"product_cat-maros-megyei-eletrajzi-lexikon","7":"first","8":"instock","9":"shipping-taxable","10":"product-type-simple"},"_links":{"self":[{"href":"https:\/\/uj.adatbank.ro\/lexikon\/wp-json\/wp\/v2\/product\/9667","targetHints":{"allow":["GET"]}}],"collection":[{"href":"https:\/\/uj.adatbank.ro\/lexikon\/wp-json\/wp\/v2\/product"}],"about":[{"href":"https:\/\/uj.adatbank.ro\/lexikon\/wp-json\/wp\/v2\/types\/product"}],"replies":[{"embeddable":true,"href":"https:\/\/uj.adatbank.ro\/lexikon\/wp-json\/wp\/v2\/comments?post=9667"}],"wp:attachment":[{"href":"https:\/\/uj.adatbank.ro\/lexikon\/wp-json\/wp\/v2\/media?parent=9667"}],"wp:term":[{"taxonomy":"product_brand","embeddable":true,"href":"https:\/\/uj.adatbank.ro\/lexikon\/wp-json\/wp\/v2\/product_brand?post=9667"},{"taxonomy":"product_cat","embeddable":true,"href":"https:\/\/uj.adatbank.ro\/lexikon\/wp-json\/wp\/v2\/product_cat?post=9667"},{"taxonomy":"product_tag","embeddable":true,"href":"https:\/\/uj.adatbank.ro\/lexikon\/wp-json\/wp\/v2\/product_tag?post=9667"}],"curies":[{"name":"wp","href":"https:\/\/api.w.org\/{rel}","templated":true}]}}