{"id":9671,"date":"2025-06-29T12:53:07","date_gmt":"2025-06-29T10:53:07","guid":{"rendered":"https:\/\/uj.adatbank.ro\/lexikon\/termek\/harmath-jeno-keszi\/"},"modified":"2025-06-29T12:53:07","modified_gmt":"2025-06-29T10:53:07","slug":"harmath-jeno-keszi","status":"publish","type":"product","link":"https:\/\/uj.adatbank.ro\/lexikon\/termek\/harmath-jeno-keszi\/","title":{"rendered":"HARMATH Jen\u0151, keszi"},"content":{"rendered":"<p>K\u00e9zdiv\u00e1s\u00e1rhely, 1870 (1875 Guly\u00e1s szerint) m\u00e1rc. 22., \u2020 ? : jog\u00e1sz, kir. \u00edt\u00e9l\u0151t\u00e1blai tan\u00e1cseln\u00f6k. \u2013 K\u00f6z\u00e9piskol\u00e1it Sepsiszentgy\u00f6rgy\u00f6n, Mv.-en \u00e9s Kv. -on, a jogi egyetemet is Kv.-on v\u00e9gezte. Az igazs\u00e1g\u00fcgy szolg\u00e1lat\u00e1ba l\u00e9pett (1892\u201340): Dunavecs\u00e9n alb\u00edr\u00f3 (1897); al\u00fcgy\u00e9sz Sz\u00e9kelyudvarhelyen (1900), Mv.-en (1901\u2013); j\u00e1r\u00e1sb\u00edr\u00f3 Homor\u00f3dokl\u00e1ndon (1902\u2013); a fogarasi j\u00e1r\u00e1sb\u00edr\u00f3s\u00e1g eln\u00f6ke (1918); Bp.-en az \u00edt\u00e9l\u0151t\u00e1bl\u00e1n\u00e1l dolgozott (1923\u2013) mint a sajt\u00f3tan\u00e1cs tagja, majd a II. b\u00fcntet\u0151tan\u00e1cs eln\u00f6ke. Eleinte sz\u00e9pirodalommal foglalkozott: a H\u00e1romsz\u00e9ki harangok c. k\u00f6ltem\u00e9ny\u00e9t G\u00e1bor \u00c1ron \u00fcnnep\u00e9lyeken szokt\u00e1k el\u0151adni, Falun c. monol\u00f3g. Szakcikkeit a Jogtudom\u00e1nyi K\u00f6zl\u00f6ny, P\u00e9nz\u00fcgyigazgat\u00e1s, Jog\u00e1llam, Jogi \u00e9rtekez\u00e9sek-ben k\u00f6z\u00f6lte. \u2013 <strong>F. m.:<\/strong> Az osztr. \u00e1lt. polg. t\u00f6rv\u00e9nyk\u00f6nyv. 1. k. (Bp., 1908); Az osztr. polg\u00e1ri t\u00f6rv\u00e9ny hat\u00e1lyoss\u00e1g\u00e1nak ter\u00fclet\u00e9n \u00e9rv\u00e9nyes \u00f6r\u00f6kl\u00e9si jog (Fogaras, 1916). <br \/><strong>Irod.:<\/strong> Guly\u00e1s P\u00e1lmay<\/br><\/p>\n","protected":false},"excerpt":{"rendered":"<p>K\u00e9zdiv\u00e1s\u00e1rhely, 1870 (1875 Guly\u00e1s szerint) m\u00e1rc. 22., \u2020 ? : jog\u00e1sz, kir. \u00edt\u00e9l\u0151t\u00e1blai tan\u00e1cseln\u00f6k. \u2013 K\u00f6z\u00e9piskol\u00e1it Sepsiszentgy\u00f6rgy\u00f6n, Mv.-en \u00e9s Kv. -on, a jogi egyetemet is Kv.-on v\u00e9gezte. Az igazs\u00e1g\u00fcgy szolg\u00e1lat\u00e1ba l\u00e9pett (1892\u201340): Dunavecs\u00e9n alb\u00edr\u00f3 (1897); al\u00fcgy\u00e9sz Sz\u00e9kelyudvarhelyen (1900), Mv.-en (1901\u2013); j\u00e1r\u00e1sb\u00edr\u00f3 Homor\u00f3dokl\u00e1ndon (1902\u2013); a fogarasi j\u00e1r\u00e1sb\u00edr\u00f3s\u00e1g eln\u00f6ke (1918); Bp.-en az \u00edt\u00e9l\u0151t\u00e1bl\u00e1n\u00e1l dolgozott (1923\u2013) mint a [&hellip;]<\/p>\n","protected":false},"featured_media":0,"comment_status":"open","ping_status":"closed","template":"","meta":[],"product_brand":[],"product_cat":[137],"product_tag":[],"class_list":{"0":"post-9671","1":"product","2":"type-product","3":"status-publish","5":"product_cat-maros-megyei-eletrajzi-lexikon","7":"first","8":"instock","9":"shipping-taxable","10":"product-type-simple"},"_links":{"self":[{"href":"https:\/\/uj.adatbank.ro\/lexikon\/wp-json\/wp\/v2\/product\/9671","targetHints":{"allow":["GET"]}}],"collection":[{"href":"https:\/\/uj.adatbank.ro\/lexikon\/wp-json\/wp\/v2\/product"}],"about":[{"href":"https:\/\/uj.adatbank.ro\/lexikon\/wp-json\/wp\/v2\/types\/product"}],"replies":[{"embeddable":true,"href":"https:\/\/uj.adatbank.ro\/lexikon\/wp-json\/wp\/v2\/comments?post=9671"}],"wp:attachment":[{"href":"https:\/\/uj.adatbank.ro\/lexikon\/wp-json\/wp\/v2\/media?parent=9671"}],"wp:term":[{"taxonomy":"product_brand","embeddable":true,"href":"https:\/\/uj.adatbank.ro\/lexikon\/wp-json\/wp\/v2\/product_brand?post=9671"},{"taxonomy":"product_cat","embeddable":true,"href":"https:\/\/uj.adatbank.ro\/lexikon\/wp-json\/wp\/v2\/product_cat?post=9671"},{"taxonomy":"product_tag","embeddable":true,"href":"https:\/\/uj.adatbank.ro\/lexikon\/wp-json\/wp\/v2\/product_tag?post=9671"}],"curies":[{"name":"wp","href":"https:\/\/api.w.org\/{rel}","templated":true}]}}