{"id":9673,"date":"2025-06-29T12:53:09","date_gmt":"2025-06-29T10:53:09","guid":{"rendered":"https:\/\/uj.adatbank.ro\/lexikon\/termek\/harmath-mihaly-keszi\/"},"modified":"2025-06-29T12:53:09","modified_gmt":"2025-06-29T10:53:09","slug":"harmath-mihaly-keszi","status":"publish","type":"product","link":"https:\/\/uj.adatbank.ro\/lexikon\/termek\/harmath-mihaly-keszi\/","title":{"rendered":"HARMATH Mih\u00e1ly, keszi"},"content":{"rendered":"<p>?, \u2020 ? : nemes. \u2013 I. Lip\u00f3tt\u00f3l nyert c\u00edmeres nemeslevelet (1667), Nemess\u00e9g\u00e9t igazolta (1840., 1841). <br \/><strong>Irod.:<\/strong> Kempelen; P\u00e1lmay<\/br><\/p>\n","protected":false},"excerpt":{"rendered":"<p>?, \u2020 ? : nemes. \u2013 I. Lip\u00f3tt\u00f3l nyert c\u00edmeres nemeslevelet (1667), Nemess\u00e9g\u00e9t igazolta (1840., 1841). Irod.: Kempelen; P\u00e1lmay<\/p>\n","protected":false},"featured_media":0,"comment_status":"open","ping_status":"closed","template":"","meta":[],"product_brand":[],"product_cat":[137],"product_tag":[],"class_list":{"0":"post-9673","1":"product","2":"type-product","3":"status-publish","5":"product_cat-maros-megyei-eletrajzi-lexikon","7":"first","8":"instock","9":"shipping-taxable","10":"product-type-simple"},"_links":{"self":[{"href":"https:\/\/uj.adatbank.ro\/lexikon\/wp-json\/wp\/v2\/product\/9673","targetHints":{"allow":["GET"]}}],"collection":[{"href":"https:\/\/uj.adatbank.ro\/lexikon\/wp-json\/wp\/v2\/product"}],"about":[{"href":"https:\/\/uj.adatbank.ro\/lexikon\/wp-json\/wp\/v2\/types\/product"}],"replies":[{"embeddable":true,"href":"https:\/\/uj.adatbank.ro\/lexikon\/wp-json\/wp\/v2\/comments?post=9673"}],"wp:attachment":[{"href":"https:\/\/uj.adatbank.ro\/lexikon\/wp-json\/wp\/v2\/media?parent=9673"}],"wp:term":[{"taxonomy":"product_brand","embeddable":true,"href":"https:\/\/uj.adatbank.ro\/lexikon\/wp-json\/wp\/v2\/product_brand?post=9673"},{"taxonomy":"product_cat","embeddable":true,"href":"https:\/\/uj.adatbank.ro\/lexikon\/wp-json\/wp\/v2\/product_cat?post=9673"},{"taxonomy":"product_tag","embeddable":true,"href":"https:\/\/uj.adatbank.ro\/lexikon\/wp-json\/wp\/v2\/product_tag?post=9673"}],"curies":[{"name":"wp","href":"https:\/\/api.w.org\/{rel}","templated":true}]}}