{"id":9675,"date":"2025-06-29T12:53:13","date_gmt":"2025-06-29T10:53:13","guid":{"rendered":"https:\/\/uj.adatbank.ro\/lexikon\/termek\/harmath-sandor-2\/"},"modified":"2025-06-29T12:53:13","modified_gmt":"2025-06-29T10:53:13","slug":"harmath-sandor-2","status":"publish","type":"product","link":"https:\/\/uj.adatbank.ro\/lexikon\/termek\/harmath-sandor-2\/","title":{"rendered":"HARMATH S\u00e1ndor"},"content":{"rendered":"<p>? \u2020\u00a0? : tan\u00e1r. \u2013 A mv.-i R. K. Gimn.-ban \u00e9s Tan\u00edt\u00f3k\u00e9pz\u0151ben (1935\u201341), t\u00f6rt\u00e9nelem-f\u00f6ldrajz szakos tan\u00e1r volt (1940\u201344). R\u00e9szt vett az Erd\u00e9lyi R. K. Tan\u00e1rok Kongresszus\u00e1n Mv.-en (1943. j\u00fal. 4\u20135.). <br \/><strong>Irod.:<\/strong> H\u00e1bor\u00fas nevel\u00e9s (Kv., 1943); Mv.-i R. K. okt.; R. k. okt. \u2013 1; R. k. okt. \u20132; Szab\u00f3 K. Attila<\/br><\/p>\n","protected":false},"excerpt":{"rendered":"<p>? \u2020\u00a0? : tan\u00e1r. \u2013 A mv.-i R. K. Gimn.-ban \u00e9s Tan\u00edt\u00f3k\u00e9pz\u0151ben (1935\u201341), t\u00f6rt\u00e9nelem-f\u00f6ldrajz szakos tan\u00e1r volt (1940\u201344). R\u00e9szt vett az Erd\u00e9lyi R. K. Tan\u00e1rok Kongresszus\u00e1n Mv.-en (1943. j\u00fal. 4\u20135.). Irod.: H\u00e1bor\u00fas nevel\u00e9s (Kv., 1943); Mv.-i R. K. okt.; R. k. okt. \u2013 1; R. k. okt. \u20132; Szab\u00f3 K. Attila<\/p>\n","protected":false},"featured_media":0,"comment_status":"open","ping_status":"closed","template":"","meta":[],"product_brand":[],"product_cat":[137],"product_tag":[],"class_list":{"0":"post-9675","1":"product","2":"type-product","3":"status-publish","5":"product_cat-maros-megyei-eletrajzi-lexikon","7":"first","8":"instock","9":"shipping-taxable","10":"product-type-simple"},"_links":{"self":[{"href":"https:\/\/uj.adatbank.ro\/lexikon\/wp-json\/wp\/v2\/product\/9675","targetHints":{"allow":["GET"]}}],"collection":[{"href":"https:\/\/uj.adatbank.ro\/lexikon\/wp-json\/wp\/v2\/product"}],"about":[{"href":"https:\/\/uj.adatbank.ro\/lexikon\/wp-json\/wp\/v2\/types\/product"}],"replies":[{"embeddable":true,"href":"https:\/\/uj.adatbank.ro\/lexikon\/wp-json\/wp\/v2\/comments?post=9675"}],"wp:attachment":[{"href":"https:\/\/uj.adatbank.ro\/lexikon\/wp-json\/wp\/v2\/media?parent=9675"}],"wp:term":[{"taxonomy":"product_brand","embeddable":true,"href":"https:\/\/uj.adatbank.ro\/lexikon\/wp-json\/wp\/v2\/product_brand?post=9675"},{"taxonomy":"product_cat","embeddable":true,"href":"https:\/\/uj.adatbank.ro\/lexikon\/wp-json\/wp\/v2\/product_cat?post=9675"},{"taxonomy":"product_tag","embeddable":true,"href":"https:\/\/uj.adatbank.ro\/lexikon\/wp-json\/wp\/v2\/product_tag?post=9675"}],"curies":[{"name":"wp","href":"https:\/\/api.w.org\/{rel}","templated":true}]}}