{"id":9676,"date":"2025-06-29T12:53:15","date_gmt":"2025-06-29T10:53:15","guid":{"rendered":"https:\/\/uj.adatbank.ro\/lexikon\/termek\/harmath-sandor-keszi\/"},"modified":"2025-06-29T12:53:15","modified_gmt":"2025-06-29T10:53:15","slug":"harmath-sandor-keszi","status":"publish","type":"product","link":"https:\/\/uj.adatbank.ro\/lexikon\/termek\/harmath-sandor-keszi\/","title":{"rendered":"HARMATH S\u00e1ndor, keszi"},"content":{"rendered":"<p>1840., \u2020\u00a0? : keresked\u0151, szak\u00edr\u00f3. \u2013 Feles\u00e9ge: Cs\u00edki Anna \/ Nina (1846.? \u2020 Mv., 1914. dec. 22.). Gyermekeik: Irma Csiky J\u00e1nosn\u00e9; S\u00e1ndor, feles\u00e9ge Szathm\u00e1ri Zs\u00f3fia; Anna (1873.? \u2013 1889. aug. 25.). \u2013 Mint tordai keresked\u0151 vette \u00e1t a Tutsek-f\u00e9le sz\u00f6vetboltot Mv.-en (1881. szept.). A megalakult Keresked\u0151ifjak T\u00e1rsalkod\u00f3 Egylete, ennek eln\u00f6k\u00e9v\u00e9 v\u00e1lasztott\u00e1k (1885. nov. 15.). A Kereskedelmi \u00e9s Iparkamara 24 beltagj\u00e1nak egyike (1890. nov. 15.). Modern sz\u00f6vet\u00fczletet nyitott a csizmadia-t\u00e1rsulat sz\u00e9kh\u00e1z\u00e1nak f\u00f6ldszintj\u00e9n (1891. jan.). A v\u00e1rosi \u00e9s vm.-i iparfejleszt\u0151 bizotts\u00e1g albizotts\u00e1g\u00e1nak tagja (1893), Az \u00fajabb telefon-el\u0151fizet\u0151k k\u00f6z\u00f6tt szerepelt (1893. szept), virilista. A Sz\u00e9kely Bank \u00e9s Takar\u00e9kp\u00e9nzt\u00e1r alap\u00edt\u00f3 tagja (1895. m\u00e1rc. 3.). A Keresked\u0151 T\u00e1rsulat aleln\u00f6ke (1892), eln\u00f6ke az elhunyt Wagner F. Lip\u00f3t ut\u00e1n (1896. jan. 29.). \u00d6tven\u00e9ves keresked\u0151i jubileuma alkalm\u00e1val a mv.-i Kereskedelmi Egyes\u00fclet \u00f6r\u00f6k\u00f6s d\u00edszeln\u00f6k\u00e9v\u00e9 v\u00e1lasztotta. <strong>Cikke:<\/strong> a M. Keresked\u0151k Lapja-ban; Kivonat id. Harmath S\u00e1ndor napl\u00f3j\u00e1b\u00f3l 1944. szept. 4. -t\u0151l 1945. szept. 6-ig. <br \/><strong>Irod.:<\/strong> Bern\u00e1dy; Guly\u00e1s; Gy\u00e1szjelent\u0151; R\u00e1cz Lajos: A cs\u0151djog reformj\u00e1r\u00f3l (Mv., 1914)<\/br><\/p>\n","protected":false},"excerpt":{"rendered":"<p>1840., \u2020\u00a0? : keresked\u0151, szak\u00edr\u00f3. \u2013 Feles\u00e9ge: Cs\u00edki Anna \/ Nina (1846.? \u2020 Mv., 1914. dec. 22.). Gyermekeik: Irma Csiky J\u00e1nosn\u00e9; S\u00e1ndor, feles\u00e9ge Szathm\u00e1ri Zs\u00f3fia; Anna (1873.? \u2013 1889. aug. 25.). \u2013 Mint tordai keresked\u0151 vette \u00e1t a Tutsek-f\u00e9le sz\u00f6vetboltot Mv.-en (1881. szept.). A megalakult Keresked\u0151ifjak T\u00e1rsalkod\u00f3 Egylete, ennek eln\u00f6k\u00e9v\u00e9 v\u00e1lasztott\u00e1k (1885. nov. 15.). A [&hellip;]<\/p>\n","protected":false},"featured_media":0,"comment_status":"open","ping_status":"closed","template":"","meta":[],"product_brand":[],"product_cat":[137],"product_tag":[],"class_list":{"0":"post-9676","1":"product","2":"type-product","3":"status-publish","5":"product_cat-maros-megyei-eletrajzi-lexikon","7":"first","8":"instock","9":"shipping-taxable","10":"product-type-simple"},"_links":{"self":[{"href":"https:\/\/uj.adatbank.ro\/lexikon\/wp-json\/wp\/v2\/product\/9676","targetHints":{"allow":["GET"]}}],"collection":[{"href":"https:\/\/uj.adatbank.ro\/lexikon\/wp-json\/wp\/v2\/product"}],"about":[{"href":"https:\/\/uj.adatbank.ro\/lexikon\/wp-json\/wp\/v2\/types\/product"}],"replies":[{"embeddable":true,"href":"https:\/\/uj.adatbank.ro\/lexikon\/wp-json\/wp\/v2\/comments?post=9676"}],"wp:attachment":[{"href":"https:\/\/uj.adatbank.ro\/lexikon\/wp-json\/wp\/v2\/media?parent=9676"}],"wp:term":[{"taxonomy":"product_brand","embeddable":true,"href":"https:\/\/uj.adatbank.ro\/lexikon\/wp-json\/wp\/v2\/product_brand?post=9676"},{"taxonomy":"product_cat","embeddable":true,"href":"https:\/\/uj.adatbank.ro\/lexikon\/wp-json\/wp\/v2\/product_cat?post=9676"},{"taxonomy":"product_tag","embeddable":true,"href":"https:\/\/uj.adatbank.ro\/lexikon\/wp-json\/wp\/v2\/product_tag?post=9676"}],"curies":[{"name":"wp","href":"https:\/\/api.w.org\/{rel}","templated":true}]}}