{"id":9679,"date":"2025-06-29T12:53:20","date_gmt":"2025-06-29T10:53:20","guid":{"rendered":"https:\/\/uj.adatbank.ro\/lexikon\/termek\/harnik-helena-lazar-karolyne\/"},"modified":"2025-06-29T12:53:20","modified_gmt":"2025-06-29T10:53:20","slug":"harnik-helena-lazar-karolyne","status":"publish","type":"product","link":"https:\/\/uj.adatbank.ro\/lexikon\/termek\/harnik-helena-lazar-karolyne\/","title":{"rendered":"H\u00c1RNIK Hel\u00e9na, L\u00e1z\u00e1r K\u00e1rolyn\u00e9"},"content":{"rendered":"<p>Marosludas, 1894., \u2020\u00a0? : orvos. \u2013 Oklevel\u00e9t Bp.-en szerezte (1913) \u00e9s mint b\u0151rgy\u00f3gy\u00e1sz \u00e9s kozmetikus Bp.-en dolgozot (1947-ben is). \u2013 <strong>F. m.:<\/strong> Sz\u00e9ps\u00e9g\u00e1pol\u00e1s h\u00e1ziszerekkel (Bp., 1941). <br \/><strong>Irod.:<\/strong> Guly\u00e1s<\/br><\/p>\n","protected":false},"excerpt":{"rendered":"<p>Marosludas, 1894., \u2020\u00a0? : orvos. \u2013 Oklevel\u00e9t Bp.-en szerezte (1913) \u00e9s mint b\u0151rgy\u00f3gy\u00e1sz \u00e9s kozmetikus Bp.-en dolgozot (1947-ben is). \u2013 F. m.: Sz\u00e9ps\u00e9g\u00e1pol\u00e1s h\u00e1ziszerekkel (Bp., 1941). Irod.: Guly\u00e1s<\/p>\n","protected":false},"featured_media":0,"comment_status":"open","ping_status":"closed","template":"","meta":[],"product_brand":[],"product_cat":[137],"product_tag":[],"class_list":{"0":"post-9679","1":"product","2":"type-product","3":"status-publish","5":"product_cat-maros-megyei-eletrajzi-lexikon","7":"first","8":"instock","9":"shipping-taxable","10":"product-type-simple"},"_links":{"self":[{"href":"https:\/\/uj.adatbank.ro\/lexikon\/wp-json\/wp\/v2\/product\/9679","targetHints":{"allow":["GET"]}}],"collection":[{"href":"https:\/\/uj.adatbank.ro\/lexikon\/wp-json\/wp\/v2\/product"}],"about":[{"href":"https:\/\/uj.adatbank.ro\/lexikon\/wp-json\/wp\/v2\/types\/product"}],"replies":[{"embeddable":true,"href":"https:\/\/uj.adatbank.ro\/lexikon\/wp-json\/wp\/v2\/comments?post=9679"}],"wp:attachment":[{"href":"https:\/\/uj.adatbank.ro\/lexikon\/wp-json\/wp\/v2\/media?parent=9679"}],"wp:term":[{"taxonomy":"product_brand","embeddable":true,"href":"https:\/\/uj.adatbank.ro\/lexikon\/wp-json\/wp\/v2\/product_brand?post=9679"},{"taxonomy":"product_cat","embeddable":true,"href":"https:\/\/uj.adatbank.ro\/lexikon\/wp-json\/wp\/v2\/product_cat?post=9679"},{"taxonomy":"product_tag","embeddable":true,"href":"https:\/\/uj.adatbank.ro\/lexikon\/wp-json\/wp\/v2\/product_tag?post=9679"}],"curies":[{"name":"wp","href":"https:\/\/api.w.org\/{rel}","templated":true}]}}