{"id":9680,"date":"2025-06-29T12:53:21","date_gmt":"2025-06-29T10:53:21","guid":{"rendered":"https:\/\/uj.adatbank.ro\/lexikon\/termek\/harnik-lajos-harnik-lajos\/"},"modified":"2025-06-29T12:53:21","modified_gmt":"2025-06-29T10:53:21","slug":"harnik-lajos-harnik-lajos","status":"publish","type":"product","link":"https:\/\/uj.adatbank.ro\/lexikon\/termek\/harnik-lajos-harnik-lajos\/","title":{"rendered":"H\u00c1RNIK Lajos, Harnik Lajos"},"content":{"rendered":"<p>Marosludas, 1886. dec. 27., \u2020\u00a0? : gy\u00f3gyszer\u00e9sz. \u2013 Bp.-en kapott gy\u00f3gyszer\u00e9sz oklevelet (1909). <br \/><strong>Irod.:<\/strong> P\u00e9ter H. M.; P\u00e9ter H. M. 2013<\/br><\/p>\n","protected":false},"excerpt":{"rendered":"<p>Marosludas, 1886. dec. 27., \u2020\u00a0? : gy\u00f3gyszer\u00e9sz. \u2013 Bp.-en kapott gy\u00f3gyszer\u00e9sz oklevelet (1909). Irod.: P\u00e9ter H. M.; P\u00e9ter H. M. 2013<\/p>\n","protected":false},"featured_media":0,"comment_status":"open","ping_status":"closed","template":"","meta":[],"product_brand":[],"product_cat":[137],"product_tag":[],"class_list":{"0":"post-9680","1":"product","2":"type-product","3":"status-publish","5":"product_cat-maros-megyei-eletrajzi-lexikon","7":"first","8":"instock","9":"shipping-taxable","10":"product-type-simple"},"_links":{"self":[{"href":"https:\/\/uj.adatbank.ro\/lexikon\/wp-json\/wp\/v2\/product\/9680","targetHints":{"allow":["GET"]}}],"collection":[{"href":"https:\/\/uj.adatbank.ro\/lexikon\/wp-json\/wp\/v2\/product"}],"about":[{"href":"https:\/\/uj.adatbank.ro\/lexikon\/wp-json\/wp\/v2\/types\/product"}],"replies":[{"embeddable":true,"href":"https:\/\/uj.adatbank.ro\/lexikon\/wp-json\/wp\/v2\/comments?post=9680"}],"wp:attachment":[{"href":"https:\/\/uj.adatbank.ro\/lexikon\/wp-json\/wp\/v2\/media?parent=9680"}],"wp:term":[{"taxonomy":"product_brand","embeddable":true,"href":"https:\/\/uj.adatbank.ro\/lexikon\/wp-json\/wp\/v2\/product_brand?post=9680"},{"taxonomy":"product_cat","embeddable":true,"href":"https:\/\/uj.adatbank.ro\/lexikon\/wp-json\/wp\/v2\/product_cat?post=9680"},{"taxonomy":"product_tag","embeddable":true,"href":"https:\/\/uj.adatbank.ro\/lexikon\/wp-json\/wp\/v2\/product_tag?post=9680"}],"curies":[{"name":"wp","href":"https:\/\/api.w.org\/{rel}","templated":true}]}}