{"id":9686,"date":"2025-06-29T12:53:32","date_gmt":"2025-06-29T10:53:32","guid":{"rendered":"https:\/\/uj.adatbank.ro\/lexikon\/termek\/harsan-ioan-harsia-ioan\/"},"modified":"2025-06-29T12:53:32","modified_gmt":"2025-06-29T10:53:32","slug":"harsan-ioan-harsia-ioan","status":"publish","type":"product","link":"https:\/\/uj.adatbank.ro\/lexikon\/termek\/harsan-ioan-harsia-ioan\/","title":{"rendered":"H\u0102R\u015eAN Ioan, Har\u015fia Ioan"},"content":{"rendered":"<p>Fels\u0151k\u00f6h\u00e9r, 1922. febr. 21., \u2020 Fels\u0151k\u00f6h\u00e9r, 1944. szept. 20.: katona. \u2013 Mv.-en katona a 22. honv\u00e9dezredn\u00e9l ahonnan megsz\u00f6k\u00f6tt \u00e9s Rom\u00e1ni\u00e1ba R\u00e2mnicul S\u0103ratra menek\u00fclt (1941), be\u00e1llt \u00f6nk\u00e9ntesnek a 103. hegyivad\u00e1szokhoz, r\u00e9szt vett Erd\u00e9ly felszabad\u00edt\u00e1s\u00e1ban \u00e9s sz\u00fcl\u0151fal\u00faj\u00e1n\u00e1l halt meg. <br \/><strong>Irod.:<\/strong> MMK; Suciu<\/br><\/p>\n","protected":false},"excerpt":{"rendered":"<p>Fels\u0151k\u00f6h\u00e9r, 1922. febr. 21., \u2020 Fels\u0151k\u00f6h\u00e9r, 1944. szept. 20.: katona. \u2013 Mv.-en katona a 22. honv\u00e9dezredn\u00e9l ahonnan megsz\u00f6k\u00f6tt \u00e9s Rom\u00e1ni\u00e1ba R\u00e2mnicul S\u0103ratra menek\u00fclt (1941), be\u00e1llt \u00f6nk\u00e9ntesnek a 103. hegyivad\u00e1szokhoz, r\u00e9szt vett Erd\u00e9ly felszabad\u00edt\u00e1s\u00e1ban \u00e9s sz\u00fcl\u0151fal\u00faj\u00e1n\u00e1l halt meg. Irod.: MMK; Suciu<\/p>\n","protected":false},"featured_media":0,"comment_status":"open","ping_status":"closed","template":"","meta":[],"product_brand":[],"product_cat":[137],"product_tag":[],"class_list":{"0":"post-9686","1":"product","2":"type-product","3":"status-publish","5":"product_cat-maros-megyei-eletrajzi-lexikon","7":"first","8":"instock","9":"shipping-taxable","10":"product-type-simple"},"_links":{"self":[{"href":"https:\/\/uj.adatbank.ro\/lexikon\/wp-json\/wp\/v2\/product\/9686","targetHints":{"allow":["GET"]}}],"collection":[{"href":"https:\/\/uj.adatbank.ro\/lexikon\/wp-json\/wp\/v2\/product"}],"about":[{"href":"https:\/\/uj.adatbank.ro\/lexikon\/wp-json\/wp\/v2\/types\/product"}],"replies":[{"embeddable":true,"href":"https:\/\/uj.adatbank.ro\/lexikon\/wp-json\/wp\/v2\/comments?post=9686"}],"wp:attachment":[{"href":"https:\/\/uj.adatbank.ro\/lexikon\/wp-json\/wp\/v2\/media?parent=9686"}],"wp:term":[{"taxonomy":"product_brand","embeddable":true,"href":"https:\/\/uj.adatbank.ro\/lexikon\/wp-json\/wp\/v2\/product_brand?post=9686"},{"taxonomy":"product_cat","embeddable":true,"href":"https:\/\/uj.adatbank.ro\/lexikon\/wp-json\/wp\/v2\/product_cat?post=9686"},{"taxonomy":"product_tag","embeddable":true,"href":"https:\/\/uj.adatbank.ro\/lexikon\/wp-json\/wp\/v2\/product_tag?post=9686"}],"curies":[{"name":"wp","href":"https:\/\/api.w.org\/{rel}","templated":true}]}}