{"id":9687,"date":"2025-06-29T12:53:34","date_gmt":"2025-06-29T10:53:34","guid":{"rendered":"https:\/\/uj.adatbank.ro\/lexikon\/termek\/harsan-petra-lui-ion-din-larga\/"},"modified":"2025-06-29T12:53:34","modified_gmt":"2025-06-29T10:53:34","slug":"harsan-petra-lui-ion-din-larga","status":"publish","type":"product","link":"https:\/\/uj.adatbank.ro\/lexikon\/termek\/harsan-petra-lui-ion-din-larga\/","title":{"rendered":"H\u0102R\u015eAN PETRA lui Ion, din Larga"},"content":{"rendered":"<p>L\u00e1rgatelep, 1886., \u2020 ?: gazd\u00e1lkod\u00f3. \u2013 R\u00e9szt vett az I. vh. -ban. Az orosz fronton harcolt, az olasz fronton s\u00falyosan megsebes\u00fclt, k\u00e9t napig fek\u00fcdt egy l\u00f6v\u00e9sz\u00e1rokban. Olaszo.-ban \u00e9s Bp.-en is t\u00f6bbsz\u00f6r megm\u0171t\u00f6tt\u00e9k, de \u00e9lete v\u00e9g\u00e9ig mozg\u00e1ss\u00e9r\u00fclt maradt. <br \/><strong>Irod.:<\/strong> Gl\u0103j\u0103riei<\/br><\/p>\n","protected":false},"excerpt":{"rendered":"<p>L\u00e1rgatelep, 1886., \u2020 ?: gazd\u00e1lkod\u00f3. \u2013 R\u00e9szt vett az I. vh. -ban. Az orosz fronton harcolt, az olasz fronton s\u00falyosan megsebes\u00fclt, k\u00e9t napig fek\u00fcdt egy l\u00f6v\u00e9sz\u00e1rokban. Olaszo.-ban \u00e9s Bp.-en is t\u00f6bbsz\u00f6r megm\u0171t\u00f6tt\u00e9k, de \u00e9lete v\u00e9g\u00e9ig mozg\u00e1ss\u00e9r\u00fclt maradt. Irod.: Gl\u0103j\u0103riei<\/p>\n","protected":false},"featured_media":0,"comment_status":"open","ping_status":"closed","template":"","meta":[],"product_brand":[],"product_cat":[137],"product_tag":[],"class_list":{"0":"post-9687","1":"product","2":"type-product","3":"status-publish","5":"product_cat-maros-megyei-eletrajzi-lexikon","7":"first","8":"instock","9":"shipping-taxable","10":"product-type-simple"},"_links":{"self":[{"href":"https:\/\/uj.adatbank.ro\/lexikon\/wp-json\/wp\/v2\/product\/9687","targetHints":{"allow":["GET"]}}],"collection":[{"href":"https:\/\/uj.adatbank.ro\/lexikon\/wp-json\/wp\/v2\/product"}],"about":[{"href":"https:\/\/uj.adatbank.ro\/lexikon\/wp-json\/wp\/v2\/types\/product"}],"replies":[{"embeddable":true,"href":"https:\/\/uj.adatbank.ro\/lexikon\/wp-json\/wp\/v2\/comments?post=9687"}],"wp:attachment":[{"href":"https:\/\/uj.adatbank.ro\/lexikon\/wp-json\/wp\/v2\/media?parent=9687"}],"wp:term":[{"taxonomy":"product_brand","embeddable":true,"href":"https:\/\/uj.adatbank.ro\/lexikon\/wp-json\/wp\/v2\/product_brand?post=9687"},{"taxonomy":"product_cat","embeddable":true,"href":"https:\/\/uj.adatbank.ro\/lexikon\/wp-json\/wp\/v2\/product_cat?post=9687"},{"taxonomy":"product_tag","embeddable":true,"href":"https:\/\/uj.adatbank.ro\/lexikon\/wp-json\/wp\/v2\/product_tag?post=9687"}],"curies":[{"name":"wp","href":"https:\/\/api.w.org\/{rel}","templated":true}]}}