{"id":9690,"date":"2025-06-29T12:53:42","date_gmt":"2025-06-29T10:53:42","guid":{"rendered":"https:\/\/uj.adatbank.ro\/lexikon\/termek\/harsanyi-aron-aaron-aron-pap\/"},"modified":"2025-06-29T12:53:42","modified_gmt":"2025-06-29T10:53:42","slug":"harsanyi-aron-aaron-aron-pap","status":"publish","type":"product","link":"https:\/\/uj.adatbank.ro\/lexikon\/termek\/harsanyi-aron-aaron-aron-pap\/","title":{"rendered":"HARS\u00c1NYI \u00c1ron (Aaron), \u00c1ron pap"},"content":{"rendered":"<p>1769., \u2020\u00a01857. jan. 17.: g\u00f6r. kat. pap. \u2013 Ioan Bob p\u00fcsp\u00f6k Als\u00f3k\u00f6h\u00e9rbe helyezte (1806. dec. 22. \u2013), azut\u00e1n G\u00f6rh\u00e9nyorsov\u00e1ba helyezt\u00e9k (1818. m\u00e1rc. 26. \u2013 1842-ben m\u00e9g szolg\u00e1lt). <br \/><strong>Irod.:<\/strong> Dobozi<\/br><\/p>\n","protected":false},"excerpt":{"rendered":"<p>1769., \u2020\u00a01857. jan. 17.: g\u00f6r. kat. pap. \u2013 Ioan Bob p\u00fcsp\u00f6k Als\u00f3k\u00f6h\u00e9rbe helyezte (1806. dec. 22. \u2013), azut\u00e1n G\u00f6rh\u00e9nyorsov\u00e1ba helyezt\u00e9k (1818. m\u00e1rc. 26. \u2013 1842-ben m\u00e9g szolg\u00e1lt). Irod.: Dobozi<\/p>\n","protected":false},"featured_media":0,"comment_status":"open","ping_status":"closed","template":"","meta":[],"product_brand":[],"product_cat":[137],"product_tag":[],"class_list":{"0":"post-9690","1":"product","2":"type-product","3":"status-publish","5":"product_cat-maros-megyei-eletrajzi-lexikon","7":"first","8":"instock","9":"shipping-taxable","10":"product-type-simple"},"_links":{"self":[{"href":"https:\/\/uj.adatbank.ro\/lexikon\/wp-json\/wp\/v2\/product\/9690","targetHints":{"allow":["GET"]}}],"collection":[{"href":"https:\/\/uj.adatbank.ro\/lexikon\/wp-json\/wp\/v2\/product"}],"about":[{"href":"https:\/\/uj.adatbank.ro\/lexikon\/wp-json\/wp\/v2\/types\/product"}],"replies":[{"embeddable":true,"href":"https:\/\/uj.adatbank.ro\/lexikon\/wp-json\/wp\/v2\/comments?post=9690"}],"wp:attachment":[{"href":"https:\/\/uj.adatbank.ro\/lexikon\/wp-json\/wp\/v2\/media?parent=9690"}],"wp:term":[{"taxonomy":"product_brand","embeddable":true,"href":"https:\/\/uj.adatbank.ro\/lexikon\/wp-json\/wp\/v2\/product_brand?post=9690"},{"taxonomy":"product_cat","embeddable":true,"href":"https:\/\/uj.adatbank.ro\/lexikon\/wp-json\/wp\/v2\/product_cat?post=9690"},{"taxonomy":"product_tag","embeddable":true,"href":"https:\/\/uj.adatbank.ro\/lexikon\/wp-json\/wp\/v2\/product_tag?post=9690"}],"curies":[{"name":"wp","href":"https:\/\/api.w.org\/{rel}","templated":true}]}}