{"id":9692,"date":"2025-06-29T12:53:48","date_gmt":"2025-06-29T10:53:48","guid":{"rendered":"https:\/\/uj.adatbank.ro\/lexikon\/termek\/harsanyi-samuel-kisharsanyi\/"},"modified":"2025-06-29T12:53:48","modified_gmt":"2025-06-29T10:53:48","slug":"harsanyi-samuel-kisharsanyi","status":"publish","type":"product","link":"https:\/\/uj.adatbank.ro\/lexikon\/termek\/harsanyi-samuel-kisharsanyi\/","title":{"rendered":"HARS\u00c1NYI S\u00e1muel, kishars\u00e1nyi"},"content":{"rendered":"<p>1763., \u2020\u00a0Mv., 1814. j\u00fal. 19. kir\u00e1lyb\u00edr\u00f3. \u2013 Feles\u00e9ge: Ve\u00e9r Anna. \u2013 Az erd\u00e9lyi Kir. T\u00e1bla sz\u00e1mfeletti (12 \u00e9vig) \u00e9s rendes bir\u00e1ja (6 \u00e9vig), t\u00e1blab\u00edr\u00f3. A megalakult sz\u00ednp\u00e1rtol\u00f3 egyes\u00fclet a Teatralis Comisiso eln\u00f6ks\u00e9gi tagja (1803). <br \/><strong>Irod.:<\/strong> Gy\u00e1szjelent\u0151; Id\u0151t\u00e1r 1; P\u00e1lmay J\u00f3zsef<\/br><\/p>\n","protected":false},"excerpt":{"rendered":"<p>1763., \u2020\u00a0Mv., 1814. j\u00fal. 19. kir\u00e1lyb\u00edr\u00f3. \u2013 Feles\u00e9ge: Ve\u00e9r Anna. \u2013 Az erd\u00e9lyi Kir. T\u00e1bla sz\u00e1mfeletti (12 \u00e9vig) \u00e9s rendes bir\u00e1ja (6 \u00e9vig), t\u00e1blab\u00edr\u00f3. A megalakult sz\u00ednp\u00e1rtol\u00f3 egyes\u00fclet a Teatralis Comisiso eln\u00f6ks\u00e9gi tagja (1803). Irod.: Gy\u00e1szjelent\u0151; Id\u0151t\u00e1r 1; P\u00e1lmay J\u00f3zsef<\/p>\n","protected":false},"featured_media":0,"comment_status":"open","ping_status":"closed","template":"","meta":[],"product_brand":[],"product_cat":[137],"product_tag":[],"class_list":{"0":"post-9692","1":"product","2":"type-product","3":"status-publish","5":"product_cat-maros-megyei-eletrajzi-lexikon","7":"first","8":"instock","9":"shipping-taxable","10":"product-type-simple"},"_links":{"self":[{"href":"https:\/\/uj.adatbank.ro\/lexikon\/wp-json\/wp\/v2\/product\/9692","targetHints":{"allow":["GET"]}}],"collection":[{"href":"https:\/\/uj.adatbank.ro\/lexikon\/wp-json\/wp\/v2\/product"}],"about":[{"href":"https:\/\/uj.adatbank.ro\/lexikon\/wp-json\/wp\/v2\/types\/product"}],"replies":[{"embeddable":true,"href":"https:\/\/uj.adatbank.ro\/lexikon\/wp-json\/wp\/v2\/comments?post=9692"}],"wp:attachment":[{"href":"https:\/\/uj.adatbank.ro\/lexikon\/wp-json\/wp\/v2\/media?parent=9692"}],"wp:term":[{"taxonomy":"product_brand","embeddable":true,"href":"https:\/\/uj.adatbank.ro\/lexikon\/wp-json\/wp\/v2\/product_brand?post=9692"},{"taxonomy":"product_cat","embeddable":true,"href":"https:\/\/uj.adatbank.ro\/lexikon\/wp-json\/wp\/v2\/product_cat?post=9692"},{"taxonomy":"product_tag","embeddable":true,"href":"https:\/\/uj.adatbank.ro\/lexikon\/wp-json\/wp\/v2\/product_tag?post=9692"}],"curies":[{"name":"wp","href":"https:\/\/api.w.org\/{rel}","templated":true}]}}