{"id":9694,"date":"2025-06-29T12:53:54","date_gmt":"2025-06-29T10:53:54","guid":{"rendered":"https:\/\/uj.adatbank.ro\/lexikon\/termek\/harsia-danila\/"},"modified":"2025-06-29T12:53:54","modified_gmt":"2025-06-29T10:53:54","slug":"harsia-danila","status":"publish","type":"product","link":"https:\/\/uj.adatbank.ro\/lexikon\/termek\/harsia-danila\/","title":{"rendered":"HAR\u015eIA D\u0103nil\u0103"},"content":{"rendered":"<p>Sz\u00e1szr\u00e9gen, 1904. j\u00fan. 7., \u2020\u00a01985. \u00e1pr. 5.: hivatalnok, \u00fcgyv\u00e9d. \u2013 Ioan \u00e9s Aurelia fia. \u2013 A mv.-i \u00fcgyv\u00e9di kamara v\u00e1lasztm\u00e1nyi tagja (1939). Hivatalnok Sz\u00e1szr\u00e9genben. Negat\u00edv h\u00edrkelt\u00e9s miatt k\u00e9nyszermunkat\u00e1borba k\u00fcldte a securitate (1952), <br \/><strong>Irod.:<\/strong> Bartos 2012; Id\u0151t\u00e1r 3<\/br><\/p>\n","protected":false},"excerpt":{"rendered":"<p>Sz\u00e1szr\u00e9gen, 1904. j\u00fan. 7., \u2020\u00a01985. \u00e1pr. 5.: hivatalnok, \u00fcgyv\u00e9d. \u2013 Ioan \u00e9s Aurelia fia. \u2013 A mv.-i \u00fcgyv\u00e9di kamara v\u00e1lasztm\u00e1nyi tagja (1939). Hivatalnok Sz\u00e1szr\u00e9genben. Negat\u00edv h\u00edrkelt\u00e9s miatt k\u00e9nyszermunkat\u00e1borba k\u00fcldte a securitate (1952), Irod.: Bartos 2012; Id\u0151t\u00e1r 3<\/p>\n","protected":false},"featured_media":0,"comment_status":"open","ping_status":"closed","template":"","meta":[],"product_brand":[],"product_cat":[137],"product_tag":[],"class_list":{"0":"post-9694","1":"product","2":"type-product","3":"status-publish","5":"product_cat-maros-megyei-eletrajzi-lexikon","7":"first","8":"instock","9":"shipping-taxable","10":"product-type-simple"},"_links":{"self":[{"href":"https:\/\/uj.adatbank.ro\/lexikon\/wp-json\/wp\/v2\/product\/9694","targetHints":{"allow":["GET"]}}],"collection":[{"href":"https:\/\/uj.adatbank.ro\/lexikon\/wp-json\/wp\/v2\/product"}],"about":[{"href":"https:\/\/uj.adatbank.ro\/lexikon\/wp-json\/wp\/v2\/types\/product"}],"replies":[{"embeddable":true,"href":"https:\/\/uj.adatbank.ro\/lexikon\/wp-json\/wp\/v2\/comments?post=9694"}],"wp:attachment":[{"href":"https:\/\/uj.adatbank.ro\/lexikon\/wp-json\/wp\/v2\/media?parent=9694"}],"wp:term":[{"taxonomy":"product_brand","embeddable":true,"href":"https:\/\/uj.adatbank.ro\/lexikon\/wp-json\/wp\/v2\/product_brand?post=9694"},{"taxonomy":"product_cat","embeddable":true,"href":"https:\/\/uj.adatbank.ro\/lexikon\/wp-json\/wp\/v2\/product_cat?post=9694"},{"taxonomy":"product_tag","embeddable":true,"href":"https:\/\/uj.adatbank.ro\/lexikon\/wp-json\/wp\/v2\/product_tag?post=9694"}],"curies":[{"name":"wp","href":"https:\/\/api.w.org\/{rel}","templated":true}]}}