{"id":9698,"date":"2025-06-29T12:54:01","date_gmt":"2025-06-29T10:54:01","guid":{"rendered":"https:\/\/uj.adatbank.ro\/lexikon\/termek\/harsianu-teodor\/"},"modified":"2025-06-29T12:54:01","modified_gmt":"2025-06-29T10:54:01","slug":"harsianu-teodor","status":"publish","type":"product","link":"https:\/\/uj.adatbank.ro\/lexikon\/termek\/harsianu-teodor\/","title":{"rendered":"H\u0102R\u015eIANU Teodor"},"content":{"rendered":"<p>K\u00e1sva, 1852. febr. 12., \u2020\u00a0? : g\u00f6r. kat. lelk\u00e9sz. \u2013 Tanulm\u00e1nyait Bal\u00e1zsfalv\u00e1n v\u00e9gezve papp\u00e1 szentelt\u00e9k (1880). Fels\u0151b\u00f6lk\u00e9nyi adminisztr\u00e1tor majd mez\u0151kem\u00e9nytelki pl\u00e9b\u00e1nos (1889\u2013). Cikkei a Gazeta Transilvaniei lapban jelentek meg. <br \/><strong>Irod.:<\/strong> Guly\u00e1s<\/br><\/p>\n","protected":false},"excerpt":{"rendered":"<p>K\u00e1sva, 1852. febr. 12., \u2020\u00a0? : g\u00f6r. kat. lelk\u00e9sz. \u2013 Tanulm\u00e1nyait Bal\u00e1zsfalv\u00e1n v\u00e9gezve papp\u00e1 szentelt\u00e9k (1880). Fels\u0151b\u00f6lk\u00e9nyi adminisztr\u00e1tor majd mez\u0151kem\u00e9nytelki pl\u00e9b\u00e1nos (1889\u2013). Cikkei a Gazeta Transilvaniei lapban jelentek meg. Irod.: Guly\u00e1s<\/p>\n","protected":false},"featured_media":0,"comment_status":"open","ping_status":"closed","template":"","meta":[],"product_brand":[],"product_cat":[137],"product_tag":[],"class_list":{"0":"post-9698","1":"product","2":"type-product","3":"status-publish","5":"product_cat-maros-megyei-eletrajzi-lexikon","7":"first","8":"instock","9":"shipping-taxable","10":"product-type-simple"},"_links":{"self":[{"href":"https:\/\/uj.adatbank.ro\/lexikon\/wp-json\/wp\/v2\/product\/9698","targetHints":{"allow":["GET"]}}],"collection":[{"href":"https:\/\/uj.adatbank.ro\/lexikon\/wp-json\/wp\/v2\/product"}],"about":[{"href":"https:\/\/uj.adatbank.ro\/lexikon\/wp-json\/wp\/v2\/types\/product"}],"replies":[{"embeddable":true,"href":"https:\/\/uj.adatbank.ro\/lexikon\/wp-json\/wp\/v2\/comments?post=9698"}],"wp:attachment":[{"href":"https:\/\/uj.adatbank.ro\/lexikon\/wp-json\/wp\/v2\/media?parent=9698"}],"wp:term":[{"taxonomy":"product_brand","embeddable":true,"href":"https:\/\/uj.adatbank.ro\/lexikon\/wp-json\/wp\/v2\/product_brand?post=9698"},{"taxonomy":"product_cat","embeddable":true,"href":"https:\/\/uj.adatbank.ro\/lexikon\/wp-json\/wp\/v2\/product_cat?post=9698"},{"taxonomy":"product_tag","embeddable":true,"href":"https:\/\/uj.adatbank.ro\/lexikon\/wp-json\/wp\/v2\/product_tag?post=9698"}],"curies":[{"name":"wp","href":"https:\/\/api.w.org\/{rel}","templated":true}]}}