{"id":9700,"date":"2025-06-29T12:54:04","date_gmt":"2025-06-29T10:54:04","guid":{"rendered":"https:\/\/uj.adatbank.ro\/lexikon\/termek\/hartmann-antal\/"},"modified":"2025-06-29T12:54:04","modified_gmt":"2025-06-29T10:54:04","slug":"hartmann-antal","status":"publish","type":"product","link":"https:\/\/uj.adatbank.ro\/lexikon\/termek\/hartmann-antal\/","title":{"rendered":"HARTMANN Antal"},"content":{"rendered":"<p>Kv., 1773., \u2020\u00a01821. k.: k\u0151farag\u00f3. \u2013 Gottfried Hartmann fia. \u2013 A mv.-i Kendeffy h\u00e1z sz\u00e1m\u00e1ra 25 szek\u00e9rn\u00e9l t\u00f6bb faragott k\u00f6vet k\u00e9sz\u00edtett (1804), a koronkai Toldalagi kast\u00e9ly k\u0151farag\u00f3-munk\u00e1it is \u0151 k\u00e9sz\u00edtette (1805). <br \/><strong>Irod.:<\/strong> B. Nagy Margit 1970<\/br><\/p>\n","protected":false},"excerpt":{"rendered":"<p>Kv., 1773., \u2020\u00a01821. k.: k\u0151farag\u00f3. \u2013 Gottfried Hartmann fia. \u2013 A mv.-i Kendeffy h\u00e1z sz\u00e1m\u00e1ra 25 szek\u00e9rn\u00e9l t\u00f6bb faragott k\u00f6vet k\u00e9sz\u00edtett (1804), a koronkai Toldalagi kast\u00e9ly k\u0151farag\u00f3-munk\u00e1it is \u0151 k\u00e9sz\u00edtette (1805). Irod.: B. Nagy Margit 1970<\/p>\n","protected":false},"featured_media":0,"comment_status":"open","ping_status":"closed","template":"","meta":[],"product_brand":[],"product_cat":[137],"product_tag":[],"class_list":{"0":"post-9700","1":"product","2":"type-product","3":"status-publish","5":"product_cat-maros-megyei-eletrajzi-lexikon","7":"first","8":"instock","9":"shipping-taxable","10":"product-type-simple"},"_links":{"self":[{"href":"https:\/\/uj.adatbank.ro\/lexikon\/wp-json\/wp\/v2\/product\/9700","targetHints":{"allow":["GET"]}}],"collection":[{"href":"https:\/\/uj.adatbank.ro\/lexikon\/wp-json\/wp\/v2\/product"}],"about":[{"href":"https:\/\/uj.adatbank.ro\/lexikon\/wp-json\/wp\/v2\/types\/product"}],"replies":[{"embeddable":true,"href":"https:\/\/uj.adatbank.ro\/lexikon\/wp-json\/wp\/v2\/comments?post=9700"}],"wp:attachment":[{"href":"https:\/\/uj.adatbank.ro\/lexikon\/wp-json\/wp\/v2\/media?parent=9700"}],"wp:term":[{"taxonomy":"product_brand","embeddable":true,"href":"https:\/\/uj.adatbank.ro\/lexikon\/wp-json\/wp\/v2\/product_brand?post=9700"},{"taxonomy":"product_cat","embeddable":true,"href":"https:\/\/uj.adatbank.ro\/lexikon\/wp-json\/wp\/v2\/product_cat?post=9700"},{"taxonomy":"product_tag","embeddable":true,"href":"https:\/\/uj.adatbank.ro\/lexikon\/wp-json\/wp\/v2\/product_tag?post=9700"}],"curies":[{"name":"wp","href":"https:\/\/api.w.org\/{rel}","templated":true}]}}