{"id":9702,"date":"2025-06-29T12:54:09","date_gmt":"2025-06-29T10:54:09","guid":{"rendered":"https:\/\/uj.adatbank.ro\/lexikon\/termek\/hartmann-johann\/"},"modified":"2025-06-29T12:54:09","modified_gmt":"2025-06-29T10:54:09","slug":"hartmann-johann","status":"publish","type":"product","link":"https:\/\/uj.adatbank.ro\/lexikon\/termek\/hartmann-johann\/","title":{"rendered":"HARTMANN Johann"},"content":{"rendered":"<p>? \u2020\u00a0? : f\u00f6ldbirtokos. \u2013 H\u00e9turon birtok\u00e1b\u00f3l kisaj\u00e1t\u00edtottak h\u00e1rom holdat \u00e9s 1200 n\u00f6. -t. Cser\u00e9be az Ev. Egyh\u00e1z f\u00f6ldjeib\u0151l juttattak neki (1923). Kisaj\u00e1t\u00edtott f\u00f6ldjein lak\u00f3h\u00e1zakat \u00e9s ort. templomot \u00e9p\u00edtettek. A kisaj\u00e1t\u00edt\u00e1s 1928-t\u00f3l l\u00e9pett \u00e9letbe. <br \/><strong>Irod.:<\/strong> Prozan<\/br><\/p>\n","protected":false},"excerpt":{"rendered":"<p>? \u2020\u00a0? : f\u00f6ldbirtokos. \u2013 H\u00e9turon birtok\u00e1b\u00f3l kisaj\u00e1t\u00edtottak h\u00e1rom holdat \u00e9s 1200 n\u00f6. -t. Cser\u00e9be az Ev. Egyh\u00e1z f\u00f6ldjeib\u0151l juttattak neki (1923). Kisaj\u00e1t\u00edtott f\u00f6ldjein lak\u00f3h\u00e1zakat \u00e9s ort. templomot \u00e9p\u00edtettek. A kisaj\u00e1t\u00edt\u00e1s 1928-t\u00f3l l\u00e9pett \u00e9letbe. Irod.: Prozan<\/p>\n","protected":false},"featured_media":0,"comment_status":"open","ping_status":"closed","template":"","meta":[],"product_brand":[],"product_cat":[137],"product_tag":[],"class_list":{"0":"post-9702","1":"product","2":"type-product","3":"status-publish","5":"product_cat-maros-megyei-eletrajzi-lexikon","7":"first","8":"instock","9":"shipping-taxable","10":"product-type-simple"},"_links":{"self":[{"href":"https:\/\/uj.adatbank.ro\/lexikon\/wp-json\/wp\/v2\/product\/9702","targetHints":{"allow":["GET"]}}],"collection":[{"href":"https:\/\/uj.adatbank.ro\/lexikon\/wp-json\/wp\/v2\/product"}],"about":[{"href":"https:\/\/uj.adatbank.ro\/lexikon\/wp-json\/wp\/v2\/types\/product"}],"replies":[{"embeddable":true,"href":"https:\/\/uj.adatbank.ro\/lexikon\/wp-json\/wp\/v2\/comments?post=9702"}],"wp:attachment":[{"href":"https:\/\/uj.adatbank.ro\/lexikon\/wp-json\/wp\/v2\/media?parent=9702"}],"wp:term":[{"taxonomy":"product_brand","embeddable":true,"href":"https:\/\/uj.adatbank.ro\/lexikon\/wp-json\/wp\/v2\/product_brand?post=9702"},{"taxonomy":"product_cat","embeddable":true,"href":"https:\/\/uj.adatbank.ro\/lexikon\/wp-json\/wp\/v2\/product_cat?post=9702"},{"taxonomy":"product_tag","embeddable":true,"href":"https:\/\/uj.adatbank.ro\/lexikon\/wp-json\/wp\/v2\/product_tag?post=9702"}],"curies":[{"name":"wp","href":"https:\/\/api.w.org\/{rel}","templated":true}]}}