{"id":9705,"date":"2025-06-29T12:54:16","date_gmt":"2025-06-29T10:54:16","guid":{"rendered":"https:\/\/uj.adatbank.ro\/lexikon\/termek\/hartmann-tivadar-mihaly\/"},"modified":"2025-06-29T12:54:16","modified_gmt":"2025-06-29T10:54:16","slug":"hartmann-tivadar-mihaly","status":"publish","type":"product","link":"https:\/\/uj.adatbank.ro\/lexikon\/termek\/hartmann-tivadar-mihaly\/","title":{"rendered":"HARTMANN Tivadar Mih\u00e1ly"},"content":{"rendered":"<p>Fogaras, 1874. m\u00e1j. 31., \u2020 Segesv\u00e1r, 1944. \u00e1pr. 15.: h\u00e1zf\u0151n\u00f6k. \u2013 A teol. -t Vajdahunyadon, a tan\u00edt\u00f3k\u00e9pz\u0151t D\u00e9v\u00e1n v\u00e9gezte. Bel\u00e9pett a rendbe (1892), \u00fcnnepi fogadalmat tett (1896), r. k. papp\u00e1 szentelt\u00e9k (1897). Mv.-en k\u00e1pl\u00e1n \u00e9s tan\u00edt\u00f3, Sz\u00e1rhegyen h\u00e1zf\u0151n\u00f6k \u00e9s tan\u00edt\u00f3, K\u0151halomban h\u00e1zf\u0151n\u00f6k \u00e9s pl\u00e9b\u00e1nos, Fogarason h\u00e1zf\u0151n\u00f6k \u00e9s pl\u00e9b\u00e1nos, a M. P\u00e1rt \u00e9s a v\u00e1rosi tan\u00e1cs tagja. Hal\u00e1la el\u0151tt Magyarzs\u00e1kodon adm. (1943\u201344). Vall\u00e1si t\u00e9m\u00e1kr\u00f3l cikkeket \u00edrt az erd\u00e9lyi lapokba. <br \/><strong>Irod.:<\/strong> Maros-k\u00fck\u00fcll\u0151i f\u0151esp.; MKL<\/br><\/p>\n","protected":false},"excerpt":{"rendered":"<p>Fogaras, 1874. m\u00e1j. 31., \u2020 Segesv\u00e1r, 1944. \u00e1pr. 15.: h\u00e1zf\u0151n\u00f6k. \u2013 A teol. -t Vajdahunyadon, a tan\u00edt\u00f3k\u00e9pz\u0151t D\u00e9v\u00e1n v\u00e9gezte. Bel\u00e9pett a rendbe (1892), \u00fcnnepi fogadalmat tett (1896), r. k. papp\u00e1 szentelt\u00e9k (1897). Mv.-en k\u00e1pl\u00e1n \u00e9s tan\u00edt\u00f3, Sz\u00e1rhegyen h\u00e1zf\u0151n\u00f6k \u00e9s tan\u00edt\u00f3, K\u0151halomban h\u00e1zf\u0151n\u00f6k \u00e9s pl\u00e9b\u00e1nos, Fogarason h\u00e1zf\u0151n\u00f6k \u00e9s pl\u00e9b\u00e1nos, a M. P\u00e1rt \u00e9s a v\u00e1rosi tan\u00e1cs [&hellip;]<\/p>\n","protected":false},"featured_media":0,"comment_status":"open","ping_status":"closed","template":"","meta":[],"product_brand":[],"product_cat":[137],"product_tag":[],"class_list":{"0":"post-9705","1":"product","2":"type-product","3":"status-publish","5":"product_cat-maros-megyei-eletrajzi-lexikon","7":"first","8":"instock","9":"shipping-taxable","10":"product-type-simple"},"_links":{"self":[{"href":"https:\/\/uj.adatbank.ro\/lexikon\/wp-json\/wp\/v2\/product\/9705","targetHints":{"allow":["GET"]}}],"collection":[{"href":"https:\/\/uj.adatbank.ro\/lexikon\/wp-json\/wp\/v2\/product"}],"about":[{"href":"https:\/\/uj.adatbank.ro\/lexikon\/wp-json\/wp\/v2\/types\/product"}],"replies":[{"embeddable":true,"href":"https:\/\/uj.adatbank.ro\/lexikon\/wp-json\/wp\/v2\/comments?post=9705"}],"wp:attachment":[{"href":"https:\/\/uj.adatbank.ro\/lexikon\/wp-json\/wp\/v2\/media?parent=9705"}],"wp:term":[{"taxonomy":"product_brand","embeddable":true,"href":"https:\/\/uj.adatbank.ro\/lexikon\/wp-json\/wp\/v2\/product_brand?post=9705"},{"taxonomy":"product_cat","embeddable":true,"href":"https:\/\/uj.adatbank.ro\/lexikon\/wp-json\/wp\/v2\/product_cat?post=9705"},{"taxonomy":"product_tag","embeddable":true,"href":"https:\/\/uj.adatbank.ro\/lexikon\/wp-json\/wp\/v2\/product_tag?post=9705"}],"curies":[{"name":"wp","href":"https:\/\/api.w.org\/{rel}","templated":true}]}}