{"id":9708,"date":"2025-06-29T12:54:21","date_gmt":"2025-06-29T10:54:21","guid":{"rendered":"https:\/\/uj.adatbank.ro\/lexikon\/termek\/hary-gyula\/"},"modified":"2025-06-29T12:54:21","modified_gmt":"2025-06-29T10:54:21","slug":"hary-gyula","status":"publish","type":"product","link":"https:\/\/uj.adatbank.ro\/lexikon\/termek\/hary-gyula\/","title":{"rendered":"H\u00c1RY Gyula"},"content":{"rendered":"<p>? \u2020\u00a0?: \u2013 <strong>F. m.:<\/strong> <strong>antol\u00f3g.:<\/strong> Az Osztr\u00e1k-M. Monarchia \u00edr\u00e1sban \u00e9s k\u00e9pben 20. k\u00f6t.: Mayaro. (Bp., 1886\u2013), Ill.: Mv.: A v\u00e1r \u00e9s a ref. templom, a Ref. Koll., a Teleki K\u00f6nyvt\u00e1r nagy terme, f\u0151tere; Segesv\u00e1r: f\u0151tere, Pet\u0151fi szobor, a v\u00e1r.; Chernel Istv\u00e1n: Mo. madarai k\u00fcl\u00f6n\u00f6s tekintettel gazdas\u00e1gi jelent\u0151s\u00e9g\u00f6kre. K\u00e9pekkel ell\u00e1tta H. Gy. (Bp., 1899). <br \/><strong>Irod.:<\/strong> F\u00fcl\u00f6p\u2013Ferencz<\/br><\/p>\n","protected":false},"excerpt":{"rendered":"<p>? \u2020\u00a0?: \u2013 F. m.: antol\u00f3g.: Az Osztr\u00e1k-M. Monarchia \u00edr\u00e1sban \u00e9s k\u00e9pben 20. k\u00f6t.: Mayaro. (Bp., 1886\u2013), Ill.: Mv.: A v\u00e1r \u00e9s a ref. templom, a Ref. Koll., a Teleki K\u00f6nyvt\u00e1r nagy terme, f\u0151tere; Segesv\u00e1r: f\u0151tere, Pet\u0151fi szobor, a v\u00e1r.; Chernel Istv\u00e1n: Mo. madarai k\u00fcl\u00f6n\u00f6s tekintettel gazdas\u00e1gi jelent\u0151s\u00e9g\u00f6kre. K\u00e9pekkel ell\u00e1tta H. Gy. (Bp., 1899). Irod.: [&hellip;]<\/p>\n","protected":false},"featured_media":0,"comment_status":"open","ping_status":"closed","template":"","meta":[],"product_brand":[],"product_cat":[137],"product_tag":[],"class_list":{"0":"post-9708","1":"product","2":"type-product","3":"status-publish","5":"product_cat-maros-megyei-eletrajzi-lexikon","7":"first","8":"instock","9":"shipping-taxable","10":"product-type-simple"},"_links":{"self":[{"href":"https:\/\/uj.adatbank.ro\/lexikon\/wp-json\/wp\/v2\/product\/9708","targetHints":{"allow":["GET"]}}],"collection":[{"href":"https:\/\/uj.adatbank.ro\/lexikon\/wp-json\/wp\/v2\/product"}],"about":[{"href":"https:\/\/uj.adatbank.ro\/lexikon\/wp-json\/wp\/v2\/types\/product"}],"replies":[{"embeddable":true,"href":"https:\/\/uj.adatbank.ro\/lexikon\/wp-json\/wp\/v2\/comments?post=9708"}],"wp:attachment":[{"href":"https:\/\/uj.adatbank.ro\/lexikon\/wp-json\/wp\/v2\/media?parent=9708"}],"wp:term":[{"taxonomy":"product_brand","embeddable":true,"href":"https:\/\/uj.adatbank.ro\/lexikon\/wp-json\/wp\/v2\/product_brand?post=9708"},{"taxonomy":"product_cat","embeddable":true,"href":"https:\/\/uj.adatbank.ro\/lexikon\/wp-json\/wp\/v2\/product_cat?post=9708"},{"taxonomy":"product_tag","embeddable":true,"href":"https:\/\/uj.adatbank.ro\/lexikon\/wp-json\/wp\/v2\/product_tag?post=9708"}],"curies":[{"name":"wp","href":"https:\/\/api.w.org\/{rel}","templated":true}]}}